{"id":1031,"date":"2015-10-28T09:44:38","date_gmt":"2015-10-28T08:44:38","guid":{"rendered":"http:\/\/intersport-wagrain.at.w013c6ca.kasserver.com\/nl\/test-2\/"},"modified":"2015-10-28T09:44:38","modified_gmt":"2015-10-28T08:44:38","slug":"test-2","status":"publish","type":"page","link":"https:\/\/www.intersport-wagrain.at\/nl\/test-2\/","title":{"rendered":"Vorlage 2"},"content":{"rendered":"<div class=\"wpb-content-wrapper\"><p>[vc_row][vc_column][vc_column_text]<\/p>\n<h1>Ich bin eine \u00dcberschrift<\/h1>\n<p>[\/vc_column_text][vc_column_text]Ma\u00dfgeschneiderte Skischuhe &#8211; Skistiefel bei Intersport Rent Wagrain. Keine Fu\u00dfschmerzen mehr beim Skifahren und Snowboarden! Perfekte Ma\u00dfskischuhe vom Fachh\u00e4ndler dank computergesteuerter Fu\u00dfanalyse, individuellem Fu\u00dfbett, sowie Dehnen und Strecken von Skischuhen.[\/vc_column_text][\/vc_column][\/vc_row][vc_row][vc_column width=&#8221;1\/3&#8243;][vc_single_image image=&#8221;20&#8243; img_size=&#8221;medium&#8221; onclick=&#8221;link_image&#8221;][\/vc_column][vc_column width=&#8221;1\/3&#8243;][vc_column_text]Ich bin ein Textblock. Klicken Sie auf den Bearbeiten Button um diesen Text zu \u00e4ndern. Lorem ipsum dolor sit amet, consectetur adipiscing elit. Ut elit tellus, luctus nec ullamcorper mattis, pulvinar dapibus leo.[\/vc_column_text][\/vc_column][vc_column width=&#8221;1\/3&#8243;][vc_column_text]Ich bin ein Textblock. Klicken Sie auf den Bearbeiten Button um diesen Text zu \u00e4ndern. Lorem ipsum dolor sit amet, consectetur adipiscing elit. Ut elit tellus, luctus nec ullamcorper mattis, pulvinar dapibus leo.[\/vc_column_text][\/vc_column][\/vc_row]<\/p>\n<\/div>","protected":false},"excerpt":{"rendered":"<p>[vc_row][vc_column][vc_column_text] Ich bin eine \u00dcberschrift [\/vc_column_text][vc_column_text]Ma\u00dfgeschneiderte Skischuhe &#8211; Skistiefel bei Intersport Rent Wagrain. Keine Fu\u00dfschmerzen mehr beim Skifahren und Snowboarden! Perfekte Ma\u00dfskischuhe vom Fachh\u00e4ndler dank computergesteuerter Fu\u00dfanalyse, individuellem Fu\u00dfbett, sowie Dehnen und Strecken von Skischuhen.[\/vc_column_text][\/vc_column][\/vc_row][vc_row][vc_column width=&#8221;1\/3&#8243;][vc_single_image image=&#8221;20&#8243; img_size=&#8221;medium&#8221; onclick=&#8221;link_image&#8221;][\/vc_column][vc_column width=&#8221;1\/3&#8243;][vc_column_text]Ich bin ein Textblock. Klicken Sie auf den Bearbeiten Button um diesen Text zu \u00e4ndern. Lorem &hellip;<\/p>\n\n<p><a class=\"readmore btn btn-default btn-default btn-block\" href=\"https:\/\/www.intersport-wagrain.at\/nl\/test-2\/\">Read More<\/a><\/p>","protected":false},"author":1,"featured_media":0,"parent":0,"menu_order":39,"comment_status":"closed","ping_status":"closed","template":"","meta":{"footnotes":""},"class_list":["post-1031","page","type-page","status-publish","hentry"],"yoast_head":"<!-- This site is optimized with the Yoast SEO plugin v26.5 - https:\/\/yoast.com\/wordpress\/plugins\/seo\/ -->\n<title>Vorlage 2 - Intersport Wagrain<\/title>\n<meta name=\"robots\" content=\"index, follow, max-snippet:-1, max-image-preview:large, max-video-preview:-1\" \/>\n<link rel=\"canonical\" href=\"https:\/\/www.intersport-wagrain.at\/nl\/test-2\/\" \/>\n<meta property=\"og:locale\" content=\"nl_NL\" \/>\n<meta property=\"og:type\" content=\"article\" \/>\n<meta property=\"og:title\" content=\"Vorlage 2 - Intersport Wagrain\" \/>\n<meta property=\"og:description\" content=\"[vc_row][vc_column][vc_column_text] Ich bin eine \u00dcberschrift [\/vc_column_text][vc_column_text]Ma\u00dfgeschneiderte Skischuhe &#8211; Skistiefel bei Intersport Rent Wagrain. Keine Fu\u00dfschmerzen mehr beim Skifahren und Snowboarden! Perfekte Ma\u00dfskischuhe vom Fachh\u00e4ndler dank computergesteuerter Fu\u00dfanalyse, individuellem Fu\u00dfbett, sowie Dehnen und Strecken von Skischuhen.[\/vc_column_text][\/vc_column][\/vc_row][vc_row][vc_column width=&#8221;1\/3&#8243;][vc_single_image image=&#8221;20&#8243; img_size=&#8221;medium&#8221; onclick=&#8221;link_image&#8221;][\/vc_column][vc_column width=&#8221;1\/3&#8243;][vc_column_text]Ich bin ein Textblock. Klicken Sie auf den Bearbeiten Button um diesen Text zu \u00e4ndern. Lorem &hellip;\" \/>\n<meta property=\"og:url\" content=\"https:\/\/www.intersport-wagrain.at\/nl\/test-2\/\" \/>\n<meta property=\"og:site_name\" content=\"Intersport Wagrain\" \/>\n<meta name=\"twitter:card\" content=\"summary_large_image\" \/>\n<meta name=\"twitter:label1\" content=\"Geschatte leestijd\" \/>\n\t<meta name=\"twitter:data1\" content=\"1 minuut\" \/>\n<script type=\"application\/ld+json\" class=\"yoast-schema-graph\">{\"@context\":\"https:\/\/schema.org\",\"@graph\":[{\"@type\":\"WebPage\",\"@id\":\"https:\/\/www.intersport-wagrain.at\/nl\/test-2\/\",\"url\":\"https:\/\/www.intersport-wagrain.at\/nl\/test-2\/\",\"name\":\"Vorlage 2 - Intersport Wagrain\",\"isPartOf\":{\"@id\":\"https:\/\/www.intersport-wagrain.at\/#website\"},\"datePublished\":\"2015-10-28T08:44:38+00:00\",\"breadcrumb\":{\"@id\":\"https:\/\/www.intersport-wagrain.at\/nl\/test-2\/#breadcrumb\"},\"inLanguage\":\"nl-NL\",\"potentialAction\":[{\"@type\":\"ReadAction\",\"target\":[\"https:\/\/www.intersport-wagrain.at\/nl\/test-2\/\"]}]},{\"@type\":\"BreadcrumbList\",\"@id\":\"https:\/\/www.intersport-wagrain.at\/nl\/test-2\/#breadcrumb\",\"itemListElement\":[{\"@type\":\"ListItem\",\"position\":1,\"name\":\"Startseite\",\"item\":\"https:\/\/www.intersport-wagrain.at\/nl\/\"},{\"@type\":\"ListItem\",\"position\":2,\"name\":\"Vorlage 2\"}]},{\"@type\":\"WebSite\",\"@id\":\"https:\/\/www.intersport-wagrain.at\/#website\",\"url\":\"https:\/\/www.intersport-wagrain.at\/\",\"name\":\"Intersport Wagrain\",\"description\":\"Skiverleih, Ski Service - Sportshop in Wagrain\",\"potentialAction\":[{\"@type\":\"SearchAction\",\"target\":{\"@type\":\"EntryPoint\",\"urlTemplate\":\"https:\/\/www.intersport-wagrain.at\/?s={search_term_string}\"},\"query-input\":{\"@type\":\"PropertyValueSpecification\",\"valueRequired\":true,\"valueName\":\"search_term_string\"}}],\"inLanguage\":\"nl-NL\"}]}<\/script>\n<!-- \/ Yoast SEO plugin. -->","yoast_head_json":{"title":"Vorlage 2 - Intersport Wagrain","robots":{"index":"index","follow":"follow","max-snippet":"max-snippet:-1","max-image-preview":"max-image-preview:large","max-video-preview":"max-video-preview:-1"},"canonical":"https:\/\/www.intersport-wagrain.at\/nl\/test-2\/","og_locale":"nl_NL","og_type":"article","og_title":"Vorlage 2 - Intersport Wagrain","og_description":"[vc_row][vc_column][vc_column_text] Ich bin eine \u00dcberschrift [\/vc_column_text][vc_column_text]Ma\u00dfgeschneiderte Skischuhe &#8211; Skistiefel bei Intersport Rent Wagrain. Keine Fu\u00dfschmerzen mehr beim Skifahren und Snowboarden! Perfekte Ma\u00dfskischuhe vom Fachh\u00e4ndler dank computergesteuerter Fu\u00dfanalyse, individuellem Fu\u00dfbett, sowie Dehnen und Strecken von Skischuhen.[\/vc_column_text][\/vc_column][\/vc_row][vc_row][vc_column width=&#8221;1\/3&#8243;][vc_single_image image=&#8221;20&#8243; img_size=&#8221;medium&#8221; onclick=&#8221;link_image&#8221;][\/vc_column][vc_column width=&#8221;1\/3&#8243;][vc_column_text]Ich bin ein Textblock. Klicken Sie auf den Bearbeiten Button um diesen Text zu \u00e4ndern. Lorem &hellip;","og_url":"https:\/\/www.intersport-wagrain.at\/nl\/test-2\/","og_site_name":"Intersport Wagrain","twitter_card":"summary_large_image","twitter_misc":{"Geschatte leestijd":"1 minuut"},"schema":{"@context":"https:\/\/schema.org","@graph":[{"@type":"WebPage","@id":"https:\/\/www.intersport-wagrain.at\/nl\/test-2\/","url":"https:\/\/www.intersport-wagrain.at\/nl\/test-2\/","name":"Vorlage 2 - Intersport Wagrain","isPartOf":{"@id":"https:\/\/www.intersport-wagrain.at\/#website"},"datePublished":"2015-10-28T08:44:38+00:00","breadcrumb":{"@id":"https:\/\/www.intersport-wagrain.at\/nl\/test-2\/#breadcrumb"},"inLanguage":"nl-NL","potentialAction":[{"@type":"ReadAction","target":["https:\/\/www.intersport-wagrain.at\/nl\/test-2\/"]}]},{"@type":"BreadcrumbList","@id":"https:\/\/www.intersport-wagrain.at\/nl\/test-2\/#breadcrumb","itemListElement":[{"@type":"ListItem","position":1,"name":"Startseite","item":"https:\/\/www.intersport-wagrain.at\/nl\/"},{"@type":"ListItem","position":2,"name":"Vorlage 2"}]},{"@type":"WebSite","@id":"https:\/\/www.intersport-wagrain.at\/#website","url":"https:\/\/www.intersport-wagrain.at\/","name":"Intersport Wagrain","description":"Skiverleih, Ski Service - Sportshop in Wagrain","potentialAction":[{"@type":"SearchAction","target":{"@type":"EntryPoint","urlTemplate":"https:\/\/www.intersport-wagrain.at\/?s={search_term_string}"},"query-input":{"@type":"PropertyValueSpecification","valueRequired":true,"valueName":"search_term_string"}}],"inLanguage":"nl-NL"}]}},"_links":{"self":[{"href":"https:\/\/www.intersport-wagrain.at\/nl\/wp-json\/wp\/v2\/pages\/1031","targetHints":{"allow":["GET"]}}],"collection":[{"href":"https:\/\/www.intersport-wagrain.at\/nl\/wp-json\/wp\/v2\/pages"}],"about":[{"href":"https:\/\/www.intersport-wagrain.at\/nl\/wp-json\/wp\/v2\/types\/page"}],"author":[{"embeddable":true,"href":"https:\/\/www.intersport-wagrain.at\/nl\/wp-json\/wp\/v2\/users\/1"}],"replies":[{"embeddable":true,"href":"https:\/\/www.intersport-wagrain.at\/nl\/wp-json\/wp\/v2\/comments?post=1031"}],"version-history":[{"count":0,"href":"https:\/\/www.intersport-wagrain.at\/nl\/wp-json\/wp\/v2\/pages\/1031\/revisions"}],"wp:attachment":[{"href":"https:\/\/www.intersport-wagrain.at\/nl\/wp-json\/wp\/v2\/media?parent=1031"}],"curies":[{"name":"wp","href":"https:\/\/api.w.org\/{rel}","templated":true}]}}