{"id":1019,"date":"2015-10-30T13:04:26","date_gmt":"2015-10-30T12:04:26","guid":{"rendered":"http:\/\/intersport-wagrain.at.w013c6ca.kasserver.com\/nl\/kontakt\/"},"modified":"2022-08-24T15:36:16","modified_gmt":"2022-08-24T13:36:16","slug":"contact","status":"publish","type":"page","link":"https:\/\/www.intersport-wagrain.at\/nl\/contact\/","title":{"rendered":"Contact"},"content":{"rendered":"<div class=\"wpb-content-wrapper\"><p>[vc_row][vc_column][vc_column_text]<\/p>\n<h1>Plaats &amp; Nadering &#8211; Intersport Wagrain<\/h1>\n<p>[\/vc_column_text][\/vc_column][\/vc_row][vc_row el_class=&#8221;hintergrund-blau&#8221;][vc_column width=&#8221;1\/3&#8243;][vc_single_image image=&#8221;178&#8243; img_size=&#8221;small&#8221; add_caption=&#8221;yes&#8221; style=&#8221;vc_box_shadow_border&#8221;][\/vc_column][vc_column width=&#8221;1\/3&#8243;][vc_column_text]<\/p>\n<h5>Intersport Wagrain<\/h5>\n<p>Moad\u00f6rfl 67<br \/>\nA-5602 Wagrain<br \/>\nTel.: +43 6413 20150<br \/>\nFax: +43 6413 20155<br \/>\n<a href=\"mailto:info@intersport-wagrain.at\">info@intersport-wagrain.at<\/a><\/p>\n<p>[\/vc_column_text][\/vc_column][vc_column width=&#8221;1\/3&#8243;][vc_column_text]<\/p>\n<h5>Openingstijden:\u00a0(Start 03.12.2021)<\/h5>\n<p>Maandag tot zondag: 8.15 &#8211; 17.30 uur[\/vc_column_text][\/vc_column][\/vc_row][vc_row][vc_column width=&#8221;1\/2&#8243;][vc_column_text css=&#8221;.vc_custom_1476718267512{margin-bottom: 20px !important;}&#8221;]<\/p>\n<h4>Routebeschrijving:<\/h4>\n<p>[\/vc_column_text][vc_column_text]<\/p>\n<ul>\n<li>A10 Tauernautobahn<\/li>\n<li>afslag Flachau (exit 66)<\/li>\n<li>richting Wagrain<\/li>\n<li>bij beide rotondes rechtdoor<\/li>\n<li>na de 2e rotonde noch ca. 3 km<\/li>\n<li>vervolgens linksaf naar de rode 8er, Wagrainer H\u00f6hebahn<\/li>\n<\/ul>\n<p>[\/vc_column_text][\/vc_column][vc_column width=&#8221;1\/2&#8243;][vc_column_text css=&#8221;.vc_custom_1446207188735{margin-bottom: 20px !important;}&#8221;]<\/p>\n<h4>Lage &amp; Anreise<\/h4>\n<p>[\/vc_column_text][vc_column_text]Die GPS-Daten f\u00fcr Ihr Navigationsger\u00e4t (UTM) lauten: Breitengrad: 47.3576676, L\u00e4ngengrad: 13.3429553.[\/vc_column_text][\/vc_column][\/vc_row][vc_row][vc_column][\/vc_column][\/vc_row][vc_row][vc_column][\/vc_column][\/vc_row]<\/p>\n<\/div>","protected":false},"excerpt":{"rendered":"<p>[vc_row][vc_column][vc_column_text] Plaats &amp; Nadering &#8211; Intersport Wagrain [\/vc_column_text][\/vc_column][\/vc_row][vc_row el_class=&#8221;hintergrund-blau&#8221;][vc_column width=&#8221;1\/3&#8243;][vc_single_image image=&#8221;178&#8243; img_size=&#8221;small&#8221; add_caption=&#8221;yes&#8221; style=&#8221;vc_box_shadow_border&#8221;][\/vc_column][vc_column width=&#8221;1\/3&#8243;][vc_column_text] Intersport Wagrain Moad\u00f6rfl 67 A-5602 Wagrain Tel.: +43 6413 20150 Fax: +43 6413 20155 info@intersport-wagrain.at [\/vc_column_text][\/vc_column][vc_column width=&#8221;1\/3&#8243;][vc_column_text] Openingstijden:\u00a0(Start 03.12.2021) Maandag tot zondag: 8.15 &#8211; 17.30 uur[\/vc_column_text][\/vc_column][\/vc_row][vc_row][vc_column width=&#8221;1\/2&#8243;][vc_column_text css=&#8221;.vc_custom_1476718267512{margin-bottom: 20px !important;}&#8221;] Routebeschrijving: [\/vc_column_text][vc_column_text] A10 Tauernautobahn afslag Flachau (exit 66) richting Wagrain &hellip;<\/p>\n\n<p><a class=\"readmore btn btn-default btn-default btn-block\" href=\"https:\/\/www.intersport-wagrain.at\/nl\/contact\/\">Read More<\/a><\/p>","protected":false},"author":1,"featured_media":0,"parent":0,"menu_order":39,"comment_status":"closed","ping_status":"closed","template":"","meta":{"footnotes":""},"class_list":["post-1019","page","type-page","status-publish","hentry"],"yoast_head":"<!-- This site is optimized with the Yoast SEO plugin v26.5 - https:\/\/yoast.com\/wordpress\/plugins\/seo\/ -->\n<title>Contact - Intersport Wagrain<\/title>\n<meta name=\"robots\" content=\"index, follow, max-snippet:-1, max-image-preview:large, max-video-preview:-1\" \/>\n<link rel=\"canonical\" href=\"https:\/\/www.intersport-wagrain.at\/nl\/contact\/\" \/>\n<meta property=\"og:locale\" content=\"nl_NL\" \/>\n<meta property=\"og:type\" content=\"article\" \/>\n<meta property=\"og:title\" content=\"Contact - Intersport Wagrain\" \/>\n<meta property=\"og:description\" content=\"[vc_row][vc_column][vc_column_text] Plaats &amp; Nadering &#8211; Intersport Wagrain [\/vc_column_text][\/vc_column][\/vc_row][vc_row el_class=&#8221;hintergrund-blau&#8221;][vc_column width=&#8221;1\/3&#8243;][vc_single_image image=&#8221;178&#8243; img_size=&#8221;small&#8221; add_caption=&#8221;yes&#8221; style=&#8221;vc_box_shadow_border&#8221;][\/vc_column][vc_column width=&#8221;1\/3&#8243;][vc_column_text] Intersport Wagrain Moad\u00f6rfl 67 A-5602 Wagrain Tel.: +43 6413 20150 Fax: +43 6413 20155 info@intersport-wagrain.at [\/vc_column_text][\/vc_column][vc_column width=&#8221;1\/3&#8243;][vc_column_text] Openingstijden:\u00a0(Start 03.12.2021) Maandag tot zondag: 8.15 &#8211; 17.30 uur[\/vc_column_text][\/vc_column][\/vc_row][vc_row][vc_column width=&#8221;1\/2&#8243;][vc_column_text css=&#8221;.vc_custom_1476718267512{margin-bottom: 20px !important;}&#8221;] Routebeschrijving: [\/vc_column_text][vc_column_text] A10 Tauernautobahn afslag Flachau (exit 66) richting Wagrain &hellip;\" \/>\n<meta property=\"og:url\" content=\"https:\/\/www.intersport-wagrain.at\/nl\/contact\/\" \/>\n<meta property=\"og:site_name\" content=\"Intersport Wagrain\" \/>\n<meta property=\"article:modified_time\" content=\"2022-08-24T13:36:16+00:00\" \/>\n<meta name=\"twitter:card\" content=\"summary_large_image\" \/>\n<meta name=\"twitter:label1\" content=\"Geschatte leestijd\" \/>\n\t<meta name=\"twitter:data1\" content=\"1 minuut\" \/>\n<script type=\"application\/ld+json\" class=\"yoast-schema-graph\">{\"@context\":\"https:\/\/schema.org\",\"@graph\":[{\"@type\":\"WebPage\",\"@id\":\"https:\/\/www.intersport-wagrain.at\/nl\/contact\/\",\"url\":\"https:\/\/www.intersport-wagrain.at\/nl\/contact\/\",\"name\":\"Contact - Intersport Wagrain\",\"isPartOf\":{\"@id\":\"https:\/\/www.intersport-wagrain.at\/#website\"},\"datePublished\":\"2015-10-30T12:04:26+00:00\",\"dateModified\":\"2022-08-24T13:36:16+00:00\",\"breadcrumb\":{\"@id\":\"https:\/\/www.intersport-wagrain.at\/nl\/contact\/#breadcrumb\"},\"inLanguage\":\"nl-NL\",\"potentialAction\":[{\"@type\":\"ReadAction\",\"target\":[\"https:\/\/www.intersport-wagrain.at\/nl\/contact\/\"]}]},{\"@type\":\"BreadcrumbList\",\"@id\":\"https:\/\/www.intersport-wagrain.at\/nl\/contact\/#breadcrumb\",\"itemListElement\":[{\"@type\":\"ListItem\",\"position\":1,\"name\":\"Startseite\",\"item\":\"https:\/\/www.intersport-wagrain.at\/nl\/\"},{\"@type\":\"ListItem\",\"position\":2,\"name\":\"Contact\"}]},{\"@type\":\"WebSite\",\"@id\":\"https:\/\/www.intersport-wagrain.at\/#website\",\"url\":\"https:\/\/www.intersport-wagrain.at\/\",\"name\":\"Intersport Wagrain\",\"description\":\"Skiverleih, Ski Service - Sportshop in Wagrain\",\"potentialAction\":[{\"@type\":\"SearchAction\",\"target\":{\"@type\":\"EntryPoint\",\"urlTemplate\":\"https:\/\/www.intersport-wagrain.at\/?s={search_term_string}\"},\"query-input\":{\"@type\":\"PropertyValueSpecification\",\"valueRequired\":true,\"valueName\":\"search_term_string\"}}],\"inLanguage\":\"nl-NL\"}]}<\/script>\n<!-- \/ Yoast SEO plugin. -->","yoast_head_json":{"title":"Contact - Intersport Wagrain","robots":{"index":"index","follow":"follow","max-snippet":"max-snippet:-1","max-image-preview":"max-image-preview:large","max-video-preview":"max-video-preview:-1"},"canonical":"https:\/\/www.intersport-wagrain.at\/nl\/contact\/","og_locale":"nl_NL","og_type":"article","og_title":"Contact - Intersport Wagrain","og_description":"[vc_row][vc_column][vc_column_text] Plaats &amp; Nadering &#8211; Intersport Wagrain [\/vc_column_text][\/vc_column][\/vc_row][vc_row el_class=&#8221;hintergrund-blau&#8221;][vc_column width=&#8221;1\/3&#8243;][vc_single_image image=&#8221;178&#8243; img_size=&#8221;small&#8221; add_caption=&#8221;yes&#8221; style=&#8221;vc_box_shadow_border&#8221;][\/vc_column][vc_column width=&#8221;1\/3&#8243;][vc_column_text] Intersport Wagrain Moad\u00f6rfl 67 A-5602 Wagrain Tel.: +43 6413 20150 Fax: +43 6413 20155 info@intersport-wagrain.at [\/vc_column_text][\/vc_column][vc_column width=&#8221;1\/3&#8243;][vc_column_text] Openingstijden:\u00a0(Start 03.12.2021) Maandag tot zondag: 8.15 &#8211; 17.30 uur[\/vc_column_text][\/vc_column][\/vc_row][vc_row][vc_column width=&#8221;1\/2&#8243;][vc_column_text css=&#8221;.vc_custom_1476718267512{margin-bottom: 20px !important;}&#8221;] Routebeschrijving: [\/vc_column_text][vc_column_text] A10 Tauernautobahn afslag Flachau (exit 66) richting Wagrain &hellip;","og_url":"https:\/\/www.intersport-wagrain.at\/nl\/contact\/","og_site_name":"Intersport Wagrain","article_modified_time":"2022-08-24T13:36:16+00:00","twitter_card":"summary_large_image","twitter_misc":{"Geschatte leestijd":"1 minuut"},"schema":{"@context":"https:\/\/schema.org","@graph":[{"@type":"WebPage","@id":"https:\/\/www.intersport-wagrain.at\/nl\/contact\/","url":"https:\/\/www.intersport-wagrain.at\/nl\/contact\/","name":"Contact - Intersport Wagrain","isPartOf":{"@id":"https:\/\/www.intersport-wagrain.at\/#website"},"datePublished":"2015-10-30T12:04:26+00:00","dateModified":"2022-08-24T13:36:16+00:00","breadcrumb":{"@id":"https:\/\/www.intersport-wagrain.at\/nl\/contact\/#breadcrumb"},"inLanguage":"nl-NL","potentialAction":[{"@type":"ReadAction","target":["https:\/\/www.intersport-wagrain.at\/nl\/contact\/"]}]},{"@type":"BreadcrumbList","@id":"https:\/\/www.intersport-wagrain.at\/nl\/contact\/#breadcrumb","itemListElement":[{"@type":"ListItem","position":1,"name":"Startseite","item":"https:\/\/www.intersport-wagrain.at\/nl\/"},{"@type":"ListItem","position":2,"name":"Contact"}]},{"@type":"WebSite","@id":"https:\/\/www.intersport-wagrain.at\/#website","url":"https:\/\/www.intersport-wagrain.at\/","name":"Intersport Wagrain","description":"Skiverleih, Ski Service - Sportshop in Wagrain","potentialAction":[{"@type":"SearchAction","target":{"@type":"EntryPoint","urlTemplate":"https:\/\/www.intersport-wagrain.at\/?s={search_term_string}"},"query-input":{"@type":"PropertyValueSpecification","valueRequired":true,"valueName":"search_term_string"}}],"inLanguage":"nl-NL"}]}},"_links":{"self":[{"href":"https:\/\/www.intersport-wagrain.at\/nl\/wp-json\/wp\/v2\/pages\/1019","targetHints":{"allow":["GET"]}}],"collection":[{"href":"https:\/\/www.intersport-wagrain.at\/nl\/wp-json\/wp\/v2\/pages"}],"about":[{"href":"https:\/\/www.intersport-wagrain.at\/nl\/wp-json\/wp\/v2\/types\/page"}],"author":[{"embeddable":true,"href":"https:\/\/www.intersport-wagrain.at\/nl\/wp-json\/wp\/v2\/users\/1"}],"replies":[{"embeddable":true,"href":"https:\/\/www.intersport-wagrain.at\/nl\/wp-json\/wp\/v2\/comments?post=1019"}],"version-history":[{"count":3,"href":"https:\/\/www.intersport-wagrain.at\/nl\/wp-json\/wp\/v2\/pages\/1019\/revisions"}],"predecessor-version":[{"id":3080,"href":"https:\/\/www.intersport-wagrain.at\/nl\/wp-json\/wp\/v2\/pages\/1019\/revisions\/3080"}],"wp:attachment":[{"href":"https:\/\/www.intersport-wagrain.at\/nl\/wp-json\/wp\/v2\/media?parent=1019"}],"curies":[{"name":"wp","href":"https:\/\/api.w.org\/{rel}","templated":true}]}}