{"id":985,"date":"2016-01-22T16:53:03","date_gmt":"2016-01-22T15:53:03","guid":{"rendered":"http:\/\/intersport-wagrain.at.w013c6ca.kasserver.com\/en\/vorlage-2\/"},"modified":"2016-01-22T16:53:03","modified_gmt":"2016-01-22T15:53:03","slug":"vorlage-2","status":"publish","type":"page","link":"https:\/\/www.intersport-wagrain.at\/en\/vorlage-2\/","title":{"rendered":"Vorlage 2"},"content":{"rendered":"<div class=\"wpb-content-wrapper\"><p>[vc_row][vc_column][vc_column_text]<\/p>\n<h1>Meine Vorteile 1<\/h1>\n<p>[\/vc_column_text][vc_column_text]Ihre Vorteile, wenn Sie bei uns mieten: Kunden, die bei uns leihen, profitieren von folgenden Vorteilen:[\/vc_column_text][\/vc_column][\/vc_row][vc_row][vc_column width=&#8221;1\/3&#8243;][vc_single_image image=&#8221;519&#8243; img_size=&#8221;small&#8221; style=&#8221;vc_box_rounded&#8221; onclick=&#8221;custom_link&#8221;][\/vc_column][vc_column width=&#8221;1\/3&#8243;][vc_column_text]<strong>EARLY BIRD RABATT:<\/strong> 10% Rabatt f\u00fcr Kunden die bis 3 Tage vor Anreise ihre Ausr\u00fcstung reservieren. Sollten Sie Ihren Urlaub nicht antreten k\u00f6nnen, <strong>keine Stornokosten!<\/strong> Kurze Info an uns gen\u00fcgt.[\/vc_column_text][\/vc_column][vc_column width=&#8221;1\/3&#8243;][vc_column_text]<\/p>\n<ul>\n<li><strong>Kinder leihen GRATIS:<\/strong> Wenn Eltern leihen, erhalten Kinder bis 10 Jahre die Ausr\u00fcstung kostenlos (inkl. Kinderhelm)<\/li>\n<\/ul>\n<ul>\n<li><strong>Spezielle Jugendtarife<\/strong> f\u00fcr Kinder bis 14 Jahre<\/li>\n<\/ul>\n<p>[\/vc_column_text][\/vc_column][\/vc_row]<\/p>\n<\/div>","protected":false},"excerpt":{"rendered":"<p>[vc_row][vc_column][vc_column_text] Meine Vorteile 1 [\/vc_column_text][vc_column_text]Ihre Vorteile, wenn Sie bei uns mieten: Kunden, die bei uns leihen, profitieren von folgenden Vorteilen:[\/vc_column_text][\/vc_column][\/vc_row][vc_row][vc_column width=&#8221;1\/3&#8243;][vc_single_image image=&#8221;519&#8243; img_size=&#8221;small&#8221; style=&#8221;vc_box_rounded&#8221; onclick=&#8221;custom_link&#8221;][\/vc_column][vc_column width=&#8221;1\/3&#8243;][vc_column_text]EARLY BIRD RABATT: 10% Rabatt f\u00fcr Kunden die bis 3 Tage vor Anreise ihre Ausr\u00fcstung reservieren. Sollten Sie Ihren Urlaub nicht antreten k\u00f6nnen, keine Stornokosten! Kurze Info an uns gen\u00fcgt.[\/vc_column_text][\/vc_column][vc_column &hellip;<\/p>\n\n<p><a class=\"readmore btn btn-default btn-default btn-block\" href=\"https:\/\/www.intersport-wagrain.at\/en\/vorlage-2\/\">Read More<\/a><\/p>","protected":false},"author":2,"featured_media":0,"parent":0,"menu_order":37,"comment_status":"closed","ping_status":"closed","template":"","meta":{"footnotes":""},"class_list":["post-985","page","type-page","status-publish","hentry"],"yoast_head":"<!-- This site is optimized with the Yoast SEO plugin v26.5 - https:\/\/yoast.com\/wordpress\/plugins\/seo\/ -->\n<title>Vorlage 2 - Intersport Wagrain<\/title>\n<meta name=\"robots\" content=\"index, follow, max-snippet:-1, max-image-preview:large, max-video-preview:-1\" \/>\n<link rel=\"canonical\" href=\"https:\/\/www.intersport-wagrain.at\/en\/vorlage-2\/\" \/>\n<meta property=\"og:locale\" content=\"en_US\" \/>\n<meta property=\"og:type\" content=\"article\" \/>\n<meta property=\"og:title\" content=\"Vorlage 2 - Intersport Wagrain\" \/>\n<meta property=\"og:description\" content=\"[vc_row][vc_column][vc_column_text] Meine Vorteile 1 [\/vc_column_text][vc_column_text]Ihre Vorteile, wenn Sie bei uns mieten: Kunden, die bei uns leihen, profitieren von folgenden Vorteilen:[\/vc_column_text][\/vc_column][\/vc_row][vc_row][vc_column width=&#8221;1\/3&#8243;][vc_single_image image=&#8221;519&#8243; img_size=&#8221;small&#8221; style=&#8221;vc_box_rounded&#8221; onclick=&#8221;custom_link&#8221;][\/vc_column][vc_column width=&#8221;1\/3&#8243;][vc_column_text]EARLY BIRD RABATT: 10% Rabatt f\u00fcr Kunden die bis 3 Tage vor Anreise ihre Ausr\u00fcstung reservieren. Sollten Sie Ihren Urlaub nicht antreten k\u00f6nnen, keine Stornokosten! Kurze Info an uns gen\u00fcgt.[\/vc_column_text][\/vc_column][vc_column &hellip;\" \/>\n<meta property=\"og:url\" content=\"https:\/\/www.intersport-wagrain.at\/en\/vorlage-2\/\" \/>\n<meta property=\"og:site_name\" content=\"Intersport Wagrain\" \/>\n<meta name=\"twitter:card\" content=\"summary_large_image\" \/>\n<meta name=\"twitter:label1\" content=\"Est. reading time\" \/>\n\t<meta name=\"twitter:data1\" content=\"1 minute\" \/>\n<script type=\"application\/ld+json\" class=\"yoast-schema-graph\">{\"@context\":\"https:\/\/schema.org\",\"@graph\":[{\"@type\":\"WebPage\",\"@id\":\"https:\/\/www.intersport-wagrain.at\/en\/vorlage-2\/\",\"url\":\"https:\/\/www.intersport-wagrain.at\/en\/vorlage-2\/\",\"name\":\"Vorlage 2 - Intersport Wagrain\",\"isPartOf\":{\"@id\":\"https:\/\/www.intersport-wagrain.at\/#website\"},\"datePublished\":\"2016-01-22T15:53:03+00:00\",\"breadcrumb\":{\"@id\":\"https:\/\/www.intersport-wagrain.at\/en\/vorlage-2\/#breadcrumb\"},\"inLanguage\":\"en-US\",\"potentialAction\":[{\"@type\":\"ReadAction\",\"target\":[\"https:\/\/www.intersport-wagrain.at\/en\/vorlage-2\/\"]}]},{\"@type\":\"BreadcrumbList\",\"@id\":\"https:\/\/www.intersport-wagrain.at\/en\/vorlage-2\/#breadcrumb\",\"itemListElement\":[{\"@type\":\"ListItem\",\"position\":1,\"name\":\"Startseite\",\"item\":\"https:\/\/www.intersport-wagrain.at\/en\/\"},{\"@type\":\"ListItem\",\"position\":2,\"name\":\"Vorlage 2\"}]},{\"@type\":\"WebSite\",\"@id\":\"https:\/\/www.intersport-wagrain.at\/#website\",\"url\":\"https:\/\/www.intersport-wagrain.at\/\",\"name\":\"Intersport Wagrain\",\"description\":\"Skiverleih, Ski Service - Sportshop in Wagrain\",\"potentialAction\":[{\"@type\":\"SearchAction\",\"target\":{\"@type\":\"EntryPoint\",\"urlTemplate\":\"https:\/\/www.intersport-wagrain.at\/?s={search_term_string}\"},\"query-input\":{\"@type\":\"PropertyValueSpecification\",\"valueRequired\":true,\"valueName\":\"search_term_string\"}}],\"inLanguage\":\"en-US\"}]}<\/script>\n<!-- \/ Yoast SEO plugin. -->","yoast_head_json":{"title":"Vorlage 2 - Intersport Wagrain","robots":{"index":"index","follow":"follow","max-snippet":"max-snippet:-1","max-image-preview":"max-image-preview:large","max-video-preview":"max-video-preview:-1"},"canonical":"https:\/\/www.intersport-wagrain.at\/en\/vorlage-2\/","og_locale":"en_US","og_type":"article","og_title":"Vorlage 2 - Intersport Wagrain","og_description":"[vc_row][vc_column][vc_column_text] Meine Vorteile 1 [\/vc_column_text][vc_column_text]Ihre Vorteile, wenn Sie bei uns mieten: Kunden, die bei uns leihen, profitieren von folgenden Vorteilen:[\/vc_column_text][\/vc_column][\/vc_row][vc_row][vc_column width=&#8221;1\/3&#8243;][vc_single_image image=&#8221;519&#8243; img_size=&#8221;small&#8221; style=&#8221;vc_box_rounded&#8221; onclick=&#8221;custom_link&#8221;][\/vc_column][vc_column width=&#8221;1\/3&#8243;][vc_column_text]EARLY BIRD RABATT: 10% Rabatt f\u00fcr Kunden die bis 3 Tage vor Anreise ihre Ausr\u00fcstung reservieren. Sollten Sie Ihren Urlaub nicht antreten k\u00f6nnen, keine Stornokosten! Kurze Info an uns gen\u00fcgt.[\/vc_column_text][\/vc_column][vc_column &hellip;","og_url":"https:\/\/www.intersport-wagrain.at\/en\/vorlage-2\/","og_site_name":"Intersport Wagrain","twitter_card":"summary_large_image","twitter_misc":{"Est. reading time":"1 minute"},"schema":{"@context":"https:\/\/schema.org","@graph":[{"@type":"WebPage","@id":"https:\/\/www.intersport-wagrain.at\/en\/vorlage-2\/","url":"https:\/\/www.intersport-wagrain.at\/en\/vorlage-2\/","name":"Vorlage 2 - Intersport Wagrain","isPartOf":{"@id":"https:\/\/www.intersport-wagrain.at\/#website"},"datePublished":"2016-01-22T15:53:03+00:00","breadcrumb":{"@id":"https:\/\/www.intersport-wagrain.at\/en\/vorlage-2\/#breadcrumb"},"inLanguage":"en-US","potentialAction":[{"@type":"ReadAction","target":["https:\/\/www.intersport-wagrain.at\/en\/vorlage-2\/"]}]},{"@type":"BreadcrumbList","@id":"https:\/\/www.intersport-wagrain.at\/en\/vorlage-2\/#breadcrumb","itemListElement":[{"@type":"ListItem","position":1,"name":"Startseite","item":"https:\/\/www.intersport-wagrain.at\/en\/"},{"@type":"ListItem","position":2,"name":"Vorlage 2"}]},{"@type":"WebSite","@id":"https:\/\/www.intersport-wagrain.at\/#website","url":"https:\/\/www.intersport-wagrain.at\/","name":"Intersport Wagrain","description":"Skiverleih, Ski Service - Sportshop in Wagrain","potentialAction":[{"@type":"SearchAction","target":{"@type":"EntryPoint","urlTemplate":"https:\/\/www.intersport-wagrain.at\/?s={search_term_string}"},"query-input":{"@type":"PropertyValueSpecification","valueRequired":true,"valueName":"search_term_string"}}],"inLanguage":"en-US"}]}},"_links":{"self":[{"href":"https:\/\/www.intersport-wagrain.at\/en\/wp-json\/wp\/v2\/pages\/985","targetHints":{"allow":["GET"]}}],"collection":[{"href":"https:\/\/www.intersport-wagrain.at\/en\/wp-json\/wp\/v2\/pages"}],"about":[{"href":"https:\/\/www.intersport-wagrain.at\/en\/wp-json\/wp\/v2\/types\/page"}],"author":[{"embeddable":true,"href":"https:\/\/www.intersport-wagrain.at\/en\/wp-json\/wp\/v2\/users\/2"}],"replies":[{"embeddable":true,"href":"https:\/\/www.intersport-wagrain.at\/en\/wp-json\/wp\/v2\/comments?post=985"}],"version-history":[{"count":0,"href":"https:\/\/www.intersport-wagrain.at\/en\/wp-json\/wp\/v2\/pages\/985\/revisions"}],"wp:attachment":[{"href":"https:\/\/www.intersport-wagrain.at\/en\/wp-json\/wp\/v2\/media?parent=985"}],"curies":[{"name":"wp","href":"https:\/\/api.w.org\/{rel}","templated":true}]}}