{"id":2616,"date":"2021-11-12T13:08:07","date_gmt":"2021-11-12T12:08:07","guid":{"rendered":"https:\/\/www.intersport-wagrain.at\/?page_id=2616"},"modified":"2021-11-15T13:00:41","modified_gmt":"2021-11-15T12:00:41","slug":"faq","status":"publish","type":"page","link":"https:\/\/www.intersport-wagrain.at\/en\/faq\/","title":{"rendered":"FAQ"},"content":{"rendered":"<div class=\"wpb-content-wrapper\"><p>[vc_row][vc_column][vc_column_text]<\/p>\n<h1>Do you have questions? Here are the answers!<\/h1>\n<p>[\/vc_column_text][\/vc_column][\/vc_row][vc_row][vc_column][vc_tta_accordion style=&#8221;outline&#8221; color=&#8221;sky&#8221; c_icon=&#8221;triangle&#8221; active_section=&#8221;1&#8243; collapsible_all=&#8221;true&#8221;][vc_tta_section title=&#8221;Kann ich stornieren, wenn ich bereits angezahlt habe und bekomme ich dann mein Geld zur\u00fcck?&#8221; tab_id=&#8221;1636453965864-ca715eac-6cab&#8221;][vc_column_text]<\/p>\n<div class=\"panel panel-primary\" data-faqfilter-item=\"\">\n<div id=\"faq-18\" class=\"panel-collapse in collapse show\" role=\"tabpanel\" aria-labelledby=\"headingOne\">\n<p>Yes. You\u2019re money will be refunded 100%. We don\u2019t have a cancellation fee. Please do inform us at least 2 days before your first rental day so that our RENTertainers don\u2019t have to spend time preparing the equipment if you&#8217;re not going to need it.<\/p>\n<\/div>\n<\/div>\n<div class=\"panel panel-primary\" data-faqfilter-item=\"\">\n<div id=\"headingOne\" class=\"panel-heading\" role=\"tab\">\u00a0<\/div>\n<\/div>\n<p>[\/vc_column_text][\/vc_tta_section][vc_tta_section title=&#8221;Was geschieht, wenn ich nur einen Teil meiner Reservierung storniere?&#8221; tab_id=&#8221;1636453965850-ac6b937e-35a9&#8243;][vc_column_text]Du musst nur das bezahlen, was du tats\u00e4chlich in Anspruch nimmst. Wenn du einen Teil deiner Reservierung stornierst, wird dir dies automatisch zur\u00fcck erstattet.[\/vc_column_text][\/vc_tta_section][vc_tta_section title=&#8221;Kann ich eine Reservierung \u00e4ndern?&#8221; tab_id=&#8221;1636454760205-0cd35d22-8f2b&#8221;][vc_column_text]Du kannst deine Reservierung\u00a0\u00a0bis zu 2 Tage\u00a0vor deinem ersten Verleihtag \u00e4ndern. Bitte logge dich daf\u00fcr mit deinem Kundenkonto ein\u00a0und navigiere zu &#8220;Meine Reservierungen&#8221;. Dort kannst du nun deinen Verleihzeitraum \u00e4ndern, die Schuhgr\u00f6\u00dfe deines Freundes korrigieren oder eine Person stornieren, etc.[\/vc_column_text][\/vc_tta_section][vc_tta_section title=&#8221;Ich habe mein Passwort vergessen, was ist zu tun?&#8221; tab_id=&#8221;1636455527401-5ec70f33-dbdd&#8221;][vc_column_text]Das ist kein Problem. Du kannst dir jederzeit ein neues Passwort anfordern. Gib daf\u00fcr im Log-In Bereich einfach beim \u201eBenutzernamen\u201c deine E-Mailadresse ein und klicke auf \u201ePasswort vergessen\u201c. Wir senden dir sofort ein neues Passwort per E-Mail zu. Mit diesem kannst du dich dann wieder einloggen und dein Passwort im Men\u00fcpunkt \u201eMein Konto &gt; Personenprofile bearbeiten &gt; Anmeldedaten\u201c \u00e4ndern.[\/vc_column_text][\/vc_tta_section][vc_tta_section title=&#8221;Ich kann mich nicht mehr einloggen?&#8221; tab_id=&#8221;1636455530078-c6815e6d-9755&#8243;][vc_column_text]Der Log-In funktioniert nur mit derselben E-Mail Adresse, mit der du dich entweder im Shop beim Check-In oder mit deiner ersten Online Reservierung bei uns registriert hast. Bitte pr\u00fcfe, ob du wirklich die richtige E-Mail Adresse eingegeben hast. Solltest du vom letzten Verleih noch eine Reservierungsbest\u00e4tigung gespeichert haben, dann kannst du auch dort nachsehen, welche E-Mail Adresse angedruckt ist.<\/p>\n<p>Sollte dieser L\u00f6sungsversuch auch nicht funktionieren, schicke bitte ein E-Mail mit deiner Anfrage und Vor- und Nachnamen, sowie deinem Geburtsdatum an\u00a0<a title=\"info@intersportrent.at\" href=\"mailto:info@intersportrent.at\">info@intersportrent.at<\/a>. Wir bem\u00fchen uns so schnell wie m\u00f6glich um eine L\u00f6sung.[\/vc_column_text][\/vc_tta_section][vc_tta_section title=&#8221;Warum muss ich mich bei euch registrieren?&#8221; tab_id=&#8221;1636455530918-ee8510e5-bf7b&#8221;][vc_column_text]Damit wir deine Verleihausr\u00fcstung sicher und sorgf\u00e4ltig f\u00fcr dich vorbereiten k\u00f6nnen, ben\u00f6tigen wir deine K\u00f6rperma\u00dfe f\u00fcr die korrekte Bindungseinstellung. Und um dir deine Reservierungsbest\u00e4tigung schicken zu k\u00f6nnen, ist deine E-Mail Adresse erforderlich. Somit kannst du schneller auf der Piste. Mit deiner Registrierung profitierst du gleichzeitig von allen Vorteilen als INTERPSORT Rent Stammkunde.[\/vc_column_text][\/vc_tta_section][vc_tta_section title=&#8221;Welche Vorteile habe ich als Intersport Rent Stammkunde?&#8221; tab_id=&#8221;1636455531920-a006a5e5-cbe5&#8243;][vc_column_text]<\/p>\n<ul>\n<li>Personenprofile bleiben f\u00fcr weitere Buchungen gespeichert<\/li>\n<li>Im System findest du die Ausr\u00fcstung, die du zuletzt bei uns geliehen hast.<\/li>\n<li>Einfache Stornom\u00f6glichkeit<\/li>\n<li>N\u00fctzliche Informationen rund um INTERSPORT Rent und deinen Urlaubsort per E-Mail<\/li>\n<\/ul>\n<p>[\/vc_column_text][\/vc_tta_section][vc_tta_section title=&#8221;Ist meine Ausr\u00fcstung versichert?&#8221; tab_id=&#8221;1636455773328-a41f4e25-3d2c&#8221;][vc_column_text]Ja, deine Ausr\u00fcstung ist grunds\u00e4tzlich gegen Bruch- und Diebstahl versichert. Wenn z.B. dein Ski bricht oder gestohlen wird, f\u00e4llt ein Selbstbehalt an. Das Winter Sorglos-Paket <strong>befreit<\/strong> dich von diesem <strong>Selbstbehalt<\/strong>.[\/vc_column_text][\/vc_tta_section][vc_tta_section title=&#8221;Wie kann ich bei euch bezahlen?&#8221; tab_id=&#8221;1636455774600-c9334704-e76f&#8221;][vc_column_text]Du kannst bei uns mittels Kreditkarte (Mastercard oder Visa) oder mit Sofort\u00fcberweisung (Klarna) bezahlen. Du kanst das am Ende der Online Reservierung ersehen! Direkt im Shop kannst du dann auch in Bar bezahlen![\/vc_column_text][\/vc_tta_section][vc_tta_section title=&#8221;Deine Online Bezahlung funktioniert nicht?&#8221; tab_id=&#8221;1636455775455-f306594e-fe03&#8243;][vc_column_text]Es gibt unterschiedliche Gr\u00fcnde, warum die Online Bezahlung nicht abgeschlossen werden kann. In den meisten F\u00e4llen hilft es den Vorgang nach kurzer Zeit nochmal zu versuchen. Wenn es noch immer nicht klappt, versuche bitte folgendes:<\/p>\n<ul>\n<li>Aktualisiere deinen Browser<\/li>\n<li>Starte unsere Website bitte in einem anderen Browser und logge dich erneut ein (Internet Explorer, Firefox, Chrome, Safari\u2026)<\/li>\n<li>Versuche es mit einem anderen Endger\u00e4t oder einer anderen Kreditkarte, wenn m\u00f6glich.<\/li>\n<\/ul>\n<p>Sollte das noch immer nicht helfen, schick bitte ein E-Mail an\u00a0<a title=\"info@intersportrent.at\" href=\"mailto:info@intersportrent.at\">info@intersportrent.at<\/a>\u00a0mit einem Bildschirmfoto vom Schritt, wo die Bezahlung stoppt und einer kurzen Beschreibung, was passiert. Wir pr\u00fcfen, ob deine Zahlung erfolgreich war und k\u00fcmmern uns so schnell wie m\u00f6glich um eine L\u00f6sung.[\/vc_column_text][\/vc_tta_section][vc_tta_section title=&#8221;Kann ich das Material schon am Vortag abholen?&#8221; tab_id=&#8221;1636456212932-c51228fe-c126&#8243;][vc_column_text]Ja, das ist nat\u00fcrlich m\u00f6glich. Es steht bereits ab 14:00 Uhr f\u00fcr dich bereit.[\/vc_column_text][\/vc_tta_section][vc_tta_section title=&#8221;Bis wann muss ich das Verleihmaterial zur\u00fcckgeben?&#8221; tab_id=&#8221;1636456214379-fa934cd0-f980&#8243;][vc_column_text]Bitte bringe das Material am Folgetag bis sp\u00e4testens 10:00 Uhr wieder\u00a0zur\u00fcck.[\/vc_column_text][\/vc_tta_section][vc_tta_section title=&#8221;Kann ich Schuhe umtauschen wenn sie nicht passen?&#8221; tab_id=&#8221;1636456215337-7d11600f-dacb&#8221;][vc_column_text]Nat\u00fcrlich! Wenn du auf der Piste merkst, dass der Schuh dr\u00fcckt, dann komm bitte nochmal in unseren Shop. Wir tauschen ihn in ein anderes Modell um und lassen dich nicht gehen, bis du dich nicht absolut wohl f\u00fchlst. Denn wir wollen schlie\u00dflich, dass du auf der Piste Spa\u00df hast.[\/vc_column_text][\/vc_tta_section][vc_tta_section title=&#8221;Welches Modell hatte ich bei meiner letzten Reservierung?&#8221; tab_id=&#8221;1636456216088-d9cd17cd-d76e&#8221;][vc_column_text]Diese Information befindet sich beim jeweiligen Intersport-H\u00e4ndler, bei dem du das Material ausgeliehen hast. Bitte schicke eine Mail an <a href=\"mailto:info@intersport-wagrain.at\">info@intersport-wagrain.at<\/a>\u00a0 Die Rentertainer werden dich sobald wie m\u00f6glich kontaktieren![\/vc_column_text][\/vc_tta_section][vc_tta_section title=&#8221;Wie reserviere ich ein bestimmtes Modell?&#8221; tab_id=&#8221;1636456490080-cf81c0d8-308d&#8221;][vc_column_text]Du kannst kurz vor Abschluss deiner Buchung in das optionale Feld \u201eOptionale Anmerkungen zur Reservierung\u201c dein Wunschmodell hineinschreiben. Die RENTertainer werden ihr Bestes geben, um dir diesen Wunsch zu erf\u00fcllen.[\/vc_column_text][\/vc_tta_section][vc_tta_section title=&#8221;Wie kann ich ein Depot zum Verleihski dazu buchen?&#8221; tab_id=&#8221;1636456491124-fa236e05-63cf&#8221;][vc_column_text]Du kannst das Depot im Zuge deiner Online Reservierung ausw\u00e4hlen und zur Verleihausr\u00fcstung reservieren. (Depots Ski\/Board + Schuhe).<\/p>\n<p>Der Preis pro Tag ist immer \u20ac 2,50 &#8211; die Skischuhe sind hier auch inkludiert und k\u00f6nnen \u00fcber Nacht getrocknet werden.<\/p>\n<p>Bei Kindern, die GRATIS ausleihen ist diese Geb\u00fchr auch zu entrichten.[\/vc_column_text][\/vc_tta_section][vc_tta_section title=&#8221;Kann ich online auch NUR das Depot buchen?&#8221; tab_id=&#8221;1636456491899-554f4f7a-cd50&#8243;][vc_column_text]Nat\u00fcrlich! Wir haben hier extra eine Auswahlm\u00f6glichkeit von 2er Boxen oder 4er Boxen. Diese bieten Platz f\u00fcr Ski, St\u00f6cke, Schuhe und Helm. Die 2er Box kostet pro Tag \u20ac 5,- und die Box f\u00fcr 4 Personen \u20ac 10,- pro Tag.<\/p>\n<p>Dieses Depot heissen im Reservierungssystem &#8220;Comfort Depot Box&#8221; f\u00fcr 2 oder 4 Personen.[\/vc_column_text][\/vc_tta_section][vc_tta_section title=&#8221;Was ist das Winter Sorglos-Paket?&#8221; tab_id=&#8221;1636457401377-a690a44e-321c&#8221;][vc_column_text]I am text block. Click edit button to change this text. Lorem ipsum dolor sit amet, consectetur adipiscing elit. Ut elit tellus, luctus nec ullamcorper mattis, pulvinar dapibus leo.[\/vc_column_text][\/vc_tta_section][vc_tta_section title=&#8221;Ist es m\u00f6glich, Skip\u00e4sse oder Skikurse mitzubuchen?&#8221; tab_id=&#8221;1636457402617-c4c8f649-e10e&#8221;][vc_column_text]Bei Intersport Wagrain k\u00f6nnen keine gebucht werden. Du kannst die P\u00e4sse jedoch direkt beim Kartenverbund <a href=\"https:\/\/www.skiamade.com\/mehrtageskarten\">Ski amad\u00e8<\/a> bestellen.<\/p>\n<p>Skikurse k\u00f6nnen bei uns Vorort im Shop gleich mitgebucht werden.[\/vc_column_text][\/vc_tta_section][vc_tta_section title=&#8221;Kann ich auch einen halben Tag mieten?&#8221; tab_id=&#8221;1636457799487-09759be7-1d63&#8243;][vc_column_text]Online ist das leider nicht m\u00f6glich. Hier werden nur ganze Tage angeboten.<\/p>\n<p>Es gibt jedoch im Shop einen Rabatt f\u00fcr Nachmittagsverleih. Bitte kontaktiere in diesem speziellen Fall die RENTertainer vor Ort und kl\u00e4re das mit ihnen ab: <a href=\"mailto:info@intersport-wagrain.at\">info@intersport-wagrain.at<\/a>[\/vc_column_text][\/vc_tta_section][vc_tta_section title=&#8221;Ich habe einen Rabatt Code, wo gebe ich diesen bekannt?&#8221; tab_id=&#8221;1636457800514-c2955c70-e8ce&#8221;][vc_column_text]Ganz zu Beginn deiner Online Reservierung, nachdem du den Ort und das Datum eingegeben hast, findest du rechts ein K\u00e4stchen \u201eIch habe einen Rabatt Code\u201c. Bitte klicke dieses an und gib den entsprechenden Code ein.[\/vc_column_text][\/vc_tta_section][vc_tta_section title=&#8221;Wird mein Rabatt Code zu dem Online Rabatt hinzuaddiert?&#8221; tab_id=&#8221;1636458273112-d0fe3740-77d6&#8243;][vc_column_text]Unser System gibt nur einen Rabatt auf die Online Buchung. Aber du kannst dir sicher sein, dass du immer den h\u00f6chsten Rabatt erh\u00e4ltst![\/vc_column_text][\/vc_tta_section][vc_tta_section title=&#8221;Der Jugendlichen Rabatt wird nicht angezeigt?&#8221; tab_id=&#8221;1636458274211-225c9de1-d360&#8243;][vc_column_text]Der Rabatt f\u00fcr Jugendliche bis 14 Jahre (sie bezahlen nur 50% des Erwachsenen Preises) wird nicht extra ausgewiesen, sondern der angezeigte Preis ist bereits 50% des Erwachsenen Preises.[\/vc_column_text][\/vc_tta_section][vc_tta_section title=&#8221;Ich habe noch keine Best\u00e4tigung meiner Reservierung bekommen?&#8221; tab_id=&#8221;1636458396551-ef231337-da52&#8243;][vc_column_text]Die Bestellbest\u00e4tigung kommt zwischen 10 Minuten und 1 Stunde nach Abschluss deiner Buchung an die von dir genannte Mail-Adresse.<\/p>\n<p>Bitte check auch deinen Spamordner. Es kann passieren, dass dein E-Mail-Anbieter die Mail als Spam markiert.[\/vc_column_text][\/vc_tta_section][vc_tta_section title=&#8221;Habt ihr Tourenski, Schneeschuhe und sonstige Funsportger\u00e4te zum Verleih&#8221; tab_id=&#8221;1636458397806-44e844fe-0adb&#8221;][vc_column_text]Unser Verleihsortiment beinhaltet\u00a0auch Tourenski incl. Felle, Schneeschuhe, Shortcarver und Snowbikes! Spezielle W\u00fcnsche bitte bei der Online-Reservierung im Bermerkungsfeld vermerken![\/vc_column_text][\/vc_tta_section][vc_tta_section title=&#8221;Wo habe ich die M\u00f6glichkeit einen Kommentar zu meiner Reservierung zu hinterlassen&#8221; tab_id=&#8221;1636458398810-229240ac-86b3&#8243;][vc_column_text]<\/p>\n<div class=\"accordion\" role=\"tablist\" aria-multiselectable=\"true\">\n<div class=\"panel panel-primary\" data-faqfilter-item=\"\">\n<div id=\"faq-39\" class=\"panel-collapse in collapse show\" role=\"tabpanel\" aria-labelledby=\"headingOne\">\n<p>Nach Abschluss deiner Reservierung gelangst du zu einer Seite, auf der du Name, Gr\u00f6\u00dfe, Gewicht, Geburtsdatum, \u2026 aller mietenden Personen angeben kannst. Hier hast du auch die M\u00f6glichkeit, einen Kommentar zu deiner Reservierung zu hinterlassen. Gib beispielsweise dein Wunsch-Modell an oder informiere und \u00fcber deine pers\u00f6nlichen Vorlieben.<\/p>\n<\/div>\n<\/div>\n<\/div>\n<div class=\"accordion\" role=\"tablist\" aria-multiselectable=\"true\">\u00a0<\/div>\n<p>[\/vc_column_text][\/vc_tta_section][\/vc_tta_accordion][\/vc_column][\/vc_row]<\/p>\n<\/div>","protected":false},"excerpt":{"rendered":"<p>[vc_row][vc_column][vc_column_text] Do you have questions? Here are the answers! [\/vc_column_text][\/vc_column][\/vc_row][vc_row][vc_column][vc_tta_accordion style=&#8221;outline&#8221; color=&#8221;sky&#8221; c_icon=&#8221;triangle&#8221; active_section=&#8221;1&#8243; collapsible_all=&#8221;true&#8221;][vc_tta_section title=&#8221;Kann ich stornieren, wenn ich bereits angezahlt habe und bekomme ich dann mein Geld zur\u00fcck?&#8221; tab_id=&#8221;1636453965864-ca715eac-6cab&#8221;][vc_column_text] Yes. You\u2019re money will be refunded 100%. We don\u2019t have a cancellation fee. Please do inform us at least 2 days before your first &hellip;<\/p>\n\n<p><a class=\"readmore btn btn-default btn-default btn-block\" href=\"https:\/\/www.intersport-wagrain.at\/en\/faq\/\">Read More<\/a><\/p>","protected":false},"author":2,"featured_media":0,"parent":0,"menu_order":39,"comment_status":"closed","ping_status":"closed","template":"","meta":{"footnotes":""},"class_list":["post-2616","page","type-page","status-publish","hentry"],"yoast_head":"<!-- This site is optimized with the Yoast SEO plugin v26.5 - https:\/\/yoast.com\/wordpress\/plugins\/seo\/ -->\n<title>FAQ - Intersport Wagrain<\/title>\n<meta name=\"description\" content=\"Skischule Wagrain kinderskischule Skifahren\" \/>\n<meta name=\"robots\" content=\"index, follow, max-snippet:-1, max-image-preview:large, max-video-preview:-1\" \/>\n<link rel=\"canonical\" href=\"https:\/\/www.intersport-wagrain.at\/en\/faq\/\" \/>\n<meta property=\"og:locale\" content=\"en_US\" \/>\n<meta property=\"og:type\" content=\"article\" \/>\n<meta property=\"og:title\" content=\"FAQ - Intersport Wagrain\" \/>\n<meta property=\"og:description\" content=\"Skischule Wagrain kinderskischule Skifahren\" \/>\n<meta property=\"og:url\" content=\"https:\/\/www.intersport-wagrain.at\/en\/faq\/\" \/>\n<meta property=\"og:site_name\" content=\"Intersport Wagrain\" \/>\n<meta property=\"article:modified_time\" content=\"2021-11-15T12:00:41+00:00\" \/>\n<meta name=\"twitter:card\" content=\"summary_large_image\" \/>\n<meta name=\"twitter:label1\" content=\"Est. reading time\" \/>\n\t<meta name=\"twitter:data1\" content=\"9 minutes\" \/>\n<script type=\"application\/ld+json\" class=\"yoast-schema-graph\">{\"@context\":\"https:\/\/schema.org\",\"@graph\":[{\"@type\":\"WebPage\",\"@id\":\"https:\/\/www.intersport-wagrain.at\/en\/faq\/\",\"url\":\"https:\/\/www.intersport-wagrain.at\/en\/faq\/\",\"name\":\"FAQ - Intersport Wagrain\",\"isPartOf\":{\"@id\":\"https:\/\/www.intersport-wagrain.at\/#website\"},\"datePublished\":\"2021-11-12T12:08:07+00:00\",\"dateModified\":\"2021-11-15T12:00:41+00:00\",\"description\":\"Skischule Wagrain kinderskischule Skifahren\",\"breadcrumb\":{\"@id\":\"https:\/\/www.intersport-wagrain.at\/en\/faq\/#breadcrumb\"},\"inLanguage\":\"en-US\",\"potentialAction\":[{\"@type\":\"ReadAction\",\"target\":[\"https:\/\/www.intersport-wagrain.at\/en\/faq\/\"]}]},{\"@type\":\"BreadcrumbList\",\"@id\":\"https:\/\/www.intersport-wagrain.at\/en\/faq\/#breadcrumb\",\"itemListElement\":[{\"@type\":\"ListItem\",\"position\":1,\"name\":\"Startseite\",\"item\":\"https:\/\/www.intersport-wagrain.at\/en\/\"},{\"@type\":\"ListItem\",\"position\":2,\"name\":\"FAQ\"}]},{\"@type\":\"WebSite\",\"@id\":\"https:\/\/www.intersport-wagrain.at\/#website\",\"url\":\"https:\/\/www.intersport-wagrain.at\/\",\"name\":\"Intersport Wagrain\",\"description\":\"Skiverleih, Ski Service - Sportshop in Wagrain\",\"potentialAction\":[{\"@type\":\"SearchAction\",\"target\":{\"@type\":\"EntryPoint\",\"urlTemplate\":\"https:\/\/www.intersport-wagrain.at\/?s={search_term_string}\"},\"query-input\":{\"@type\":\"PropertyValueSpecification\",\"valueRequired\":true,\"valueName\":\"search_term_string\"}}],\"inLanguage\":\"en-US\"}]}<\/script>\n<!-- \/ Yoast SEO plugin. -->","yoast_head_json":{"title":"FAQ - Intersport Wagrain","description":"Skischule Wagrain kinderskischule Skifahren","robots":{"index":"index","follow":"follow","max-snippet":"max-snippet:-1","max-image-preview":"max-image-preview:large","max-video-preview":"max-video-preview:-1"},"canonical":"https:\/\/www.intersport-wagrain.at\/en\/faq\/","og_locale":"en_US","og_type":"article","og_title":"FAQ - Intersport Wagrain","og_description":"Skischule Wagrain kinderskischule Skifahren","og_url":"https:\/\/www.intersport-wagrain.at\/en\/faq\/","og_site_name":"Intersport Wagrain","article_modified_time":"2021-11-15T12:00:41+00:00","twitter_card":"summary_large_image","twitter_misc":{"Est. reading time":"9 minutes"},"schema":{"@context":"https:\/\/schema.org","@graph":[{"@type":"WebPage","@id":"https:\/\/www.intersport-wagrain.at\/en\/faq\/","url":"https:\/\/www.intersport-wagrain.at\/en\/faq\/","name":"FAQ - Intersport Wagrain","isPartOf":{"@id":"https:\/\/www.intersport-wagrain.at\/#website"},"datePublished":"2021-11-12T12:08:07+00:00","dateModified":"2021-11-15T12:00:41+00:00","description":"Skischule Wagrain kinderskischule Skifahren","breadcrumb":{"@id":"https:\/\/www.intersport-wagrain.at\/en\/faq\/#breadcrumb"},"inLanguage":"en-US","potentialAction":[{"@type":"ReadAction","target":["https:\/\/www.intersport-wagrain.at\/en\/faq\/"]}]},{"@type":"BreadcrumbList","@id":"https:\/\/www.intersport-wagrain.at\/en\/faq\/#breadcrumb","itemListElement":[{"@type":"ListItem","position":1,"name":"Startseite","item":"https:\/\/www.intersport-wagrain.at\/en\/"},{"@type":"ListItem","position":2,"name":"FAQ"}]},{"@type":"WebSite","@id":"https:\/\/www.intersport-wagrain.at\/#website","url":"https:\/\/www.intersport-wagrain.at\/","name":"Intersport Wagrain","description":"Skiverleih, Ski Service - Sportshop in Wagrain","potentialAction":[{"@type":"SearchAction","target":{"@type":"EntryPoint","urlTemplate":"https:\/\/www.intersport-wagrain.at\/?s={search_term_string}"},"query-input":{"@type":"PropertyValueSpecification","valueRequired":true,"valueName":"search_term_string"}}],"inLanguage":"en-US"}]}},"_links":{"self":[{"href":"https:\/\/www.intersport-wagrain.at\/en\/wp-json\/wp\/v2\/pages\/2616","targetHints":{"allow":["GET"]}}],"collection":[{"href":"https:\/\/www.intersport-wagrain.at\/en\/wp-json\/wp\/v2\/pages"}],"about":[{"href":"https:\/\/www.intersport-wagrain.at\/en\/wp-json\/wp\/v2\/types\/page"}],"author":[{"embeddable":true,"href":"https:\/\/www.intersport-wagrain.at\/en\/wp-json\/wp\/v2\/users\/2"}],"replies":[{"embeddable":true,"href":"https:\/\/www.intersport-wagrain.at\/en\/wp-json\/wp\/v2\/comments?post=2616"}],"version-history":[{"count":10,"href":"https:\/\/www.intersport-wagrain.at\/en\/wp-json\/wp\/v2\/pages\/2616\/revisions"}],"predecessor-version":[{"id":2657,"href":"https:\/\/www.intersport-wagrain.at\/en\/wp-json\/wp\/v2\/pages\/2616\/revisions\/2657"}],"wp:attachment":[{"href":"https:\/\/www.intersport-wagrain.at\/en\/wp-json\/wp\/v2\/media?parent=2616"}],"curies":[{"name":"wp","href":"https:\/\/api.w.org\/{rel}","templated":true}]}}