{"id":998,"date":"2015-11-13T11:18:17","date_gmt":"2015-11-13T10:18:17","guid":{"rendered":"http:\/\/intersport-wagrain.at.w013c6ca.kasserver.com\/da\/ihre-vorteile\/"},"modified":"2019-10-28T12:56:45","modified_gmt":"2019-10-28T11:56:45","slug":"dine-fordele","status":"publish","type":"page","link":"https:\/\/www.intersport-wagrain.at\/da\/skiudlejning-wagrain\/dine-fordele\/","title":{"rendered":"Dine Fordele"},"content":{"rendered":"<div class=\"wpb-content-wrapper\"><p>[vc_row][vc_column][vc_column_text]<\/p>\n<h1>Dine\u00a0Fordele<\/h1>\n<p>[\/vc_column_text][\/vc_column][\/vc_row][vc_row][vc_column][vc_column_text]<\/p>\n<h5>Vores tjenester<\/h5>\n<p>[\/vc_column_text][\/vc_column][\/vc_row][vc_row][vc_column][vc_column_text]\n<table id=\"tablepress-59\" class=\"tablepress tablepress-id-59\">\n<tbody class=\"row-striping\">\n<tr class=\"row-1\">\n\t<td class=\"column-1\"><\/td><td class=\"column-2\"><img decoding=\"async\" src=\"https:\/\/www.intersport-wagrain.at\/wp-content\/uploads\/Logo_Superior-e1541666535426.jpg\" alt=\"Logo_Superior\" width=\"37\" height=\"100\" class=\"alignnone size-full wp-image-2032\" \/><\/td><td class=\"column-3\"><img decoding=\"async\" src=\"https:\/\/www.intersport-wagrain.at\/wp-content\/uploads\/Logo_Premium-e1541666563565.jpg\" alt=\"Logo_Premium\" width=\"37\" height=\"100\" class=\"alignnone size-full wp-image-2033\" \/><\/td><td class=\"column-4\"><img decoding=\"async\" src=\"https:\/\/www.intersport-wagrain.at\/wp-content\/uploads\/Logo_Economy-e1541666371204.jpg\" alt=\"Logo_Economy\" width=\"38\" height=\"100\" class=\"alignnone size-full wp-image-2034\" \/><\/td>\n<\/tr>\n<tr class=\"row-2\">\n\t<td class=\"column-1\">ski 7 dage - betal kun 6 dage<\/td><td class=\"column-2\"><img decoding=\"async\" src=\"https:\/\/www.intersport-wagrain.at\/wp-content\/uploads\/checkmark.svg\" alt=\"Check-Superior\" width=\"20\" height=\"20\" class=\"alignnone size-full wp-image-2035\" \/><\/td><td class=\"column-3\"><img decoding=\"async\" src=\"https:\/\/www.intersport-wagrain.at\/wp-content\/uploads\/checkmark.svg\" alt=\"Check-Superior\" width=\"20\" height=\"20\" class=\"alignnone size-full wp-image-2035\" \/><\/td><td class=\"column-4\"><img decoding=\"async\" src=\"https:\/\/www.intersport-wagrain.at\/wp-content\/uploads\/checkmark.svg\" alt=\"Check-Superior\" width=\"20\" height=\"20\" class=\"alignnone size-full wp-image-2035\" \/><\/td>\n<\/tr>\n<tr class=\"row-3\">\n\t<td class=\"column-1\">B\u00f8rn op til 10 \u00e5r gratis, hvis for\u00e6ldre lejer ski eller snowboard<\/td><td class=\"column-2\"><img decoding=\"async\" src=\"https:\/\/www.intersport-wagrain.at\/wp-content\/uploads\/checkmark.svg\" alt=\"Check-Superior\" width=\"20\" height=\"20\" class=\"alignnone size-full wp-image-2035\" \/><\/td><td class=\"column-3\"><img decoding=\"async\" src=\"https:\/\/www.intersport-wagrain.at\/wp-content\/uploads\/checkmark.svg\" alt=\"Check-Superior\" width=\"20\" height=\"20\" class=\"alignnone size-full wp-image-2035\" \/><\/td><td class=\"column-4\"><img decoding=\"async\" src=\"https:\/\/www.intersport-wagrain.at\/wp-content\/uploads\/checkmark.svg\" alt=\"Check-Superior\" width=\"20\" height=\"20\" class=\"alignnone size-full wp-image-2035\" \/><\/td>\n<\/tr>\n<tr class=\"row-4\">\n\t<td class=\"column-1\">50% rabat p\u00e5 ski til b\u00f8rn fra 11 - 14 \u00e5r<\/td><td class=\"column-2\"><img decoding=\"async\" src=\"https:\/\/www.intersport-wagrain.at\/wp-content\/uploads\/checkmark.svg\" alt=\"Check-Superior\" width=\"20\" height=\"20\" class=\"alignnone size-full wp-image-2035\" \/><\/td><td class=\"column-3\"><img decoding=\"async\" src=\"https:\/\/www.intersport-wagrain.at\/wp-content\/uploads\/checkmark.svg\" alt=\"Check-Superior\" width=\"20\" height=\"20\" class=\"alignnone size-full wp-image-2035\" \/><\/td><td class=\"column-4\"><img decoding=\"async\" src=\"https:\/\/www.intersport-wagrain.at\/wp-content\/uploads\/checkmark.svg\" alt=\"Check-Superior\" width=\"20\" height=\"20\" class=\"alignnone size-full wp-image-2035\" \/><\/td>\n<\/tr>\n<tr class=\"row-5\">\n\t<td class=\"column-1\">Brand ski fra denne s\u00e6son<\/td><td class=\"column-2\"><img decoding=\"async\" src=\"https:\/\/www.intersport-wagrain.at\/wp-content\/uploads\/checkmark.svg\" alt=\"Check-Superior\" width=\"20\" height=\"20\" class=\"alignnone size-full wp-image-2035\" \/><\/td><td class=\"column-3\"><img decoding=\"async\" src=\"https:\/\/www.intersport-wagrain.at\/wp-content\/uploads\/checkmark.svg\" alt=\"Check-Superior\" width=\"20\" height=\"20\" class=\"alignnone size-full wp-image-2035\" \/><\/td><td class=\"column-4\"><img decoding=\"async\" src=\"https:\/\/www.intersport-wagrain.at\/wp-content\/uploads\/checkmark.svg\" alt=\"Check-Superior\" width=\"20\" height=\"20\" class=\"alignnone size-full wp-image-2035\" \/><\/td>\n<\/tr>\n<tr class=\"row-6\">\n\t<td class=\"column-1\"><strong>Maksimal sikkerhed p\u00e5 grund af den standardkonforme indstilling af bindingen <\/strong><\/td><td class=\"column-2\"><img decoding=\"async\" src=\"https:\/\/www.intersport-wagrain.at\/wp-content\/uploads\/checkmark.svg\" alt=\"Check-Superior\" width=\"20\" height=\"20\" class=\"alignnone size-full wp-image-2035\" \/><\/td><td class=\"column-3\"><img decoding=\"async\" src=\"https:\/\/www.intersport-wagrain.at\/wp-content\/uploads\/checkmark.svg\" alt=\"Check-Superior\" width=\"20\" height=\"20\" class=\"alignnone size-full wp-image-2035\" \/><\/td><td class=\"column-4\"><img decoding=\"async\" src=\"https:\/\/www.intersport-wagrain.at\/wp-content\/uploads\/checkmark.svg\" alt=\"Check-Superior\" width=\"20\" height=\"20\" class=\"alignnone size-full wp-image-2035\" \/><\/td>\n<\/tr>\n<tr class=\"row-7\">\n\t<td class=\"column-1\">Gratis hjelme til b\u00f8rn og teenagere (op til 14 \u00e5r)<\/td><td class=\"column-2\"><img decoding=\"async\" src=\"https:\/\/www.intersport-wagrain.at\/wp-content\/uploads\/checkmark.svg\" alt=\"Check-Superior\" width=\"20\" height=\"20\" class=\"alignnone size-full wp-image-2035\" \/><\/td><td class=\"column-3\"><img decoding=\"async\" src=\"https:\/\/www.intersport-wagrain.at\/wp-content\/uploads\/checkmark.svg\" alt=\"Check-Superior\" width=\"20\" height=\"20\" class=\"alignnone size-full wp-image-2035\" \/><\/td><td class=\"column-4\"><img decoding=\"async\" src=\"https:\/\/www.intersport-wagrain.at\/wp-content\/uploads\/checkmark.svg\" alt=\"Check-Superior\" width=\"20\" height=\"20\" class=\"alignnone size-full wp-image-2035\" \/><\/td>\n<\/tr>\n<tr class=\"row-8\">\n\t<td class=\"column-1\"><strong>Free ski-model exchange<\/strong> within the same category<\/td><td class=\"column-2\"><img decoding=\"async\" src=\"https:\/\/www.intersport-wagrain.at\/wp-content\/uploads\/checkmark.svg\" alt=\"Check-Superior\" width=\"20\" height=\"20\" class=\"alignnone size-full wp-image-2035\" \/><\/td><td class=\"column-3\"><img decoding=\"async\" src=\"https:\/\/www.intersport-wagrain.at\/wp-content\/uploads\/checkmark.svg\" alt=\"Check-Superior\" width=\"20\" height=\"20\" class=\"alignnone size-full wp-image-2035\" \/><\/td><td class=\"column-4\"><\/td>\n<\/tr>\n<tr class=\"row-9\">\n\t<td class=\"column-1\">Hent dit udstyr efter kl. 15 dagen f\u00f8r<\/td><td class=\"column-2\"><img decoding=\"async\" src=\"https:\/\/www.intersport-wagrain.at\/wp-content\/uploads\/checkmark.svg\" alt=\"Check-Superior\" width=\"20\" height=\"20\" class=\"alignnone size-full wp-image-2035\" \/><\/td><td class=\"column-3\"><img decoding=\"async\" src=\"https:\/\/www.intersport-wagrain.at\/wp-content\/uploads\/checkmark.svg\" alt=\"Check-Superior\" width=\"20\" height=\"20\" class=\"alignnone size-full wp-image-2035\" \/><\/td><td class=\"column-4\"><\/td>\n<\/tr>\n<tr class=\"row-10\">\n\t<td class=\"column-1\">Leje af udstyr kan returneres den n\u00e6ste dag indtil kl. 10<\/td><td class=\"column-2\"><img decoding=\"async\" src=\"https:\/\/www.intersport-wagrain.at\/wp-content\/uploads\/checkmark.svg\" alt=\"Check-Superior\" width=\"20\" height=\"20\" class=\"alignnone size-full wp-image-2035\" \/><\/td><td class=\"column-3\"><img decoding=\"async\" src=\"https:\/\/www.intersport-wagrain.at\/wp-content\/uploads\/checkmark.svg\" alt=\"Check-Superior\" width=\"20\" height=\"20\" class=\"alignnone size-full wp-image-2035\" \/><\/td><td class=\"column-4\"><\/td>\n<\/tr>\n<tr class=\"row-11\">\n\t<td class=\"column-1\">gratis afbestilling muligvis op til 24 timer f\u00f8r afrejse<\/td><td class=\"column-2\"><img decoding=\"async\" src=\"https:\/\/www.intersport-wagrain.at\/wp-content\/uploads\/checkmark.svg\" alt=\"Check-Superior\" width=\"20\" height=\"20\" class=\"alignnone size-full wp-image-2035\" \/><\/td><td class=\"column-3\"><img decoding=\"async\" src=\"https:\/\/www.intersport-wagrain.at\/wp-content\/uploads\/checkmark.svg\" alt=\"Check-Superior\" width=\"20\" height=\"20\" class=\"alignnone size-full wp-image-2035\" \/><\/td><td class=\"column-4\"><\/td>\n<\/tr>\n<tr class=\"row-12\">\n\t<td class=\"column-1\">Gratis udveksling fra ski til snowboard<\/td><td class=\"column-2\"><img decoding=\"async\" src=\"https:\/\/www.intersport-wagrain.at\/wp-content\/uploads\/checkmark.svg\" alt=\"Check-Superior\" width=\"20\" height=\"20\" class=\"alignnone size-full wp-image-2035\" \/><\/td><td class=\"column-3\"><img decoding=\"async\" src=\"https:\/\/www.intersport-wagrain.at\/wp-content\/uploads\/checkmark.svg\" alt=\"Check-Superior\" width=\"20\" height=\"20\" class=\"alignnone size-full wp-image-2035\" \/><\/td><td class=\"column-4\"><\/td>\n<\/tr>\n<tr class=\"row-13\">\n\t<td class=\"column-1\">S\u00e6sonens nyheder<\/td><td class=\"column-2\"><img decoding=\"async\" src=\"https:\/\/www.intersport-wagrain.at\/wp-content\/uploads\/checkmark.svg\" alt=\"Check-Superior\" width=\"20\" height=\"20\" class=\"alignnone size-full wp-image-2035\" \/><\/td><td class=\"column-3\"><\/td><td class=\"column-4\"><\/td>\n<\/tr>\n<tr class=\"row-14\">\n\t<td class=\"column-1\">Gratis daglig service fra dit lejeudstyr<\/td><td class=\"column-2\"><img decoding=\"async\" src=\"https:\/\/www.intersport-wagrain.at\/wp-content\/uploads\/checkmark.svg\" alt=\"Check-Superior\" width=\"20\" height=\"20\" class=\"alignnone size-full wp-image-2035\" \/><\/td><td class=\"column-3\"><\/td><td class=\"column-4\"><\/td>\n<\/tr>\n<\/tbody>\n<tfoot>\n<tr class=\"row-15\">\n\t<th class=\"column-1\"><strong>Pris pr. dag for 7-dages leje med forudbetaling<\/strong><\/th><th class=\"column-2\"><strong>24,30<\/strong><\/th><th class=\"column-3\"><strong>21,47<\/strong><\/th><th class=\"column-4\"><strong>17,22<\/strong><\/th>\n<\/tr>\n<\/tfoot>\n<\/table>\n<!-- #tablepress-59 from cache -->[\/vc_column_text][\/vc_column][\/vc_row][vc_row full_width=&#8221;stretch_row&#8221; bg_type=&#8221;bg_color&#8221; el_class=&#8221;hintergrund&#8221; bg_color_value=&#8221;#eeeff3&#8243;][vc_column width=&#8221;1\/2&#8243;][vc_column_text]<\/p>\n<div id=\"main\">\n<div id=\"content\">\n<h2>Fordele ved at leje skiudstyr hos Intersport Wagrain:<\/h2>\n<\/div>\n<\/div>\n<p>[\/vc_column_text][vc_column_text]<\/p>\n<ul>\n<li><strong>EARLY BIRD RABAT:<\/strong> 10 % rabat til kunder, der bestiller deres udstyr inden 3 dage f\u00f8r ankomsten.<br \/>\nHvis du er blevet forhindret i at komme p\u00e5 ferie, er der intet afbestillingsgebyr! En kort besked til os er nok.<\/li>\n<\/ul>\n<p>&nbsp;<\/p>\n<ul>\n<li><strong>GRATIS udlejning til b\u00f8rn:<\/strong> b\u00f8rn op til 10 \u00e5r, hvis for\u00e6ldre ogs\u00e5 lejer skiudstyr, f\u00e5r udstyret (inkl. b\u00f8rneskihjelm) gratis i samme udlejningsperiode<\/li>\n<\/ul>\n<p>&nbsp;<\/p>\n<ul>\n<li>S\u00e6rlige priser for b\u00f8rn op til 14 \u00e5r<\/li>\n<\/ul>\n<p>[\/vc_column_text][\/vc_column][vc_column width=&#8221;1\/2&#8243;][vc_single_image image=&#8221;1534&#8243; img_size=&#8221;small&#8221; alignment=&#8221;center&#8221; style=&#8221;vc_box_shadow_border&#8221;][\/vc_column][\/vc_row][vc_row full_width=&#8221;stretch_row&#8221; bg_type=&#8221;bg_color&#8221; el_class=&#8221;hintergrund&#8221; bg_color_value=&#8221;#eeeff3&#8243;][vc_column width=&#8221;1\/2&#8243;][vc_column_text]<\/p>\n<ul>\n<li><strong>Gratis opbevaring<\/strong> af udlejningsudstyr i vores skidepo<\/li>\n<\/ul>\n<p>&nbsp;<\/p>\n<ul>\n<li><strong>5 % rabat ved alle gruppe kurser<\/strong> og privat undervisning, som er booket online 30 dage f\u00f8r kurset begynder.<\/li>\n<\/ul>\n<p>&nbsp;<\/p>\n<ul>\n<li><strong>Ombytning til en anden skimodel<\/strong> indenfor samme prisklasse er til enhver tid <strong>gratis<\/strong><\/li>\n<\/ul>\n<p>[\/vc_column_text][\/vc_column][vc_column width=&#8221;1\/2&#8243;][vc_single_image image=&#8221;1528&#8243; img_size=&#8221;small&#8221; alignment=&#8221;center&#8221; style=&#8221;vc_box_shadow_border&#8221;][\/vc_column][\/vc_row][vc_row full_width=&#8221;stretch_row&#8221; bg_type=&#8221;bg_color&#8221; el_class=&#8221;hintergrund&#8221; bg_color_value=&#8221;#eeeff3&#8243;][vc_column width=&#8221;1\/2&#8243;][vc_column_text]<\/p>\n<ul>\n<li>Ingen ekstra vedligeholdelsesomkostninger \u2013 <strong>daglig gratis skiservice inkluderet<\/strong><\/li>\n<\/ul>\n<p>&nbsp;<\/p>\n<ul>\n<li>Vi udlejer KUN ski, skist\u00f8vler og snowboards af <strong>h\u00f8jeste kvalitet\u00a0<\/strong><\/li>\n<\/ul>\n<p>&nbsp;<\/p>\n<ul>\n<li>Daglig hygiejnisk t\u00f8rring og desinficering af udlejningsst\u00f8vler<\/li>\n<\/ul>\n<p>&nbsp;<\/p>\n<ul>\n<li>Lej 7 dage \u2013 <strong>betal for 6 dage<\/strong><\/li>\n<\/ul>\n<p>[\/vc_column_text][\/vc_column][vc_column width=&#8221;1\/2&#8243;][vc_single_image image=&#8221;533&#8243; img_size=&#8221;small&#8221; alignment=&#8221;center&#8221; style=&#8221;vc_box_shadow_border&#8221;][\/vc_column][\/vc_row][vc_row][vc_column][vc_column_text]<\/p>\n<h6 class=\"textbox-hellblau\">2 timers gratis test:<\/h6>\n<p class=\"textbox-hellblau\">Pr\u00f8v vores TOP-carvers eller snowboards i 2 timer gratis, mens dine ski eller dit snowboard er til service.<br \/>\n<em>Dette tilbud g\u00e6lder for det store ski- eller snowboardservice<\/em><\/p>\n<p>[\/vc_column_text][\/vc_column][\/vc_row][vc_row][vc_column][vc_column_text]<span class=\"button-rot\"><a href=\"https:\/\/www.intersport-wagrain.at\/da\/online-reservationer\/\">online reserve, spar 10%\u00a0<\/a><\/span>[\/vc_column_text][\/vc_column][\/vc_row]<\/p>\n<\/div>","protected":false},"excerpt":{"rendered":"<p>[vc_row][vc_column][vc_column_text] Dine\u00a0Fordele [\/vc_column_text][\/vc_column][\/vc_row][vc_row][vc_column][vc_column_text] Vores tjenester [\/vc_column_text][\/vc_column][\/vc_row][vc_row][vc_column][vc_column_text][\/vc_column_text][\/vc_column][\/vc_row][vc_row full_width=&#8221;stretch_row&#8221; bg_type=&#8221;bg_color&#8221; el_class=&#8221;hintergrund&#8221; bg_color_value=&#8221;#eeeff3&#8243;][vc_column width=&#8221;1\/2&#8243;][vc_column_text] Fordele ved at leje skiudstyr hos Intersport Wagrain: [\/vc_column_text][vc_column_text] EARLY BIRD RABAT: 10 % rabat til kunder, der bestiller deres udstyr inden 3 dage f\u00f8r ankomsten. Hvis du er blevet forhindret i at komme p\u00e5 ferie, er der intet afbestillingsgebyr! En kort besked til &hellip;<\/p>\n\n<p><a class=\"readmore btn btn-default btn-default btn-block\" href=\"https:\/\/www.intersport-wagrain.at\/da\/skiudlejning-wagrain\/dine-fordele\/\">Read More<\/a><\/p>","protected":false},"author":2,"featured_media":840,"parent":1009,"menu_order":17,"comment_status":"closed","ping_status":"closed","template":"","meta":{"footnotes":""},"class_list":["post-998","page","type-page","status-publish","has-post-thumbnail","hentry"],"yoast_head":"<!-- This site is optimized with the Yoast SEO plugin v26.5 - https:\/\/yoast.com\/wordpress\/plugins\/seo\/ -->\n<title>Dine Fordele - Intersport Wagrain<\/title>\n<meta name=\"robots\" content=\"index, follow, max-snippet:-1, max-image-preview:large, max-video-preview:-1\" \/>\n<link rel=\"canonical\" href=\"https:\/\/www.intersport-wagrain.at\/da\/skiudlejning-wagrain\/dine-fordele\/\" \/>\n<meta property=\"og:locale\" content=\"da_DK\" \/>\n<meta property=\"og:type\" content=\"article\" \/>\n<meta property=\"og:title\" content=\"Dine Fordele - Intersport Wagrain\" \/>\n<meta property=\"og:description\" content=\"[vc_row][vc_column][vc_column_text] Dine\u00a0Fordele [\/vc_column_text][\/vc_column][\/vc_row][vc_row][vc_column][vc_column_text] Vores tjenester [\/vc_column_text][\/vc_column][\/vc_row][vc_row][vc_column][vc_column_text][\/vc_column_text][\/vc_column][\/vc_row][vc_row full_width=&#8221;stretch_row&#8221; bg_type=&#8221;bg_color&#8221; el_class=&#8221;hintergrund&#8221; bg_color_value=&#8221;#eeeff3&#8243;][vc_column width=&#8221;1\/2&#8243;][vc_column_text] Fordele ved at leje skiudstyr hos Intersport Wagrain: [\/vc_column_text][vc_column_text] EARLY BIRD RABAT: 10 % rabat til kunder, der bestiller deres udstyr inden 3 dage f\u00f8r ankomsten. Hvis du er blevet forhindret i at komme p\u00e5 ferie, er der intet afbestillingsgebyr! En kort besked til &hellip;\" \/>\n<meta property=\"og:url\" content=\"https:\/\/www.intersport-wagrain.at\/da\/skiudlejning-wagrain\/dine-fordele\/\" \/>\n<meta property=\"og:site_name\" content=\"Intersport Wagrain\" \/>\n<meta property=\"article:modified_time\" content=\"2019-10-28T11:56:45+00:00\" \/>\n<meta property=\"og:image\" content=\"https:\/\/www.intersport-wagrain.at\/wp-content\/uploads\/Bild_Basic_ski-amade_500.jpg\" \/>\n\t<meta property=\"og:image:width\" content=\"500\" \/>\n\t<meta property=\"og:image:height\" content=\"333\" \/>\n\t<meta property=\"og:image:type\" content=\"image\/jpeg\" \/>\n<meta name=\"twitter:card\" content=\"summary_large_image\" \/>\n<meta name=\"twitter:label1\" content=\"Estimeret l\u00e6setid\" \/>\n\t<meta name=\"twitter:data1\" content=\"2 minutter\" \/>\n<script type=\"application\/ld+json\" class=\"yoast-schema-graph\">{\"@context\":\"https:\/\/schema.org\",\"@graph\":[{\"@type\":\"WebPage\",\"@id\":\"https:\/\/www.intersport-wagrain.at\/da\/skiudlejning-wagrain\/dine-fordele\/\",\"url\":\"https:\/\/www.intersport-wagrain.at\/da\/skiudlejning-wagrain\/dine-fordele\/\",\"name\":\"Dine Fordele - Intersport Wagrain\",\"isPartOf\":{\"@id\":\"https:\/\/www.intersport-wagrain.at\/#website\"},\"primaryImageOfPage\":{\"@id\":\"https:\/\/www.intersport-wagrain.at\/da\/skiudlejning-wagrain\/dine-fordele\/#primaryimage\"},\"image\":{\"@id\":\"https:\/\/www.intersport-wagrain.at\/da\/skiudlejning-wagrain\/dine-fordele\/#primaryimage\"},\"thumbnailUrl\":\"https:\/\/www.intersport-wagrain.at\/wp-content\/uploads\/Bild_Basic_ski-amade_500.jpg\",\"datePublished\":\"2015-11-13T10:18:17+00:00\",\"dateModified\":\"2019-10-28T11:56:45+00:00\",\"breadcrumb\":{\"@id\":\"https:\/\/www.intersport-wagrain.at\/da\/skiudlejning-wagrain\/dine-fordele\/#breadcrumb\"},\"inLanguage\":\"da-DK\",\"potentialAction\":[{\"@type\":\"ReadAction\",\"target\":[\"https:\/\/www.intersport-wagrain.at\/da\/skiudlejning-wagrain\/dine-fordele\/\"]}]},{\"@type\":\"ImageObject\",\"inLanguage\":\"da-DK\",\"@id\":\"https:\/\/www.intersport-wagrain.at\/da\/skiudlejning-wagrain\/dine-fordele\/#primaryimage\",\"url\":\"https:\/\/www.intersport-wagrain.at\/wp-content\/uploads\/Bild_Basic_ski-amade_500.jpg\",\"contentUrl\":\"https:\/\/www.intersport-wagrain.at\/wp-content\/uploads\/Bild_Basic_ski-amade_500.jpg\",\"width\":500,\"height\":333},{\"@type\":\"BreadcrumbList\",\"@id\":\"https:\/\/www.intersport-wagrain.at\/da\/skiudlejning-wagrain\/dine-fordele\/#breadcrumb\",\"itemListElement\":[{\"@type\":\"ListItem\",\"position\":1,\"name\":\"Startseite\",\"item\":\"https:\/\/www.intersport-wagrain.at\/da\/\"},{\"@type\":\"ListItem\",\"position\":2,\"name\":\"Skiudlejning\",\"item\":\"https:\/\/www.intersport-wagrain.at\/da\/skiudlejning-wagrain\/\"},{\"@type\":\"ListItem\",\"position\":3,\"name\":\"Dine Fordele\"}]},{\"@type\":\"WebSite\",\"@id\":\"https:\/\/www.intersport-wagrain.at\/#website\",\"url\":\"https:\/\/www.intersport-wagrain.at\/\",\"name\":\"Intersport Wagrain\",\"description\":\"Skiverleih, Ski Service - Sportshop in Wagrain\",\"potentialAction\":[{\"@type\":\"SearchAction\",\"target\":{\"@type\":\"EntryPoint\",\"urlTemplate\":\"https:\/\/www.intersport-wagrain.at\/?s={search_term_string}\"},\"query-input\":{\"@type\":\"PropertyValueSpecification\",\"valueRequired\":true,\"valueName\":\"search_term_string\"}}],\"inLanguage\":\"da-DK\"}]}<\/script>\n<!-- \/ Yoast SEO plugin. -->","yoast_head_json":{"title":"Dine Fordele - Intersport Wagrain","robots":{"index":"index","follow":"follow","max-snippet":"max-snippet:-1","max-image-preview":"max-image-preview:large","max-video-preview":"max-video-preview:-1"},"canonical":"https:\/\/www.intersport-wagrain.at\/da\/skiudlejning-wagrain\/dine-fordele\/","og_locale":"da_DK","og_type":"article","og_title":"Dine Fordele - Intersport Wagrain","og_description":"[vc_row][vc_column][vc_column_text] Dine\u00a0Fordele [\/vc_column_text][\/vc_column][\/vc_row][vc_row][vc_column][vc_column_text] Vores tjenester [\/vc_column_text][\/vc_column][\/vc_row][vc_row][vc_column][vc_column_text][\/vc_column_text][\/vc_column][\/vc_row][vc_row full_width=&#8221;stretch_row&#8221; bg_type=&#8221;bg_color&#8221; el_class=&#8221;hintergrund&#8221; bg_color_value=&#8221;#eeeff3&#8243;][vc_column width=&#8221;1\/2&#8243;][vc_column_text] Fordele ved at leje skiudstyr hos Intersport Wagrain: [\/vc_column_text][vc_column_text] EARLY BIRD RABAT: 10 % rabat til kunder, der bestiller deres udstyr inden 3 dage f\u00f8r ankomsten. Hvis du er blevet forhindret i at komme p\u00e5 ferie, er der intet afbestillingsgebyr! En kort besked til &hellip;","og_url":"https:\/\/www.intersport-wagrain.at\/da\/skiudlejning-wagrain\/dine-fordele\/","og_site_name":"Intersport Wagrain","article_modified_time":"2019-10-28T11:56:45+00:00","og_image":[{"width":500,"height":333,"url":"https:\/\/www.intersport-wagrain.at\/wp-content\/uploads\/Bild_Basic_ski-amade_500.jpg","type":"image\/jpeg"}],"twitter_card":"summary_large_image","twitter_misc":{"Estimeret l\u00e6setid":"2 minutter"},"schema":{"@context":"https:\/\/schema.org","@graph":[{"@type":"WebPage","@id":"https:\/\/www.intersport-wagrain.at\/da\/skiudlejning-wagrain\/dine-fordele\/","url":"https:\/\/www.intersport-wagrain.at\/da\/skiudlejning-wagrain\/dine-fordele\/","name":"Dine Fordele - Intersport Wagrain","isPartOf":{"@id":"https:\/\/www.intersport-wagrain.at\/#website"},"primaryImageOfPage":{"@id":"https:\/\/www.intersport-wagrain.at\/da\/skiudlejning-wagrain\/dine-fordele\/#primaryimage"},"image":{"@id":"https:\/\/www.intersport-wagrain.at\/da\/skiudlejning-wagrain\/dine-fordele\/#primaryimage"},"thumbnailUrl":"https:\/\/www.intersport-wagrain.at\/wp-content\/uploads\/Bild_Basic_ski-amade_500.jpg","datePublished":"2015-11-13T10:18:17+00:00","dateModified":"2019-10-28T11:56:45+00:00","breadcrumb":{"@id":"https:\/\/www.intersport-wagrain.at\/da\/skiudlejning-wagrain\/dine-fordele\/#breadcrumb"},"inLanguage":"da-DK","potentialAction":[{"@type":"ReadAction","target":["https:\/\/www.intersport-wagrain.at\/da\/skiudlejning-wagrain\/dine-fordele\/"]}]},{"@type":"ImageObject","inLanguage":"da-DK","@id":"https:\/\/www.intersport-wagrain.at\/da\/skiudlejning-wagrain\/dine-fordele\/#primaryimage","url":"https:\/\/www.intersport-wagrain.at\/wp-content\/uploads\/Bild_Basic_ski-amade_500.jpg","contentUrl":"https:\/\/www.intersport-wagrain.at\/wp-content\/uploads\/Bild_Basic_ski-amade_500.jpg","width":500,"height":333},{"@type":"BreadcrumbList","@id":"https:\/\/www.intersport-wagrain.at\/da\/skiudlejning-wagrain\/dine-fordele\/#breadcrumb","itemListElement":[{"@type":"ListItem","position":1,"name":"Startseite","item":"https:\/\/www.intersport-wagrain.at\/da\/"},{"@type":"ListItem","position":2,"name":"Skiudlejning","item":"https:\/\/www.intersport-wagrain.at\/da\/skiudlejning-wagrain\/"},{"@type":"ListItem","position":3,"name":"Dine Fordele"}]},{"@type":"WebSite","@id":"https:\/\/www.intersport-wagrain.at\/#website","url":"https:\/\/www.intersport-wagrain.at\/","name":"Intersport Wagrain","description":"Skiverleih, Ski Service - Sportshop in Wagrain","potentialAction":[{"@type":"SearchAction","target":{"@type":"EntryPoint","urlTemplate":"https:\/\/www.intersport-wagrain.at\/?s={search_term_string}"},"query-input":{"@type":"PropertyValueSpecification","valueRequired":true,"valueName":"search_term_string"}}],"inLanguage":"da-DK"}]}},"_links":{"self":[{"href":"https:\/\/www.intersport-wagrain.at\/da\/wp-json\/wp\/v2\/pages\/998","targetHints":{"allow":["GET"]}}],"collection":[{"href":"https:\/\/www.intersport-wagrain.at\/da\/wp-json\/wp\/v2\/pages"}],"about":[{"href":"https:\/\/www.intersport-wagrain.at\/da\/wp-json\/wp\/v2\/types\/page"}],"author":[{"embeddable":true,"href":"https:\/\/www.intersport-wagrain.at\/da\/wp-json\/wp\/v2\/users\/2"}],"replies":[{"embeddable":true,"href":"https:\/\/www.intersport-wagrain.at\/da\/wp-json\/wp\/v2\/comments?post=998"}],"version-history":[{"count":4,"href":"https:\/\/www.intersport-wagrain.at\/da\/wp-json\/wp\/v2\/pages\/998\/revisions"}],"predecessor-version":[{"id":2208,"href":"https:\/\/www.intersport-wagrain.at\/da\/wp-json\/wp\/v2\/pages\/998\/revisions\/2208"}],"up":[{"embeddable":true,"href":"https:\/\/www.intersport-wagrain.at\/da\/wp-json\/wp\/v2\/pages\/1009"}],"wp:featuredmedia":[{"embeddable":true,"href":"https:\/\/www.intersport-wagrain.at\/da\/wp-json\/wp\/v2\/media\/840"}],"wp:attachment":[{"href":"https:\/\/www.intersport-wagrain.at\/da\/wp-json\/wp\/v2\/media?parent=998"}],"curies":[{"name":"wp","href":"https:\/\/api.w.org\/{rel}","templated":true}]}}