{"id":980,"date":"2016-01-26T09:31:18","date_gmt":"2016-01-26T08:31:18","guid":{"rendered":"http:\/\/intersport-wagrain.at.w013c6ca.kasserver.com\/da\/skischuh-anpassung\/"},"modified":"2016-11-14T10:32:24","modified_gmt":"2016-11-14T09:32:24","slug":"stoelve-fitting","status":"publish","type":"page","link":"https:\/\/www.intersport-wagrain.at\/da\/skiudlejning-wagrain\/stoelve-fitting\/","title":{"rendered":"St\u00f8lve Fitting"},"content":{"rendered":"<div class=\"wpb-content-wrapper\"><p>[vc_row][vc_column][vc_column_text]<\/p>\n<h1>St\u00f8lve Fitting<\/h1>\n<p>[\/vc_column_text][\/vc_column][\/vc_row][vc_row][vc_column][vc_column_text]<\/p>\n<h4>Tilpasning af skist\u00f8lver<\/h4>\n<p>Skist\u00f8vlerne vil ved hj\u00e6lp af termoformning af skallen blive tilpasset individuelt til dine f\u00f8dder. Vi bruger cirka 25 minutter p\u00e5 den samlede tilpasningsproces (en kop kaffe er inkluderet ;o) )[\/vc_column_text][\/vc_column][\/vc_row][vc_row full_width=&#8221;stretch_row&#8221; bg_type=&#8221;bg_color&#8221; el_class=&#8221;hintergrund&#8221; bg_color_value=&#8221;#eeeff3&#8243;][vc_column width=&#8221;1\/2&#8243;][vc_column_text]<\/p>\n<h4>Individuelt tilpassede skist\u00f8vler fra \u20ac 299,- inklusiv pasformsgaranti<\/h4>\n<p><strong>St\u00f8vlerne skal simpelthen bare passe!<\/strong><\/p>\n<p>Der kan v\u00e6re forskellige \u00e5rsager til problemer med pasformen: Problemerne kan opst\u00e5 p\u00e5 grund af en bred forfod eller en h\u00f8j vrist.<br \/>\nLigeledes kan den indvendige og\/eller udvendige ankelknyst v\u00e6re skyld i problemerne, eller skinnebenet giver problemer.<\/p>\n<p>P\u00e5 baggrund af vores erfaring og muligheder for individuel tilpasning kan vi love, at vi kan tilpasse st\u00f8vlen til dig, s\u00e5 den passer 100 %.<\/p>\n<p>Hvis du alligevel ikke skulle v\u00e6re tilfreds med de skist\u00f8vler, du har k\u00f8bt, bytter vi dem.[\/vc_column_text][\/vc_column][vc_column width=&#8221;1\/2&#8243;][vc_column_text]<\/p>\n<h5 style=\"text-align: center;\">1. Hede\u00a0\/ 2. Justere\u00a0\/ 3.\u00a0Harden<\/h5>\n<p>[\/vc_column_text][vc_gallery type=&#8221;flexslider_slide&#8221; interval=&#8221;5&#8243; images=&#8221;1674,1675,1676&#8243; img_size=&#8221;2000&#215;2000&#8243;][\/vc_column][\/vc_row][vc_row full_width=&#8221;stretch_row&#8221; bg_type=&#8221;bg_color&#8221; el_class=&#8221;hintergrund&#8221; bg_color_value=&#8221;#eeeff3&#8243;][vc_column width=&#8221;1\/2&#8243;]<div class=\"ult_pricing_table_wrap ult_info_table ult_design_2  ult-cs-gray \">\n\t\t\t\t\t<div class=\"ult_pricing_table \" style=\" \"><div id=\"Info-table-wrap-5010\" class=\"ult_pricing_heading\" style=\"\">\n\t\t\t\t\t\t\t<h3 class=\"ult-responsive\"  data-ultimate-target='#Info-table-wrap-5010 h3'  data-responsive-json-new='{\"font-size\":\"\",\"line-height\":\"\"}'  style=\"font-weight:normal;\">Udl\u00f8b:<\/h3><\/div><!--ult_pricing_heading--><div id=\"info_table_features_wrap-2842\"  data-ultimate-target='#info_table_features_wrap-2842.ult_price_features'  data-responsive-json-new='{\"font-size\":\"\",\"line-height\":\"\"}'  class=\"ult-responsive ult_price_features\" style=\"font-weight:normal;\">\n\t\t\t\t\t\t\t<ol>\n<li>Fodanalyse<\/li>\n<li>Valg af st\u00f8vle<\/li>\n<li>Opvarmning af skallen<\/li>\n<li>Tilpasning af foden<\/li>\n<li>Afk\u00f8ling<\/li>\n<li>F\u00e6rdig\u2026 og ud p\u00e5 pisten!<\/li>\n<\/ol>\n\n\t\t\t\t\t\t<\/div><!--ult_price_features--><div class=\"ult_clr\"><\/div>\n\t\t\t<\/div><!--pricing_table-->\n\t\t<\/div><!--pricing_table_wrap-->[\/vc_column][vc_column width=&#8221;1\/2&#8243;][vc_column_text]<\/p>\n<h5 style=\"text-align: center;\">Video Skistolver\u00a0Fitting:<\/h5>\n<p>[\/vc_column_text][vc_video link=&#8221;https:\/\/youtu.be\/bWDLD2RmWhs&#8221;][\/vc_column][\/vc_row][vc_row full_width=&#8221;stretch_row&#8221; bg_type=&#8221;bg_color&#8221; el_class=&#8221;hintergrund&#8221; bg_color_value=&#8221;#eeeff3&#8243;][vc_column][vc_single_image image=&#8221;1716&#8243; img_size=&#8221;medium&#8221; alignment=&#8221;center&#8221; style=&#8221;vc_box_rounded&#8221;][\/vc_column][\/vc_row]<\/p>\n<\/div>","protected":false},"excerpt":{"rendered":"<p>[vc_row][vc_column][vc_column_text] St\u00f8lve Fitting [\/vc_column_text][\/vc_column][\/vc_row][vc_row][vc_column][vc_column_text] Tilpasning af skist\u00f8lver Skist\u00f8vlerne vil ved hj\u00e6lp af termoformning af skallen blive tilpasset individuelt til dine f\u00f8dder. Vi bruger cirka 25 minutter p\u00e5 den samlede tilpasningsproces (en kop kaffe er inkluderet ;o) )[\/vc_column_text][\/vc_column][\/vc_row][vc_row full_width=&#8221;stretch_row&#8221; bg_type=&#8221;bg_color&#8221; el_class=&#8221;hintergrund&#8221; bg_color_value=&#8221;#eeeff3&#8243;][vc_column width=&#8221;1\/2&#8243;][vc_column_text] Individuelt tilpassede skist\u00f8vler fra \u20ac 299,- inklusiv pasformsgaranti St\u00f8vlerne skal simpelthen bare passe! &hellip;<\/p>\n\n<p><a class=\"readmore btn btn-default btn-default btn-block\" href=\"https:\/\/www.intersport-wagrain.at\/da\/skiudlejning-wagrain\/stoelve-fitting\/\">Read More<\/a><\/p>","protected":false},"author":2,"featured_media":0,"parent":1009,"menu_order":14,"comment_status":"closed","ping_status":"closed","template":"","meta":{"footnotes":""},"class_list":["post-980","page","type-page","status-publish","hentry"],"yoast_head":"<!-- This site is optimized with the Yoast SEO plugin v26.5 - https:\/\/yoast.com\/wordpress\/plugins\/seo\/ -->\n<title>St\u00f8lve Fitting - Intersport Wagrain<\/title>\n<meta name=\"robots\" content=\"index, follow, max-snippet:-1, max-image-preview:large, max-video-preview:-1\" \/>\n<link rel=\"canonical\" href=\"https:\/\/www.intersport-wagrain.at\/da\/skiudlejning-wagrain\/stoelve-fitting\/\" \/>\n<meta property=\"og:locale\" content=\"da_DK\" \/>\n<meta property=\"og:type\" content=\"article\" \/>\n<meta property=\"og:title\" content=\"St\u00f8lve Fitting - Intersport Wagrain\" \/>\n<meta property=\"og:description\" content=\"[vc_row][vc_column][vc_column_text] St\u00f8lve Fitting [\/vc_column_text][\/vc_column][\/vc_row][vc_row][vc_column][vc_column_text] Tilpasning af skist\u00f8lver Skist\u00f8vlerne vil ved hj\u00e6lp af termoformning af skallen blive tilpasset individuelt til dine f\u00f8dder. Vi bruger cirka 25 minutter p\u00e5 den samlede tilpasningsproces (en kop kaffe er inkluderet ;o) )[\/vc_column_text][\/vc_column][\/vc_row][vc_row full_width=&#8221;stretch_row&#8221; bg_type=&#8221;bg_color&#8221; el_class=&#8221;hintergrund&#8221; bg_color_value=&#8221;#eeeff3&#8243;][vc_column width=&#8221;1\/2&#8243;][vc_column_text] Individuelt tilpassede skist\u00f8vler fra \u20ac 299,- inklusiv pasformsgaranti St\u00f8vlerne skal simpelthen bare passe! &hellip;\" \/>\n<meta property=\"og:url\" content=\"https:\/\/www.intersport-wagrain.at\/da\/skiudlejning-wagrain\/stoelve-fitting\/\" \/>\n<meta property=\"og:site_name\" content=\"Intersport Wagrain\" \/>\n<meta property=\"article:modified_time\" content=\"2016-11-14T09:32:24+00:00\" \/>\n<meta name=\"twitter:card\" content=\"summary_large_image\" \/>\n<meta name=\"twitter:label1\" content=\"Estimeret l\u00e6setid\" \/>\n\t<meta name=\"twitter:data1\" content=\"2 minutter\" \/>\n<script type=\"application\/ld+json\" class=\"yoast-schema-graph\">{\"@context\":\"https:\/\/schema.org\",\"@graph\":[{\"@type\":\"WebPage\",\"@id\":\"https:\/\/www.intersport-wagrain.at\/da\/skiudlejning-wagrain\/stoelve-fitting\/\",\"url\":\"https:\/\/www.intersport-wagrain.at\/da\/skiudlejning-wagrain\/stoelve-fitting\/\",\"name\":\"St\u00f8lve Fitting - Intersport Wagrain\",\"isPartOf\":{\"@id\":\"https:\/\/www.intersport-wagrain.at\/#website\"},\"datePublished\":\"2016-01-26T08:31:18+00:00\",\"dateModified\":\"2016-11-14T09:32:24+00:00\",\"breadcrumb\":{\"@id\":\"https:\/\/www.intersport-wagrain.at\/da\/skiudlejning-wagrain\/stoelve-fitting\/#breadcrumb\"},\"inLanguage\":\"da-DK\",\"potentialAction\":[{\"@type\":\"ReadAction\",\"target\":[\"https:\/\/www.intersport-wagrain.at\/da\/skiudlejning-wagrain\/stoelve-fitting\/\"]}]},{\"@type\":\"BreadcrumbList\",\"@id\":\"https:\/\/www.intersport-wagrain.at\/da\/skiudlejning-wagrain\/stoelve-fitting\/#breadcrumb\",\"itemListElement\":[{\"@type\":\"ListItem\",\"position\":1,\"name\":\"Startseite\",\"item\":\"https:\/\/www.intersport-wagrain.at\/da\/\"},{\"@type\":\"ListItem\",\"position\":2,\"name\":\"Skiudlejning\",\"item\":\"https:\/\/www.intersport-wagrain.at\/da\/skiudlejning-wagrain\/\"},{\"@type\":\"ListItem\",\"position\":3,\"name\":\"St\u00f8lve Fitting\"}]},{\"@type\":\"WebSite\",\"@id\":\"https:\/\/www.intersport-wagrain.at\/#website\",\"url\":\"https:\/\/www.intersport-wagrain.at\/\",\"name\":\"Intersport Wagrain\",\"description\":\"Skiverleih, Ski Service - Sportshop in Wagrain\",\"potentialAction\":[{\"@type\":\"SearchAction\",\"target\":{\"@type\":\"EntryPoint\",\"urlTemplate\":\"https:\/\/www.intersport-wagrain.at\/?s={search_term_string}\"},\"query-input\":{\"@type\":\"PropertyValueSpecification\",\"valueRequired\":true,\"valueName\":\"search_term_string\"}}],\"inLanguage\":\"da-DK\"}]}<\/script>\n<!-- \/ Yoast SEO plugin. -->","yoast_head_json":{"title":"St\u00f8lve Fitting - Intersport Wagrain","robots":{"index":"index","follow":"follow","max-snippet":"max-snippet:-1","max-image-preview":"max-image-preview:large","max-video-preview":"max-video-preview:-1"},"canonical":"https:\/\/www.intersport-wagrain.at\/da\/skiudlejning-wagrain\/stoelve-fitting\/","og_locale":"da_DK","og_type":"article","og_title":"St\u00f8lve Fitting - Intersport Wagrain","og_description":"[vc_row][vc_column][vc_column_text] St\u00f8lve Fitting [\/vc_column_text][\/vc_column][\/vc_row][vc_row][vc_column][vc_column_text] Tilpasning af skist\u00f8lver Skist\u00f8vlerne vil ved hj\u00e6lp af termoformning af skallen blive tilpasset individuelt til dine f\u00f8dder. Vi bruger cirka 25 minutter p\u00e5 den samlede tilpasningsproces (en kop kaffe er inkluderet ;o) )[\/vc_column_text][\/vc_column][\/vc_row][vc_row full_width=&#8221;stretch_row&#8221; bg_type=&#8221;bg_color&#8221; el_class=&#8221;hintergrund&#8221; bg_color_value=&#8221;#eeeff3&#8243;][vc_column width=&#8221;1\/2&#8243;][vc_column_text] Individuelt tilpassede skist\u00f8vler fra \u20ac 299,- inklusiv pasformsgaranti St\u00f8vlerne skal simpelthen bare passe! &hellip;","og_url":"https:\/\/www.intersport-wagrain.at\/da\/skiudlejning-wagrain\/stoelve-fitting\/","og_site_name":"Intersport Wagrain","article_modified_time":"2016-11-14T09:32:24+00:00","twitter_card":"summary_large_image","twitter_misc":{"Estimeret l\u00e6setid":"2 minutter"},"schema":{"@context":"https:\/\/schema.org","@graph":[{"@type":"WebPage","@id":"https:\/\/www.intersport-wagrain.at\/da\/skiudlejning-wagrain\/stoelve-fitting\/","url":"https:\/\/www.intersport-wagrain.at\/da\/skiudlejning-wagrain\/stoelve-fitting\/","name":"St\u00f8lve Fitting - Intersport Wagrain","isPartOf":{"@id":"https:\/\/www.intersport-wagrain.at\/#website"},"datePublished":"2016-01-26T08:31:18+00:00","dateModified":"2016-11-14T09:32:24+00:00","breadcrumb":{"@id":"https:\/\/www.intersport-wagrain.at\/da\/skiudlejning-wagrain\/stoelve-fitting\/#breadcrumb"},"inLanguage":"da-DK","potentialAction":[{"@type":"ReadAction","target":["https:\/\/www.intersport-wagrain.at\/da\/skiudlejning-wagrain\/stoelve-fitting\/"]}]},{"@type":"BreadcrumbList","@id":"https:\/\/www.intersport-wagrain.at\/da\/skiudlejning-wagrain\/stoelve-fitting\/#breadcrumb","itemListElement":[{"@type":"ListItem","position":1,"name":"Startseite","item":"https:\/\/www.intersport-wagrain.at\/da\/"},{"@type":"ListItem","position":2,"name":"Skiudlejning","item":"https:\/\/www.intersport-wagrain.at\/da\/skiudlejning-wagrain\/"},{"@type":"ListItem","position":3,"name":"St\u00f8lve Fitting"}]},{"@type":"WebSite","@id":"https:\/\/www.intersport-wagrain.at\/#website","url":"https:\/\/www.intersport-wagrain.at\/","name":"Intersport Wagrain","description":"Skiverleih, Ski Service - Sportshop in Wagrain","potentialAction":[{"@type":"SearchAction","target":{"@type":"EntryPoint","urlTemplate":"https:\/\/www.intersport-wagrain.at\/?s={search_term_string}"},"query-input":{"@type":"PropertyValueSpecification","valueRequired":true,"valueName":"search_term_string"}}],"inLanguage":"da-DK"}]}},"_links":{"self":[{"href":"https:\/\/www.intersport-wagrain.at\/da\/wp-json\/wp\/v2\/pages\/980","targetHints":{"allow":["GET"]}}],"collection":[{"href":"https:\/\/www.intersport-wagrain.at\/da\/wp-json\/wp\/v2\/pages"}],"about":[{"href":"https:\/\/www.intersport-wagrain.at\/da\/wp-json\/wp\/v2\/types\/page"}],"author":[{"embeddable":true,"href":"https:\/\/www.intersport-wagrain.at\/da\/wp-json\/wp\/v2\/users\/2"}],"replies":[{"embeddable":true,"href":"https:\/\/www.intersport-wagrain.at\/da\/wp-json\/wp\/v2\/comments?post=980"}],"version-history":[{"count":4,"href":"https:\/\/www.intersport-wagrain.at\/da\/wp-json\/wp\/v2\/pages\/980\/revisions"}],"predecessor-version":[{"id":1717,"href":"https:\/\/www.intersport-wagrain.at\/da\/wp-json\/wp\/v2\/pages\/980\/revisions\/1717"}],"up":[{"embeddable":true,"href":"https:\/\/www.intersport-wagrain.at\/da\/wp-json\/wp\/v2\/pages\/1009"}],"wp:attachment":[{"href":"https:\/\/www.intersport-wagrain.at\/da\/wp-json\/wp\/v2\/media?parent=980"}],"curies":[{"name":"wp","href":"https:\/\/api.w.org\/{rel}","templated":true}]}}