{"id":971,"date":"2016-09-05T16:39:13","date_gmt":"2016-09-05T14:39:13","guid":{"rendered":"http:\/\/intersport-wagrain.at.w013c6ca.kasserver.com\/da\/snowbike\/"},"modified":"2023-11-09T10:30:05","modified_gmt":"2023-11-09T09:30:05","slug":"snowbike","status":"publish","type":"page","link":"https:\/\/www.intersport-wagrain.at\/da\/skiudlejning-wagrain\/snowbike\/","title":{"rendered":"Snowbike"},"content":{"rendered":"<div class=\"wpb-content-wrapper\"><p>[vc_row][vc_column][vc_column_text]<\/p>\n<h1>Snowbike<\/h1>\n<p>[\/vc_column_text][\/vc_column][\/vc_row][vc_row][vc_column][vc_column_text]<\/p>\n<h2>Du kan l\u00e6re det p\u00e5 en til to timer!<\/h2>\n<p>[\/vc_column_text][\/vc_column][\/vc_row][vc_row][vc_column][vc_column_text]Hvis man ofte k\u00f8rer p\u00e5 cykel eller motorcykel, vil man meget hurtigt finde sig til rette p\u00e5 en snowbike! Man styrer den intuitivt &#8211; ved blot at dreje hovedet en lille smule styres snowbiken let i den \u00f8nskede retning.[\/vc_column_text][\/vc_column][\/vc_row][vc_row full_width=&#8221;stretch_row&#8221; bg_type=&#8221;bg_color&#8221; el_class=&#8221;hintergrund&#8221; bg_color_value=&#8221;#eeeff3&#8243;][vc_column width=&#8221;1\/2&#8243;][vc_column_text]<\/p>\n<h3>Du kan l\u00e6re det p\u00e5 en til to timer!<\/h3>\n<p><strong>L\u00c6R DET SELV:<\/strong> P\u00e5 den f\u00f8lgende video forklares de grundl\u00e6ggende trin. De er desuden sammenfattet p\u00e5 f\u00f8lgende informationsblad:<\/p>\n<p>&nbsp;<\/p>\n<p><a href=\"https:\/\/youtu.be\/6iiz5FYcVqM\">Video<\/a><\/p>\n<p>&nbsp;<\/p>\n<p><strong>WORKSHOP:<\/strong> Du kan ogs\u00e5 booke en snowbike workshop inkl. instrukt\u00f8r i vores shop: <a href=\"mailto:info@intersport-wagrain.at\">info@intersport-wagrain.at<\/a>[\/vc_column_text][\/vc_column][vc_column width=&#8221;1\/2&#8243;][vc_single_image image=&#8221;625&#8243; img_size=&#8221;small&#8221; add_caption=&#8221;yes&#8221; alignment=&#8221;center&#8221; style=&#8221;vc_box_shadow_border&#8221; onclick=&#8221;link_image&#8221;][\/vc_column][\/vc_row][vc_row][vc_column][vc_column_text]\n<table id=\"tablepress-50\" class=\"tablepress tablepress-id-50\">\n<thead>\n<tr class=\"row-1\">\n\t<td class=\"column-1\"><\/td><th class=\"column-2\">SNOWBIKE WORKSHOP<\/th>\n<\/tr>\n<\/thead>\n<tbody class=\"row-striping row-hover\">\n<tr class=\"row-2\">\n\t<td class=\"column-1\">Description:<\/td><td class=\"column-2\">Workshop 2 hours incl. Guide, more Info <a href=\"http:\/\/www.snowbike-salzburg.com\" rel=\"noopener noreferrer\" target=\"_blank\">www.snowbike-salzburg.com<\/a><\/td>\n<\/tr>\n<tr class=\"row-3\">\n\t<td class=\"column-1\">Duration:<\/td><td class=\"column-2\">2 hours<\/td>\n<\/tr>\n<tr class=\"row-4\">\n\t<td class=\"column-1\">Others:<\/td><td class=\"column-2\">incl. Coach &amp; Snowbike for the whole day<\/td>\n<\/tr>\n<tr class=\"row-5\">\n\t<td class=\"column-1\">Minimum Numbers:<\/td><td class=\"column-2\">5 Persons<\/td>\n<\/tr>\n<tr class=\"row-6\">\n\t<td class=\"column-1\">Prize per Person:<\/td><td class=\"column-2\">\u20ac 49<\/td>\n<\/tr>\n<tr class=\"row-7\">\n\t<td class=\"column-1\">each other Person:<\/td><td class=\"column-2\">\u20ac 49<\/td>\n<\/tr>\n<\/tbody>\n<\/table>\n[\/vc_column_text][\/vc_column][\/vc_row][vc_row][vc_column][vc_column_text]\n<table id=\"tablepress-51\" class=\"tablepress tablepress-id-51\">\n<thead>\n<tr class=\"row-1\">\n\t<td class=\"column-1\"><\/td><th class=\"column-2\">VIP SERVICE<\/th>\n<\/tr>\n<\/thead>\n<tbody class=\"row-striping row-hover\">\n<tr class=\"row-2\">\n\t<td class=\"column-1\">Description:<\/td><td class=\"column-2\">VIP-Coach for 2 hours, more Infos <a href=\"http:\/\/www.snowbike-salzburg.com\" rel=\"noopener noreferrer\" target=\"_blank\">www.snowbike-salzburg.com<\/a><\/td>\n<\/tr>\n<tr class=\"row-3\">\n\t<td class=\"column-1\">Duration:<\/td><td class=\"column-2\">2 hours<\/td>\n<\/tr>\n<tr class=\"row-4\">\n\t<td class=\"column-1\">Others:<\/td><td class=\"column-2\">incl. Coach &amp; Snowbike for the whole day<\/td>\n<\/tr>\n<tr class=\"row-5\">\n\t<td class=\"column-1\">Minimum Numbers:<\/td><td class=\"column-2\">1 person<\/td>\n<\/tr>\n<tr class=\"row-6\">\n\t<td class=\"column-1\">Prize per Person:<\/td><td class=\"column-2\">\u20ac 199 (for 1 Person)<\/td>\n<\/tr>\n<tr class=\"row-7\">\n\t<td class=\"column-1\">each other Person:<\/td><td class=\"column-2\">\u20ac 36<\/td>\n<\/tr>\n<\/tbody>\n<\/table>\n[\/vc_column_text][\/vc_column][\/vc_row][vc_row][vc_column][vc_column_text]\n<table id=\"tablepress-52\" class=\"tablepress tablepress-id-52\">\n<thead>\n<tr class=\"row-1\">\n\t<td class=\"column-1\"><\/td><th class=\"column-2\">MOONLIGHT TOUR<\/th>\n<\/tr>\n<\/thead>\n<tbody class=\"row-striping row-hover\">\n<tr class=\"row-2\">\n\t<td class=\"column-1\">Description:<\/td><td class=\"column-2\">Start about 3:30 p.m., incl introduction, more infos <a href=\"http:\/\/www.snowbike-salzburg.com\" rel=\"noopener noreferrer\" target=\"_blank\">www.snowbike-salzburg.com<\/a><\/td>\n<\/tr>\n<tr class=\"row-3\">\n\t<td class=\"column-1\">Duration:<\/td><td class=\"column-2\">appr. 1,5 to 2 hours<\/td>\n<\/tr>\n<tr class=\"row-4\">\n\t<td class=\"column-1\">Others:<\/td><td class=\"column-2\">incl. Coach &amp; Snowbike &amp; headlamps<\/td>\n<\/tr>\n<tr class=\"row-5\">\n\t<td class=\"column-1\">Minimum Numbers:<\/td><td class=\"column-2\">ab 5 Personen<\/td>\n<\/tr>\n<tr class=\"row-6\">\n\t<td class=\"column-1\">Prize per Person:<\/td><td class=\"column-2\">\u20ac 49<\/td>\n<\/tr>\n<tr class=\"row-7\">\n\t<td class=\"column-1\">each other Person:<\/td><td class=\"column-2\">\u20ac 49<\/td>\n<\/tr>\n<\/tbody>\n<\/table>\n[\/vc_column_text][\/vc_column][\/vc_row][vc_row][vc_column][vc_column_text]\n<table id=\"tablepress-53\" class=\"tablepress tablepress-id-53\">\n<thead>\n<tr class=\"row-1\">\n\t<td class=\"column-1\"><\/td><th class=\"column-2\">WINTER SAFARI<\/th>\n<\/tr>\n<\/thead>\n<tbody class=\"row-striping row-hover\">\n<tr class=\"row-2\">\n\t<td class=\"column-1\">Description:<\/td><td class=\"column-2\">4 hours incl. Guide, more Infos  <a href=\"http:\/\/www.snowbike-salzburg.com\" rel=\"noopener noreferrer\" target=\"_blank\">www.snowbike-salzburg.com<\/a><\/td>\n<\/tr>\n<tr class=\"row-3\">\n\t<td class=\"column-1\">Duration:<\/td><td class=\"column-2\">appr. 4 hours<\/td>\n<\/tr>\n<tr class=\"row-4\">\n\t<td class=\"column-1\">Others:<\/td><td class=\"column-2\">incl. Coach &amp; Snowbike for the whole day<\/td>\n<\/tr>\n<tr class=\"row-5\">\n\t<td class=\"column-1\">Minimum Numbers:<\/td><td class=\"column-2\">4 Persons<\/td>\n<\/tr>\n<tr class=\"row-6\">\n\t<td class=\"column-1\">Prize per Person:<\/td><td class=\"column-2\">\u20ac 289 (for 4-6 Persons)<\/td>\n<\/tr>\n<tr class=\"row-7\">\n\t<td class=\"column-1\">each other Person:<\/td><td class=\"column-2\">\u20ac 30<\/td>\n<\/tr>\n<\/tbody>\n<\/table>\n[\/vc_column_text][\/vc_column][\/vc_row][vc_row full_width=&#8221;stretch_row&#8221; bg_type=&#8221;bg_color&#8221; el_class=&#8221;hintergrund&#8221; bg_color_value=&#8221;#eeeff3&#8243;][vc_column width=&#8221;1\/3&#8243;][vc_single_image image=&#8221;651&#8243; img_size=&#8221;small&#8221; alignment=&#8221;center&#8221; style=&#8221;vc_box_shadow_border&#8221;][\/vc_column][vc_column width=&#8221;1\/3&#8243;][vc_column_text]<\/p>\n<h4>Snowbike er sk\u00e5nende for kn\u00e6 og led<\/h4>\n<p style=\"text-align: justify;\">Mobiliserer og stabiliserer din rygs\u00f8jle og trimmer din mave- og s\u00e6demuskulatur. Snowbiking er perfekt egnet til personer med kn\u00e6- eller hofteproblemer p\u00e5 grund af den siddende position.<\/p>\n<p>[\/vc_column_text][\/vc_column][vc_column width=&#8221;1\/3&#8243;][vc_single_image image=&#8221;638&#8243; img_size=&#8221;small&#8221; alignment=&#8221;center&#8221; style=&#8221;vc_box_shadow_border&#8221;][\/vc_column][\/vc_row]<\/p>\n<\/div>","protected":false},"excerpt":{"rendered":"<p>[vc_row][vc_column][vc_column_text] Snowbike [\/vc_column_text][\/vc_column][\/vc_row][vc_row][vc_column][vc_column_text] Du kan l\u00e6re det p\u00e5 en til to timer! [\/vc_column_text][\/vc_column][\/vc_row][vc_row][vc_column][vc_column_text]Hvis man ofte k\u00f8rer p\u00e5 cykel eller motorcykel, vil man meget hurtigt finde sig til rette p\u00e5 en snowbike! Man styrer den intuitivt &#8211; ved blot at dreje hovedet en lille smule styres snowbiken let i den \u00f8nskede retning.[\/vc_column_text][\/vc_column][\/vc_row][vc_row full_width=&#8221;stretch_row&#8221; bg_type=&#8221;bg_color&#8221; el_class=&#8221;hintergrund&#8221; bg_color_value=&#8221;#eeeff3&#8243;][vc_column &hellip;<\/p>\n\n<p><a class=\"readmore btn btn-default btn-default btn-block\" href=\"https:\/\/www.intersport-wagrain.at\/da\/skiudlejning-wagrain\/snowbike\/\">Read More<\/a><\/p>","protected":false},"author":2,"featured_media":0,"parent":1009,"menu_order":4,"comment_status":"closed","ping_status":"closed","template":"","meta":{"footnotes":""},"class_list":["post-971","page","type-page","status-publish","hentry"],"yoast_head":"<!-- This site is optimized with the Yoast SEO plugin v26.5 - https:\/\/yoast.com\/wordpress\/plugins\/seo\/ -->\n<title>Snowbike - Intersport Wagrain<\/title>\n<meta name=\"robots\" content=\"index, follow, max-snippet:-1, max-image-preview:large, max-video-preview:-1\" \/>\n<link rel=\"canonical\" href=\"https:\/\/www.intersport-wagrain.at\/da\/skiudlejning-wagrain\/snowbike\/\" \/>\n<meta property=\"og:locale\" content=\"da_DK\" \/>\n<meta property=\"og:type\" content=\"article\" \/>\n<meta property=\"og:title\" content=\"Snowbike - Intersport Wagrain\" \/>\n<meta property=\"og:description\" content=\"[vc_row][vc_column][vc_column_text] Snowbike [\/vc_column_text][\/vc_column][\/vc_row][vc_row][vc_column][vc_column_text] Du kan l\u00e6re det p\u00e5 en til to timer! [\/vc_column_text][\/vc_column][\/vc_row][vc_row][vc_column][vc_column_text]Hvis man ofte k\u00f8rer p\u00e5 cykel eller motorcykel, vil man meget hurtigt finde sig til rette p\u00e5 en snowbike! Man styrer den intuitivt &#8211; ved blot at dreje hovedet en lille smule styres snowbiken let i den \u00f8nskede retning.[\/vc_column_text][\/vc_column][\/vc_row][vc_row full_width=&#8221;stretch_row&#8221; bg_type=&#8221;bg_color&#8221; el_class=&#8221;hintergrund&#8221; bg_color_value=&#8221;#eeeff3&#8243;][vc_column &hellip;\" \/>\n<meta property=\"og:url\" content=\"https:\/\/www.intersport-wagrain.at\/da\/skiudlejning-wagrain\/snowbike\/\" \/>\n<meta property=\"og:site_name\" content=\"Intersport Wagrain\" \/>\n<meta property=\"article:modified_time\" content=\"2023-11-09T09:30:05+00:00\" \/>\n<meta name=\"twitter:card\" content=\"summary_large_image\" \/>\n<meta name=\"twitter:label1\" content=\"Estimeret l\u00e6setid\" \/>\n\t<meta name=\"twitter:data1\" content=\"1 minut\" \/>\n<script type=\"application\/ld+json\" class=\"yoast-schema-graph\">{\"@context\":\"https:\/\/schema.org\",\"@graph\":[{\"@type\":\"WebPage\",\"@id\":\"https:\/\/www.intersport-wagrain.at\/da\/skiudlejning-wagrain\/snowbike\/\",\"url\":\"https:\/\/www.intersport-wagrain.at\/da\/skiudlejning-wagrain\/snowbike\/\",\"name\":\"Snowbike - Intersport Wagrain\",\"isPartOf\":{\"@id\":\"https:\/\/www.intersport-wagrain.at\/#website\"},\"datePublished\":\"2016-09-05T14:39:13+00:00\",\"dateModified\":\"2023-11-09T09:30:05+00:00\",\"breadcrumb\":{\"@id\":\"https:\/\/www.intersport-wagrain.at\/da\/skiudlejning-wagrain\/snowbike\/#breadcrumb\"},\"inLanguage\":\"da-DK\",\"potentialAction\":[{\"@type\":\"ReadAction\",\"target\":[\"https:\/\/www.intersport-wagrain.at\/da\/skiudlejning-wagrain\/snowbike\/\"]}]},{\"@type\":\"BreadcrumbList\",\"@id\":\"https:\/\/www.intersport-wagrain.at\/da\/skiudlejning-wagrain\/snowbike\/#breadcrumb\",\"itemListElement\":[{\"@type\":\"ListItem\",\"position\":1,\"name\":\"Startseite\",\"item\":\"https:\/\/www.intersport-wagrain.at\/da\/\"},{\"@type\":\"ListItem\",\"position\":2,\"name\":\"Skiudlejning\",\"item\":\"https:\/\/www.intersport-wagrain.at\/da\/skiudlejning-wagrain\/\"},{\"@type\":\"ListItem\",\"position\":3,\"name\":\"Snowbike\"}]},{\"@type\":\"WebSite\",\"@id\":\"https:\/\/www.intersport-wagrain.at\/#website\",\"url\":\"https:\/\/www.intersport-wagrain.at\/\",\"name\":\"Intersport Wagrain\",\"description\":\"Skiverleih, Ski Service - Sportshop in Wagrain\",\"potentialAction\":[{\"@type\":\"SearchAction\",\"target\":{\"@type\":\"EntryPoint\",\"urlTemplate\":\"https:\/\/www.intersport-wagrain.at\/?s={search_term_string}\"},\"query-input\":{\"@type\":\"PropertyValueSpecification\",\"valueRequired\":true,\"valueName\":\"search_term_string\"}}],\"inLanguage\":\"da-DK\"}]}<\/script>\n<!-- \/ Yoast SEO plugin. -->","yoast_head_json":{"title":"Snowbike - Intersport Wagrain","robots":{"index":"index","follow":"follow","max-snippet":"max-snippet:-1","max-image-preview":"max-image-preview:large","max-video-preview":"max-video-preview:-1"},"canonical":"https:\/\/www.intersport-wagrain.at\/da\/skiudlejning-wagrain\/snowbike\/","og_locale":"da_DK","og_type":"article","og_title":"Snowbike - Intersport Wagrain","og_description":"[vc_row][vc_column][vc_column_text] Snowbike [\/vc_column_text][\/vc_column][\/vc_row][vc_row][vc_column][vc_column_text] Du kan l\u00e6re det p\u00e5 en til to timer! [\/vc_column_text][\/vc_column][\/vc_row][vc_row][vc_column][vc_column_text]Hvis man ofte k\u00f8rer p\u00e5 cykel eller motorcykel, vil man meget hurtigt finde sig til rette p\u00e5 en snowbike! Man styrer den intuitivt &#8211; ved blot at dreje hovedet en lille smule styres snowbiken let i den \u00f8nskede retning.[\/vc_column_text][\/vc_column][\/vc_row][vc_row full_width=&#8221;stretch_row&#8221; bg_type=&#8221;bg_color&#8221; el_class=&#8221;hintergrund&#8221; bg_color_value=&#8221;#eeeff3&#8243;][vc_column &hellip;","og_url":"https:\/\/www.intersport-wagrain.at\/da\/skiudlejning-wagrain\/snowbike\/","og_site_name":"Intersport Wagrain","article_modified_time":"2023-11-09T09:30:05+00:00","twitter_card":"summary_large_image","twitter_misc":{"Estimeret l\u00e6setid":"1 minut"},"schema":{"@context":"https:\/\/schema.org","@graph":[{"@type":"WebPage","@id":"https:\/\/www.intersport-wagrain.at\/da\/skiudlejning-wagrain\/snowbike\/","url":"https:\/\/www.intersport-wagrain.at\/da\/skiudlejning-wagrain\/snowbike\/","name":"Snowbike - Intersport Wagrain","isPartOf":{"@id":"https:\/\/www.intersport-wagrain.at\/#website"},"datePublished":"2016-09-05T14:39:13+00:00","dateModified":"2023-11-09T09:30:05+00:00","breadcrumb":{"@id":"https:\/\/www.intersport-wagrain.at\/da\/skiudlejning-wagrain\/snowbike\/#breadcrumb"},"inLanguage":"da-DK","potentialAction":[{"@type":"ReadAction","target":["https:\/\/www.intersport-wagrain.at\/da\/skiudlejning-wagrain\/snowbike\/"]}]},{"@type":"BreadcrumbList","@id":"https:\/\/www.intersport-wagrain.at\/da\/skiudlejning-wagrain\/snowbike\/#breadcrumb","itemListElement":[{"@type":"ListItem","position":1,"name":"Startseite","item":"https:\/\/www.intersport-wagrain.at\/da\/"},{"@type":"ListItem","position":2,"name":"Skiudlejning","item":"https:\/\/www.intersport-wagrain.at\/da\/skiudlejning-wagrain\/"},{"@type":"ListItem","position":3,"name":"Snowbike"}]},{"@type":"WebSite","@id":"https:\/\/www.intersport-wagrain.at\/#website","url":"https:\/\/www.intersport-wagrain.at\/","name":"Intersport Wagrain","description":"Skiverleih, Ski Service - Sportshop in Wagrain","potentialAction":[{"@type":"SearchAction","target":{"@type":"EntryPoint","urlTemplate":"https:\/\/www.intersport-wagrain.at\/?s={search_term_string}"},"query-input":{"@type":"PropertyValueSpecification","valueRequired":true,"valueName":"search_term_string"}}],"inLanguage":"da-DK"}]}},"_links":{"self":[{"href":"https:\/\/www.intersport-wagrain.at\/da\/wp-json\/wp\/v2\/pages\/971","targetHints":{"allow":["GET"]}}],"collection":[{"href":"https:\/\/www.intersport-wagrain.at\/da\/wp-json\/wp\/v2\/pages"}],"about":[{"href":"https:\/\/www.intersport-wagrain.at\/da\/wp-json\/wp\/v2\/types\/page"}],"author":[{"embeddable":true,"href":"https:\/\/www.intersport-wagrain.at\/da\/wp-json\/wp\/v2\/users\/2"}],"replies":[{"embeddable":true,"href":"https:\/\/www.intersport-wagrain.at\/da\/wp-json\/wp\/v2\/comments?post=971"}],"version-history":[{"count":3,"href":"https:\/\/www.intersport-wagrain.at\/da\/wp-json\/wp\/v2\/pages\/971\/revisions"}],"predecessor-version":[{"id":3398,"href":"https:\/\/www.intersport-wagrain.at\/da\/wp-json\/wp\/v2\/pages\/971\/revisions\/3398"}],"up":[{"embeddable":true,"href":"https:\/\/www.intersport-wagrain.at\/da\/wp-json\/wp\/v2\/pages\/1009"}],"wp:attachment":[{"href":"https:\/\/www.intersport-wagrain.at\/da\/wp-json\/wp\/v2\/media?parent=971"}],"curies":[{"name":"wp","href":"https:\/\/api.w.org\/{rel}","templated":true}]}}