{"id":968,"date":"2016-09-07T11:35:38","date_gmt":"2016-09-07T09:35:38","guid":{"rendered":"http:\/\/intersport-wagrain.at.w013c6ca.kasserver.com\/da\/skischuh-probleme-wagrain\/"},"modified":"2016-11-12T15:43:20","modified_gmt":"2016-11-12T14:43:20","slug":"skistoevle-problemer","status":"publish","type":"page","link":"https:\/\/www.intersport-wagrain.at\/da\/skistoevle-problemer\/","title":{"rendered":"Skist\u00f8vle Problemer"},"content":{"rendered":"<div class=\"wpb-content-wrapper\"><p>[vc_row][vc_column][vc_column_text]<\/p>\n<h1>Problemer i boot &#8211; Hvad g\u00f8r jeg?<\/h1>\n<p>[\/vc_column_text][\/vc_column][\/vc_row][vc_row][vc_column][vc_column_text]<\/p>\n<h2>Skist\u00f8vle-service direkte ved pisten!<\/h2>\n<p>Fodsmerter under skil\u00f8b kan \u00f8del\u00e6gge selv den bedste skidag. \u00c5rsagerne til disse problemer kan v\u00e6re mange.[\/vc_column_text][\/vc_column][\/vc_row][vc_row full_width=&#8221;stretch_row&#8221; bg_type=&#8221;bg_color&#8221; el_class=&#8221;hintergrund&#8221; bg_color_value=&#8221;#eeeff3&#8243;][vc_column width=&#8221;2\/3&#8243;][vc_column_text]<\/p>\n<h3>Vores placering er din fordel:<\/h3>\n<p>Eftersom vores butik ligger lige ved pisten, kan vi klare reparationer, tilpasninger og anden skist\u00f8vle-service p\u00e5 stedet. I mellemtiden kan du f\u00e5 dig en kop kaffe i vores caf\u00e9-hj\u00f8rne.<br \/>\nPr\u00f8v straks \u00e6ndringerne p\u00e5 en n\u00e6rliggende piste. Hvis st\u00f8vlen stadig ikke passer, kommer du bare ind i vores butik igen. Vi er altid parate til at hj\u00e6lpe dig.<br \/>\nHvis du k\u00f8ber nye skist\u00f8vler hos os, tilpasser vi dem uden omkostninger, indtil du er helt tilfreds med st\u00f8vlerne.[\/vc_column_text][vc_column_text]<\/p>\n<h4>For\u00e5rsager?<\/h4>\n<p>Disse problemer kan skyldes en bred forfod eller en h\u00f8j vrist. Ligeledes kan anklen p\u00e5 inder- og\/eller ydersiden af benet v\u00e6re skyld heri, eller skinnebenet giver problemer..[\/vc_column_text][\/vc_column][vc_column width=&#8221;1\/3&#8243;][vc_column_text]<\/p>\n<h5>Die h\u00e4ufigsten Problemzonen:<\/h5>\n<p>[\/vc_column_text][vc_gallery type=&#8221;flexslider_slide&#8221; interval=&#8221;3&#8243; images=&#8221;1629,1631&#8243; img_size=&#8221;2000&#215;500&#8243;][vc_column_text]1 &#8211; Erster und letzter Mittelfu\u00dfknochen<\/p>\n<p>2 &#8211; Kahnbeinkopf<\/p>\n<p>3 &#8211; Fersensporn[\/vc_column_text][vc_column_text]4 &#8211; Basis des 5.\u00a0 Mittelfu\u00dfknochen<\/p>\n<p>5 &#8211; Keilbein auf dem Fu\u00dfrist<\/p>\n<p>6 &#8211; Kn\u00f6chel[\/vc_column_text][\/vc_column][\/vc_row][vc_row full_width=&#8221;stretch_row&#8221; bg_type=&#8221;bg_color&#8221; el_class=&#8221;hintergrund&#8221; bg_color_value=&#8221;#eeeff3&#8243;][vc_column width=&#8221;2\/3&#8243;]<div class=\"ult_pricing_table_wrap ult_info_table ult_design_2  ult-cs-gray \">\n\t\t\t\t\t<div class=\"ult_pricing_table \" style=\" \"><div id=\"Info-table-wrap-5361\" class=\"ult_pricing_heading\" style=\"\">\n\t\t\t\t\t\t\t<h3 class=\"ult-responsive\"  data-ultimate-target='#Info-table-wrap-5361 h3'  data-responsive-json-new='{\"font-size\":\"\",\"line-height\":\"\"}'  style=\"font-weight:normal;\">F\u00f8lgende problemer opst\u00e5r hyppigst:<\/h3><\/div><!--ult_pricing_heading--><div id=\"info_table_features_wrap-9384\"  data-ultimate-target='#info_table_features_wrap-9384.ult_price_features'  data-responsive-json-new='{\"font-size\":\"\",\"line-height\":\"\"}'  class=\"ult-responsive ult_price_features\" style=\"font-weight:normal;\">\n\t\t\t\t\t\t\t<ul>\n<li>St\u00f8vlen trykker forskellige steder<\/li>\n<li>Br\u00e6ndende smerter i fods\u00e5len<\/li>\n<li>St\u00f8vlen sidder for l\u00f8st<\/li>\n<li>Kolde f\u00f8dder<\/li>\n<li>Krampe i foden<\/li>\n<li>Smerter i skinnebenet<\/li>\n<li>Skischuhe lassen sich nur schwer schliessen<\/li>\n<\/ul>\n\n\t\t\t\t\t\t<\/div><!--ult_price_features--><div class=\"ult_clr\"><\/div>\n\t\t\t<\/div><!--pricing_table-->\n\t\t<\/div><!--pricing_table_wrap-->[\/vc_column][vc_column width=&#8221;1\/3&#8243;][vc_column_text]<\/p>\n<h5 style=\"text-align: center;\">Anpassung des Innenschuhs<\/h5>\n<p>[\/vc_column_text][vc_gallery type=&#8221;flexslider_slide&#8221; interval=&#8221;5&#8243; images=&#8221;1648,1647,1646,1645&#8243; img_size=&#8221;500&#215;500&#8243;][\/vc_column][\/vc_row][vc_row full_width=&#8221;stretch_row&#8221; bg_type=&#8221;bg_color&#8221; el_class=&#8221;hintergrund&#8221; bg_color_value=&#8221;#eeeff3&#8243;][vc_column width=&#8221;2\/3&#8243;]<div class=\"ult_pricing_table_wrap ult_info_table ult_design_2  ult-cs-gray \">\n\t\t\t\t\t<div class=\"ult_pricing_table \" style=\" \"><div id=\"Info-table-wrap-1687\" class=\"ult_pricing_heading\" style=\"\">\n\t\t\t\t\t\t\t<h3 class=\"ult-responsive\"  data-ultimate-target='#Info-table-wrap-1687 h3'  data-responsive-json-new='{\"font-size\":\"\",\"line-height\":\"\"}'  style=\"font-weight:normal;\">Hvad enten grunden er, kan vi hj\u00e6lpe dig:<\/h3><\/div><!--ult_pricing_heading--><div id=\"info_table_features_wrap-6719\"  data-ultimate-target='#info_table_features_wrap-6719.ult_price_features'  data-responsive-json-new='{\"font-size\":\"\",\"line-height\":\"\"}'  class=\"ult-responsive ult_price_features\" style=\"font-weight:normal;\">\n\t\t\t\t\t\t\t<ul>\n<li>Computerstyret fodanalyse<\/li>\n<li>Individuel formst\u00f8bt s\u00e5l<\/li>\n<li>Fjernelse af tryksteder<\/li>\n<li>Udvidelse af skist\u00f8vler i l\u00e6ngden og bredden<\/li>\n<li>Flytning af sp\u00e6nder p\u00e5 skist\u00f8vlen<\/li>\n<li>Udvidelse af skist\u00f8vleskallen p\u00e5 sm\u00e5 eller st\u00f8rre steder<\/li>\n<li>Kunstig reducering af den indvendige st\u00f8vles volumen<\/li>\n<li>Termoformning af den indvendige st\u00f8vle<\/li>\n<li>Bredt sortiment af hj\u00e6lpemidler s\u00e5 som gel pads, antibakterielle skinnebensplastre, vabelplastre etc.<\/li>\n<\/ul>\n\n\t\t\t\t\t\t<\/div><!--ult_price_features--><div class=\"ult_clr\"><\/div>\n\t\t\t<\/div><!--pricing_table-->\n\t\t<\/div><!--pricing_table_wrap-->[\/vc_column][vc_column width=&#8221;1\/3&#8243;][vc_column_text]<\/p>\n<h5 style=\"text-align: center;\">Bearbeitung der Schale:<\/h5>\n<p>[\/vc_column_text][vc_gallery type=&#8221;flexslider_slide&#8221; interval=&#8221;5&#8243; images=&#8221;1654,1655,1656,1657,1658&#8243;][\/vc_column][\/vc_row]<\/p>\n<\/div>","protected":false},"excerpt":{"rendered":"<p>[vc_row][vc_column][vc_column_text] Problemer i boot &#8211; Hvad g\u00f8r jeg? [\/vc_column_text][\/vc_column][\/vc_row][vc_row][vc_column][vc_column_text] Skist\u00f8vle-service direkte ved pisten! Fodsmerter under skil\u00f8b kan \u00f8del\u00e6gge selv den bedste skidag. \u00c5rsagerne til disse problemer kan v\u00e6re mange.[\/vc_column_text][\/vc_column][\/vc_row][vc_row full_width=&#8221;stretch_row&#8221; bg_type=&#8221;bg_color&#8221; el_class=&#8221;hintergrund&#8221; bg_color_value=&#8221;#eeeff3&#8243;][vc_column width=&#8221;2\/3&#8243;][vc_column_text] Vores placering er din fordel: Eftersom vores butik ligger lige ved pisten, kan vi klare reparationer, tilpasninger og anden skist\u00f8vle-service p\u00e5 &hellip;<\/p>\n\n<p><a class=\"readmore btn btn-default btn-default btn-block\" href=\"https:\/\/www.intersport-wagrain.at\/da\/skistoevle-problemer\/\">Read More<\/a><\/p>","protected":false},"author":2,"featured_media":0,"parent":0,"menu_order":13,"comment_status":"closed","ping_status":"closed","template":"","meta":{"footnotes":""},"class_list":["post-968","page","type-page","status-publish","hentry"],"yoast_head":"<!-- This site is optimized with the Yoast SEO plugin v26.5 - https:\/\/yoast.com\/wordpress\/plugins\/seo\/ -->\n<title>Skist\u00f8vle Problemer - Intersport Wagrain<\/title>\n<meta name=\"robots\" content=\"index, follow, max-snippet:-1, max-image-preview:large, max-video-preview:-1\" \/>\n<link rel=\"canonical\" href=\"https:\/\/www.intersport-wagrain.at\/da\/skistoevle-problemer\/\" \/>\n<meta property=\"og:locale\" content=\"da_DK\" \/>\n<meta property=\"og:type\" content=\"article\" \/>\n<meta property=\"og:title\" content=\"Skist\u00f8vle Problemer - Intersport Wagrain\" \/>\n<meta property=\"og:description\" content=\"[vc_row][vc_column][vc_column_text] Problemer i boot &#8211; Hvad g\u00f8r jeg? [\/vc_column_text][\/vc_column][\/vc_row][vc_row][vc_column][vc_column_text] Skist\u00f8vle-service direkte ved pisten! Fodsmerter under skil\u00f8b kan \u00f8del\u00e6gge selv den bedste skidag. \u00c5rsagerne til disse problemer kan v\u00e6re mange.[\/vc_column_text][\/vc_column][\/vc_row][vc_row full_width=&#8221;stretch_row&#8221; bg_type=&#8221;bg_color&#8221; el_class=&#8221;hintergrund&#8221; bg_color_value=&#8221;#eeeff3&#8243;][vc_column width=&#8221;2\/3&#8243;][vc_column_text] Vores placering er din fordel: Eftersom vores butik ligger lige ved pisten, kan vi klare reparationer, tilpasninger og anden skist\u00f8vle-service p\u00e5 &hellip;\" \/>\n<meta property=\"og:url\" content=\"https:\/\/www.intersport-wagrain.at\/da\/skistoevle-problemer\/\" \/>\n<meta property=\"og:site_name\" content=\"Intersport Wagrain\" \/>\n<meta property=\"article:modified_time\" content=\"2016-11-12T14:43:20+00:00\" \/>\n<meta name=\"twitter:card\" content=\"summary_large_image\" \/>\n<meta name=\"twitter:label1\" content=\"Estimeret l\u00e6setid\" \/>\n\t<meta name=\"twitter:data1\" content=\"3 minutter\" \/>\n<script type=\"application\/ld+json\" class=\"yoast-schema-graph\">{\"@context\":\"https:\/\/schema.org\",\"@graph\":[{\"@type\":\"WebPage\",\"@id\":\"https:\/\/www.intersport-wagrain.at\/da\/skistoevle-problemer\/\",\"url\":\"https:\/\/www.intersport-wagrain.at\/da\/skistoevle-problemer\/\",\"name\":\"Skist\u00f8vle Problemer - Intersport Wagrain\",\"isPartOf\":{\"@id\":\"https:\/\/www.intersport-wagrain.at\/#website\"},\"datePublished\":\"2016-09-07T09:35:38+00:00\",\"dateModified\":\"2016-11-12T14:43:20+00:00\",\"breadcrumb\":{\"@id\":\"https:\/\/www.intersport-wagrain.at\/da\/skistoevle-problemer\/#breadcrumb\"},\"inLanguage\":\"da-DK\",\"potentialAction\":[{\"@type\":\"ReadAction\",\"target\":[\"https:\/\/www.intersport-wagrain.at\/da\/skistoevle-problemer\/\"]}]},{\"@type\":\"BreadcrumbList\",\"@id\":\"https:\/\/www.intersport-wagrain.at\/da\/skistoevle-problemer\/#breadcrumb\",\"itemListElement\":[{\"@type\":\"ListItem\",\"position\":1,\"name\":\"Startseite\",\"item\":\"https:\/\/www.intersport-wagrain.at\/da\/\"},{\"@type\":\"ListItem\",\"position\":2,\"name\":\"Skist\u00f8vle Problemer\"}]},{\"@type\":\"WebSite\",\"@id\":\"https:\/\/www.intersport-wagrain.at\/#website\",\"url\":\"https:\/\/www.intersport-wagrain.at\/\",\"name\":\"Intersport Wagrain\",\"description\":\"Skiverleih, Ski Service - Sportshop in Wagrain\",\"potentialAction\":[{\"@type\":\"SearchAction\",\"target\":{\"@type\":\"EntryPoint\",\"urlTemplate\":\"https:\/\/www.intersport-wagrain.at\/?s={search_term_string}\"},\"query-input\":{\"@type\":\"PropertyValueSpecification\",\"valueRequired\":true,\"valueName\":\"search_term_string\"}}],\"inLanguage\":\"da-DK\"}]}<\/script>\n<!-- \/ Yoast SEO plugin. -->","yoast_head_json":{"title":"Skist\u00f8vle Problemer - Intersport Wagrain","robots":{"index":"index","follow":"follow","max-snippet":"max-snippet:-1","max-image-preview":"max-image-preview:large","max-video-preview":"max-video-preview:-1"},"canonical":"https:\/\/www.intersport-wagrain.at\/da\/skistoevle-problemer\/","og_locale":"da_DK","og_type":"article","og_title":"Skist\u00f8vle Problemer - Intersport Wagrain","og_description":"[vc_row][vc_column][vc_column_text] Problemer i boot &#8211; Hvad g\u00f8r jeg? [\/vc_column_text][\/vc_column][\/vc_row][vc_row][vc_column][vc_column_text] Skist\u00f8vle-service direkte ved pisten! Fodsmerter under skil\u00f8b kan \u00f8del\u00e6gge selv den bedste skidag. \u00c5rsagerne til disse problemer kan v\u00e6re mange.[\/vc_column_text][\/vc_column][\/vc_row][vc_row full_width=&#8221;stretch_row&#8221; bg_type=&#8221;bg_color&#8221; el_class=&#8221;hintergrund&#8221; bg_color_value=&#8221;#eeeff3&#8243;][vc_column width=&#8221;2\/3&#8243;][vc_column_text] Vores placering er din fordel: Eftersom vores butik ligger lige ved pisten, kan vi klare reparationer, tilpasninger og anden skist\u00f8vle-service p\u00e5 &hellip;","og_url":"https:\/\/www.intersport-wagrain.at\/da\/skistoevle-problemer\/","og_site_name":"Intersport Wagrain","article_modified_time":"2016-11-12T14:43:20+00:00","twitter_card":"summary_large_image","twitter_misc":{"Estimeret l\u00e6setid":"3 minutter"},"schema":{"@context":"https:\/\/schema.org","@graph":[{"@type":"WebPage","@id":"https:\/\/www.intersport-wagrain.at\/da\/skistoevle-problemer\/","url":"https:\/\/www.intersport-wagrain.at\/da\/skistoevle-problemer\/","name":"Skist\u00f8vle Problemer - Intersport Wagrain","isPartOf":{"@id":"https:\/\/www.intersport-wagrain.at\/#website"},"datePublished":"2016-09-07T09:35:38+00:00","dateModified":"2016-11-12T14:43:20+00:00","breadcrumb":{"@id":"https:\/\/www.intersport-wagrain.at\/da\/skistoevle-problemer\/#breadcrumb"},"inLanguage":"da-DK","potentialAction":[{"@type":"ReadAction","target":["https:\/\/www.intersport-wagrain.at\/da\/skistoevle-problemer\/"]}]},{"@type":"BreadcrumbList","@id":"https:\/\/www.intersport-wagrain.at\/da\/skistoevle-problemer\/#breadcrumb","itemListElement":[{"@type":"ListItem","position":1,"name":"Startseite","item":"https:\/\/www.intersport-wagrain.at\/da\/"},{"@type":"ListItem","position":2,"name":"Skist\u00f8vle Problemer"}]},{"@type":"WebSite","@id":"https:\/\/www.intersport-wagrain.at\/#website","url":"https:\/\/www.intersport-wagrain.at\/","name":"Intersport Wagrain","description":"Skiverleih, Ski Service - Sportshop in Wagrain","potentialAction":[{"@type":"SearchAction","target":{"@type":"EntryPoint","urlTemplate":"https:\/\/www.intersport-wagrain.at\/?s={search_term_string}"},"query-input":{"@type":"PropertyValueSpecification","valueRequired":true,"valueName":"search_term_string"}}],"inLanguage":"da-DK"}]}},"_links":{"self":[{"href":"https:\/\/www.intersport-wagrain.at\/da\/wp-json\/wp\/v2\/pages\/968","targetHints":{"allow":["GET"]}}],"collection":[{"href":"https:\/\/www.intersport-wagrain.at\/da\/wp-json\/wp\/v2\/pages"}],"about":[{"href":"https:\/\/www.intersport-wagrain.at\/da\/wp-json\/wp\/v2\/types\/page"}],"author":[{"embeddable":true,"href":"https:\/\/www.intersport-wagrain.at\/da\/wp-json\/wp\/v2\/users\/2"}],"replies":[{"embeddable":true,"href":"https:\/\/www.intersport-wagrain.at\/da\/wp-json\/wp\/v2\/comments?post=968"}],"version-history":[{"count":2,"href":"https:\/\/www.intersport-wagrain.at\/da\/wp-json\/wp\/v2\/pages\/968\/revisions"}],"predecessor-version":[{"id":1706,"href":"https:\/\/www.intersport-wagrain.at\/da\/wp-json\/wp\/v2\/pages\/968\/revisions\/1706"}],"wp:attachment":[{"href":"https:\/\/www.intersport-wagrain.at\/da\/wp-json\/wp\/v2\/media?parent=968"}],"curies":[{"name":"wp","href":"https:\/\/api.w.org\/{rel}","templated":true}]}}