{"id":965,"date":"2016-09-12T14:20:44","date_gmt":"2016-09-12T12:20:44","guid":{"rendered":"http:\/\/intersport-wagrain.at.w013c6ca.kasserver.com\/da\/shop\/"},"modified":"2016-10-17T14:03:13","modified_gmt":"2016-10-17T12:03:13","slug":"sportsforretning","status":"publish","type":"page","link":"https:\/\/www.intersport-wagrain.at\/da\/skiudlejning-wagrain\/sportsforretning\/","title":{"rendered":"Sportsforretning"},"content":{"rendered":"<div class=\"wpb-content-wrapper\"><p>[vc_row][vc_column][vc_column_text]<\/p>\n<h1>Sportsforretning<\/h1>\n<p>[\/vc_column_text][\/vc_column][\/vc_row][vc_row][vc_column][vc_column_text]<\/p>\n<h4>Intersport Wagrain har et bredt udvalg af ski, boards, st\u00f8vler, ski- og solbriller, hjelme, t\u00f8j, tilbeh\u00f8r, souvenirs\u2026<\/h4>\n<p>[\/vc_column_text][\/vc_column][\/vc_row][vc_row full_width=&#8221;stretch_row&#8221; bg_type=&#8221;bg_color&#8221; el_class=&#8221;hintergrund&#8221; bg_color_value=&#8221;#eeeff3&#8243;][vc_column width=&#8221;1\/2&#8243;][vc_single_image image=&#8221;686&#8243; img_size=&#8221;small&#8221; alignment=&#8221;center&#8221; style=&#8221;vc_box_shadow&#8221;][\/vc_column][vc_column width=&#8221;1\/2&#8243;][vc_column_text]<\/p>\n<h4>Tips og vejledning fra eksperter:<\/h4>\n<p>Vores medarbejdere er selv begejstrede vintersportsud\u00f8vere og hj\u00e6lper gerne med r\u00e5d og d\u00e5d.<\/p>\n<h4>Test &amp; Buy<\/h4>\n<p>Pr\u00f8v f\u00f8r du k\u00f8ber. F\u00f8r du k\u00f8ber skiudstyr, kan du hos os pr\u00f8ve udstyret risikofrit. \u00a0Lejeprisen p\u00e5 op til 2 dage vil blive fratrukket salgsprisen.[\/vc_column_text][\/vc_column][\/vc_row][vc_row full_width=&#8221;stretch_row&#8221; bg_type=&#8221;bg_color&#8221; el_class=&#8221;hintergrund&#8221; bg_color_value=&#8221;#eeeff3&#8243;][vc_column width=&#8221;1\/2&#8243;][vc_single_image image=&#8221;688&#8243; img_size=&#8221;small&#8221; alignment=&#8221;center&#8221; style=&#8221;vc_box_shadow&#8221;][\/vc_column][vc_column width=&#8221;1\/2&#8243;][vc_column_text]<\/p>\n<h4>Prisgaranti:<\/h4>\n<p>Hvis du beviselig finder en vare (af samme st\u00f8rrelse og farve) billigere et andet sted i \u00d8strig inden for 10 dage fra k\u00f8bet, refunderer vi differencen til dig kontant. G\u00e6lder ikke internettilbud og tilbud fra mobile tjenester.[\/vc_column_text][\/vc_column][\/vc_row][vc_row full_width=&#8221;stretch_row&#8221; bg_type=&#8221;bg_color&#8221; el_class=&#8221;hintergrund&#8221; bg_color_value=&#8221;#eeeff3&#8243;][vc_column width=&#8221;1\/2&#8243;][vc_single_image image=&#8221;690&#8243; img_size=&#8221;small&#8221; alignment=&#8221;center&#8221; style=&#8221;vc_box_shadow&#8221;][\/vc_column][vc_column width=&#8221;1\/2&#8243;][vc_column_text]<\/p>\n<h4>MiniMarkt:<\/h4>\n<p>Direkte i butikken finder du vores mini-marked<\/p>\n<p>&nbsp;<\/p>\n<ul>\n<li>Direkte i butikken finder du vores mini-markedMad<\/li>\n<li>Drikkevarer<\/li>\n<li>Aviser<\/li>\n<li>Toiletartikler<br \/>\n&#8230;<\/li>\n<\/ul>\n<p>[\/vc_column_text][\/vc_column][\/vc_row]<\/p>\n<\/div>","protected":false},"excerpt":{"rendered":"<p>[vc_row][vc_column][vc_column_text] Sportsforretning [\/vc_column_text][\/vc_column][\/vc_row][vc_row][vc_column][vc_column_text] Intersport Wagrain har et bredt udvalg af ski, boards, st\u00f8vler, ski- og solbriller, hjelme, t\u00f8j, tilbeh\u00f8r, souvenirs\u2026 [\/vc_column_text][\/vc_column][\/vc_row][vc_row full_width=&#8221;stretch_row&#8221; bg_type=&#8221;bg_color&#8221; el_class=&#8221;hintergrund&#8221; bg_color_value=&#8221;#eeeff3&#8243;][vc_column width=&#8221;1\/2&#8243;][vc_single_image image=&#8221;686&#8243; img_size=&#8221;small&#8221; alignment=&#8221;center&#8221; style=&#8221;vc_box_shadow&#8221;][\/vc_column][vc_column width=&#8221;1\/2&#8243;][vc_column_text] Tips og vejledning fra eksperter: Vores medarbejdere er selv begejstrede vintersportsud\u00f8vere og hj\u00e6lper gerne med r\u00e5d og d\u00e5d. Test &amp; Buy Pr\u00f8v f\u00f8r du &hellip;<\/p>\n\n<p><a class=\"readmore btn btn-default btn-default btn-block\" href=\"https:\/\/www.intersport-wagrain.at\/da\/skiudlejning-wagrain\/sportsforretning\/\">Read More<\/a><\/p>","protected":false},"author":2,"featured_media":0,"parent":1009,"menu_order":14,"comment_status":"closed","ping_status":"closed","template":"","meta":{"footnotes":""},"class_list":["post-965","page","type-page","status-publish","hentry"],"yoast_head":"<!-- This site is optimized with the Yoast SEO plugin v26.5 - https:\/\/yoast.com\/wordpress\/plugins\/seo\/ -->\n<title>Shop - Sportgesch\u00e4ft Wagrain - Intersport Wagrain<\/title>\n<meta name=\"description\" content=\"In unserem Intersport - Sportgesch\u00e4ft Wagrain - findest du eine Auswahl an Ski, Boards, Schuhen, Ski- und Sonnenbrillen, Helme, Bekleidung\" \/>\n<meta name=\"robots\" content=\"index, follow, max-snippet:-1, max-image-preview:large, max-video-preview:-1\" \/>\n<link rel=\"canonical\" href=\"https:\/\/www.intersport-wagrain.at\/da\/skiudlejning-wagrain\/sportsforretning\/\" \/>\n<meta property=\"og:locale\" content=\"da_DK\" \/>\n<meta property=\"og:type\" content=\"article\" \/>\n<meta property=\"og:title\" content=\"Shop - Sportgesch\u00e4ft Wagrain - Intersport Wagrain\" \/>\n<meta property=\"og:description\" content=\"In unserem Intersport - Sportgesch\u00e4ft Wagrain - findest du eine Auswahl an Ski, Boards, Schuhen, Ski- und Sonnenbrillen, Helme, Bekleidung\" \/>\n<meta property=\"og:url\" content=\"https:\/\/www.intersport-wagrain.at\/da\/skiudlejning-wagrain\/sportsforretning\/\" \/>\n<meta property=\"og:site_name\" content=\"Intersport Wagrain\" \/>\n<meta property=\"article:modified_time\" content=\"2016-10-17T12:03:13+00:00\" \/>\n<meta name=\"twitter:card\" content=\"summary_large_image\" \/>\n<meta name=\"twitter:label1\" content=\"Estimeret l\u00e6setid\" \/>\n\t<meta name=\"twitter:data1\" content=\"2 minutter\" \/>\n<script type=\"application\/ld+json\" class=\"yoast-schema-graph\">{\"@context\":\"https:\/\/schema.org\",\"@graph\":[{\"@type\":\"WebPage\",\"@id\":\"https:\/\/www.intersport-wagrain.at\/da\/skiudlejning-wagrain\/sportsforretning\/\",\"url\":\"https:\/\/www.intersport-wagrain.at\/da\/skiudlejning-wagrain\/sportsforretning\/\",\"name\":\"Shop - Sportgesch\u00e4ft Wagrain - Intersport Wagrain\",\"isPartOf\":{\"@id\":\"https:\/\/www.intersport-wagrain.at\/#website\"},\"datePublished\":\"2016-09-12T12:20:44+00:00\",\"dateModified\":\"2016-10-17T12:03:13+00:00\",\"description\":\"In unserem Intersport - Sportgesch\u00e4ft Wagrain - findest du eine Auswahl an Ski, Boards, Schuhen, Ski- und Sonnenbrillen, Helme, Bekleidung\",\"breadcrumb\":{\"@id\":\"https:\/\/www.intersport-wagrain.at\/da\/skiudlejning-wagrain\/sportsforretning\/#breadcrumb\"},\"inLanguage\":\"da-DK\",\"potentialAction\":[{\"@type\":\"ReadAction\",\"target\":[\"https:\/\/www.intersport-wagrain.at\/da\/skiudlejning-wagrain\/sportsforretning\/\"]}]},{\"@type\":\"BreadcrumbList\",\"@id\":\"https:\/\/www.intersport-wagrain.at\/da\/skiudlejning-wagrain\/sportsforretning\/#breadcrumb\",\"itemListElement\":[{\"@type\":\"ListItem\",\"position\":1,\"name\":\"Startseite\",\"item\":\"https:\/\/www.intersport-wagrain.at\/da\/\"},{\"@type\":\"ListItem\",\"position\":2,\"name\":\"Skiudlejning\",\"item\":\"https:\/\/www.intersport-wagrain.at\/da\/skiudlejning-wagrain\/\"},{\"@type\":\"ListItem\",\"position\":3,\"name\":\"Sportsforretning\"}]},{\"@type\":\"WebSite\",\"@id\":\"https:\/\/www.intersport-wagrain.at\/#website\",\"url\":\"https:\/\/www.intersport-wagrain.at\/\",\"name\":\"Intersport Wagrain\",\"description\":\"Skiverleih, Ski Service - Sportshop in Wagrain\",\"potentialAction\":[{\"@type\":\"SearchAction\",\"target\":{\"@type\":\"EntryPoint\",\"urlTemplate\":\"https:\/\/www.intersport-wagrain.at\/?s={search_term_string}\"},\"query-input\":{\"@type\":\"PropertyValueSpecification\",\"valueRequired\":true,\"valueName\":\"search_term_string\"}}],\"inLanguage\":\"da-DK\"}]}<\/script>\n<!-- \/ Yoast SEO plugin. -->","yoast_head_json":{"title":"Shop - Sportgesch\u00e4ft Wagrain - Intersport Wagrain","description":"In unserem Intersport - Sportgesch\u00e4ft Wagrain - findest du eine Auswahl an Ski, Boards, Schuhen, Ski- und Sonnenbrillen, Helme, Bekleidung","robots":{"index":"index","follow":"follow","max-snippet":"max-snippet:-1","max-image-preview":"max-image-preview:large","max-video-preview":"max-video-preview:-1"},"canonical":"https:\/\/www.intersport-wagrain.at\/da\/skiudlejning-wagrain\/sportsforretning\/","og_locale":"da_DK","og_type":"article","og_title":"Shop - Sportgesch\u00e4ft Wagrain - Intersport Wagrain","og_description":"In unserem Intersport - Sportgesch\u00e4ft Wagrain - findest du eine Auswahl an Ski, Boards, Schuhen, Ski- und Sonnenbrillen, Helme, Bekleidung","og_url":"https:\/\/www.intersport-wagrain.at\/da\/skiudlejning-wagrain\/sportsforretning\/","og_site_name":"Intersport Wagrain","article_modified_time":"2016-10-17T12:03:13+00:00","twitter_card":"summary_large_image","twitter_misc":{"Estimeret l\u00e6setid":"2 minutter"},"schema":{"@context":"https:\/\/schema.org","@graph":[{"@type":"WebPage","@id":"https:\/\/www.intersport-wagrain.at\/da\/skiudlejning-wagrain\/sportsforretning\/","url":"https:\/\/www.intersport-wagrain.at\/da\/skiudlejning-wagrain\/sportsforretning\/","name":"Shop - Sportgesch\u00e4ft Wagrain - Intersport Wagrain","isPartOf":{"@id":"https:\/\/www.intersport-wagrain.at\/#website"},"datePublished":"2016-09-12T12:20:44+00:00","dateModified":"2016-10-17T12:03:13+00:00","description":"In unserem Intersport - Sportgesch\u00e4ft Wagrain - findest du eine Auswahl an Ski, Boards, Schuhen, Ski- und Sonnenbrillen, Helme, Bekleidung","breadcrumb":{"@id":"https:\/\/www.intersport-wagrain.at\/da\/skiudlejning-wagrain\/sportsforretning\/#breadcrumb"},"inLanguage":"da-DK","potentialAction":[{"@type":"ReadAction","target":["https:\/\/www.intersport-wagrain.at\/da\/skiudlejning-wagrain\/sportsforretning\/"]}]},{"@type":"BreadcrumbList","@id":"https:\/\/www.intersport-wagrain.at\/da\/skiudlejning-wagrain\/sportsforretning\/#breadcrumb","itemListElement":[{"@type":"ListItem","position":1,"name":"Startseite","item":"https:\/\/www.intersport-wagrain.at\/da\/"},{"@type":"ListItem","position":2,"name":"Skiudlejning","item":"https:\/\/www.intersport-wagrain.at\/da\/skiudlejning-wagrain\/"},{"@type":"ListItem","position":3,"name":"Sportsforretning"}]},{"@type":"WebSite","@id":"https:\/\/www.intersport-wagrain.at\/#website","url":"https:\/\/www.intersport-wagrain.at\/","name":"Intersport Wagrain","description":"Skiverleih, Ski Service - Sportshop in Wagrain","potentialAction":[{"@type":"SearchAction","target":{"@type":"EntryPoint","urlTemplate":"https:\/\/www.intersport-wagrain.at\/?s={search_term_string}"},"query-input":{"@type":"PropertyValueSpecification","valueRequired":true,"valueName":"search_term_string"}}],"inLanguage":"da-DK"}]}},"_links":{"self":[{"href":"https:\/\/www.intersport-wagrain.at\/da\/wp-json\/wp\/v2\/pages\/965","targetHints":{"allow":["GET"]}}],"collection":[{"href":"https:\/\/www.intersport-wagrain.at\/da\/wp-json\/wp\/v2\/pages"}],"about":[{"href":"https:\/\/www.intersport-wagrain.at\/da\/wp-json\/wp\/v2\/types\/page"}],"author":[{"embeddable":true,"href":"https:\/\/www.intersport-wagrain.at\/da\/wp-json\/wp\/v2\/users\/2"}],"replies":[{"embeddable":true,"href":"https:\/\/www.intersport-wagrain.at\/da\/wp-json\/wp\/v2\/comments?post=965"}],"version-history":[{"count":0,"href":"https:\/\/www.intersport-wagrain.at\/da\/wp-json\/wp\/v2\/pages\/965\/revisions"}],"up":[{"embeddable":true,"href":"https:\/\/www.intersport-wagrain.at\/da\/wp-json\/wp\/v2\/pages\/1009"}],"wp:attachment":[{"href":"https:\/\/www.intersport-wagrain.at\/da\/wp-json\/wp\/v2\/media?parent=965"}],"curies":[{"name":"wp","href":"https:\/\/api.w.org\/{rel}","templated":true}]}}