{"id":956,"date":"2016-09-21T18:53:57","date_gmt":"2016-09-21T16:53:57","guid":{"rendered":"http:\/\/intersport-wagrain.at.w013c6ca.kasserver.com\/da\/snowboard-freestyle\/"},"modified":"2023-01-03T16:05:13","modified_gmt":"2023-01-03T15:05:13","slug":"snowboard-freestyle","status":"publish","type":"page","link":"https:\/\/www.intersport-wagrain.at\/da\/skiudlejning-wagrain\/snowboard-freestyle\/","title":{"rendered":"Snowboard\/Freestyle"},"content":{"rendered":"<div class=\"wpb-content-wrapper\"><p>[vc_row][vc_column][vc_column_text]<\/p>\n<h1>Snowboard\/Freestyle<\/h1>\n<p>[\/vc_column_text][\/vc_column][\/vc_row][vc_row full_width=&#8221;stretch_row&#8221; bg_type=&#8221;bg_color&#8221; el_class=&#8221;hintergrund&#8221; bg_color_value=&#8221;#eeeff3&#8243;][vc_column width=&#8221;1\/2&#8243;][vc_column_text]<\/p>\n<h3>BURTON Snowboard Rental Partner<\/h3>\n<p>[\/vc_column_text][vc_column_text]Intersport Wagrain er officiel Burton Snowboard Rental Partner[\/vc_column_text][\/vc_column][vc_column width=&#8221;1\/2&#8243;][vc_single_image image=&#8221;3158&#8243; img_size=&#8221;medium&#8221; add_caption=&#8221;yes&#8221; alignment=&#8221;center&#8221; style=&#8221;vc_box_shadow_border&#8221;][\/vc_column][\/vc_row][vc_row full_width=&#8221;stretch_row&#8221; bg_type=&#8221;bg_color&#8221; el_class=&#8221;hintergrund&#8221; bg_color_value=&#8221;#eeeff3&#8243;][vc_column width=&#8221;1\/2&#8243;][vc_column_text]<\/p>\n<h3>Snowboard &#8211; den store frihed p\u00e5 br\u00e6ttet<\/h3>\n<p>[\/vc_column_text][vc_column_text]<\/p>\n<h4>Er du allerede en rutineret snowboarder?<\/h4>\n<p>Har du din egen lifestyle og taler du ikke l\u00e6ngere om at \u201dk\u00f8re p\u00e5 snowboard\u201d eller \u201dpr\u00f8ve nye tricks\u201d, men om \u201dshredding\u201d eller \u201djibbing\u201d? S\u00e5 er du jo helt fortrolig med fascinationen af snowboardsporten.<br \/>\nDu vil gerne snuse til sporten? Intet problem. INTERSPORTs \u201dRentertainere\u201d har tid til dig og dine sp\u00f8rgsm\u00e5l. De ved, hvilket snowboard der garanterer dig perfekt forn\u00f8jelse i sneen. Reserv\u00e9r dit topaktuelle udstyr direkte fra sofaen. Det daglige gratis skiservice er en selvf\u00f8lge. G\u00f8r dig parat til start![\/vc_column_text][\/vc_column][vc_column width=&#8221;1\/2&#8243;][vc_single_image image=&#8221;847&#8243; img_size=&#8221;medium&#8221; add_caption=&#8221;yes&#8221; alignment=&#8221;center&#8221; style=&#8221;vc_box_shadow_border&#8221;][\/vc_column][\/vc_row][vc_row full_width=&#8221;stretch_row&#8221; bg_type=&#8221;bg_color&#8221; el_class=&#8221;hintergrund&#8221; bg_color_value=&#8221;#eeeff3&#8243;][vc_column width=&#8221;1\/2&#8243;][vc_column_text]<\/p>\n<h3>Freestyle ski &#8211; udtryk dig selv p\u00e5 bjerget!<\/h3>\n<p>[\/vc_column_text][vc_column_text]Skiene til freestyle &#8211; s\u00e6rligt til at k\u00f8re p\u00e5 kickers &#8211; har en l\u00e6ngde, der ca. svarer til din kropsh\u00f8jde. Symmetriske tips og tails g\u00f8r det muligt at koncentrere tyngdepunktet direkte p\u00e5 midten af skien. Man kan k\u00f8re b\u00e5de forfra og bagfra p\u00e5 disse freeski, og den bredere konstruktion giver ekstra stabilitet ved lange spring.[\/vc_column_text][\/vc_column][vc_column width=&#8221;1\/2&#8243;][vc_single_image image=&#8221;2802&#8243; img_size=&#8221;medium&#8221; add_caption=&#8221;yes&#8221; alignment=&#8221;center&#8221; style=&#8221;vc_box_shadow_border&#8221;][\/vc_column][\/vc_row][vc_row][vc_column][\/vc_column][\/vc_row]<\/p>\n<\/div>","protected":false},"excerpt":{"rendered":"<p>[vc_row][vc_column][vc_column_text] Snowboard\/Freestyle [\/vc_column_text][\/vc_column][\/vc_row][vc_row full_width=&#8221;stretch_row&#8221; bg_type=&#8221;bg_color&#8221; el_class=&#8221;hintergrund&#8221; bg_color_value=&#8221;#eeeff3&#8243;][vc_column width=&#8221;1\/2&#8243;][vc_column_text] BURTON Snowboard Rental Partner [\/vc_column_text][vc_column_text]Intersport Wagrain er officiel Burton Snowboard Rental Partner[\/vc_column_text][\/vc_column][vc_column width=&#8221;1\/2&#8243;][vc_single_image image=&#8221;3158&#8243; img_size=&#8221;medium&#8221; add_caption=&#8221;yes&#8221; alignment=&#8221;center&#8221; style=&#8221;vc_box_shadow_border&#8221;][\/vc_column][\/vc_row][vc_row full_width=&#8221;stretch_row&#8221; bg_type=&#8221;bg_color&#8221; el_class=&#8221;hintergrund&#8221; bg_color_value=&#8221;#eeeff3&#8243;][vc_column width=&#8221;1\/2&#8243;][vc_column_text] Snowboard &#8211; den store frihed p\u00e5 br\u00e6ttet [\/vc_column_text][vc_column_text] Er du allerede en rutineret snowboarder? Har du din egen lifestyle og taler du ikke l\u00e6ngere &hellip;<\/p>\n\n<p><a class=\"readmore btn btn-default btn-default btn-block\" href=\"https:\/\/www.intersport-wagrain.at\/da\/skiudlejning-wagrain\/snowboard-freestyle\/\">Read More<\/a><\/p>","protected":false},"author":2,"featured_media":0,"parent":1009,"menu_order":4,"comment_status":"closed","ping_status":"closed","template":"","meta":{"footnotes":""},"class_list":["post-956","page","type-page","status-publish","hentry"],"yoast_head":"<!-- This site is optimized with the Yoast SEO plugin v26.5 - https:\/\/yoast.com\/wordpress\/plugins\/seo\/ -->\n<title>Snowboard\/Freestyle - Intersport Wagrain<\/title>\n<meta name=\"robots\" content=\"index, follow, max-snippet:-1, max-image-preview:large, max-video-preview:-1\" \/>\n<link rel=\"canonical\" href=\"https:\/\/www.intersport-wagrain.at\/da\/skiudlejning-wagrain\/snowboard-freestyle\/\" \/>\n<meta property=\"og:locale\" content=\"da_DK\" \/>\n<meta property=\"og:type\" content=\"article\" \/>\n<meta property=\"og:title\" content=\"Snowboard\/Freestyle - Intersport Wagrain\" \/>\n<meta property=\"og:description\" content=\"[vc_row][vc_column][vc_column_text] Snowboard\/Freestyle [\/vc_column_text][\/vc_column][\/vc_row][vc_row full_width=&#8221;stretch_row&#8221; bg_type=&#8221;bg_color&#8221; el_class=&#8221;hintergrund&#8221; bg_color_value=&#8221;#eeeff3&#8243;][vc_column width=&#8221;1\/2&#8243;][vc_column_text] BURTON Snowboard Rental Partner [\/vc_column_text][vc_column_text]Intersport Wagrain er officiel Burton Snowboard Rental Partner[\/vc_column_text][\/vc_column][vc_column width=&#8221;1\/2&#8243;][vc_single_image image=&#8221;3158&#8243; img_size=&#8221;medium&#8221; add_caption=&#8221;yes&#8221; alignment=&#8221;center&#8221; style=&#8221;vc_box_shadow_border&#8221;][\/vc_column][\/vc_row][vc_row full_width=&#8221;stretch_row&#8221; bg_type=&#8221;bg_color&#8221; el_class=&#8221;hintergrund&#8221; bg_color_value=&#8221;#eeeff3&#8243;][vc_column width=&#8221;1\/2&#8243;][vc_column_text] Snowboard &#8211; den store frihed p\u00e5 br\u00e6ttet [\/vc_column_text][vc_column_text] Er du allerede en rutineret snowboarder? Har du din egen lifestyle og taler du ikke l\u00e6ngere &hellip;\" \/>\n<meta property=\"og:url\" content=\"https:\/\/www.intersport-wagrain.at\/da\/skiudlejning-wagrain\/snowboard-freestyle\/\" \/>\n<meta property=\"og:site_name\" content=\"Intersport Wagrain\" \/>\n<meta property=\"article:modified_time\" content=\"2023-01-03T15:05:13+00:00\" \/>\n<meta name=\"twitter:card\" content=\"summary_large_image\" \/>\n<meta name=\"twitter:label1\" content=\"Estimeret l\u00e6setid\" \/>\n\t<meta name=\"twitter:data1\" content=\"2 minutter\" \/>\n<script type=\"application\/ld+json\" class=\"yoast-schema-graph\">{\"@context\":\"https:\/\/schema.org\",\"@graph\":[{\"@type\":\"WebPage\",\"@id\":\"https:\/\/www.intersport-wagrain.at\/da\/skiudlejning-wagrain\/snowboard-freestyle\/\",\"url\":\"https:\/\/www.intersport-wagrain.at\/da\/skiudlejning-wagrain\/snowboard-freestyle\/\",\"name\":\"Snowboard\/Freestyle - Intersport Wagrain\",\"isPartOf\":{\"@id\":\"https:\/\/www.intersport-wagrain.at\/#website\"},\"datePublished\":\"2016-09-21T16:53:57+00:00\",\"dateModified\":\"2023-01-03T15:05:13+00:00\",\"breadcrumb\":{\"@id\":\"https:\/\/www.intersport-wagrain.at\/da\/skiudlejning-wagrain\/snowboard-freestyle\/#breadcrumb\"},\"inLanguage\":\"da-DK\",\"potentialAction\":[{\"@type\":\"ReadAction\",\"target\":[\"https:\/\/www.intersport-wagrain.at\/da\/skiudlejning-wagrain\/snowboard-freestyle\/\"]}]},{\"@type\":\"BreadcrumbList\",\"@id\":\"https:\/\/www.intersport-wagrain.at\/da\/skiudlejning-wagrain\/snowboard-freestyle\/#breadcrumb\",\"itemListElement\":[{\"@type\":\"ListItem\",\"position\":1,\"name\":\"Startseite\",\"item\":\"https:\/\/www.intersport-wagrain.at\/da\/\"},{\"@type\":\"ListItem\",\"position\":2,\"name\":\"Skiudlejning\",\"item\":\"https:\/\/www.intersport-wagrain.at\/da\/skiudlejning-wagrain\/\"},{\"@type\":\"ListItem\",\"position\":3,\"name\":\"Snowboard\/Freestyle\"}]},{\"@type\":\"WebSite\",\"@id\":\"https:\/\/www.intersport-wagrain.at\/#website\",\"url\":\"https:\/\/www.intersport-wagrain.at\/\",\"name\":\"Intersport Wagrain\",\"description\":\"Skiverleih, Ski Service - Sportshop in Wagrain\",\"potentialAction\":[{\"@type\":\"SearchAction\",\"target\":{\"@type\":\"EntryPoint\",\"urlTemplate\":\"https:\/\/www.intersport-wagrain.at\/?s={search_term_string}\"},\"query-input\":{\"@type\":\"PropertyValueSpecification\",\"valueRequired\":true,\"valueName\":\"search_term_string\"}}],\"inLanguage\":\"da-DK\"}]}<\/script>\n<!-- \/ Yoast SEO plugin. -->","yoast_head_json":{"title":"Snowboard\/Freestyle - Intersport Wagrain","robots":{"index":"index","follow":"follow","max-snippet":"max-snippet:-1","max-image-preview":"max-image-preview:large","max-video-preview":"max-video-preview:-1"},"canonical":"https:\/\/www.intersport-wagrain.at\/da\/skiudlejning-wagrain\/snowboard-freestyle\/","og_locale":"da_DK","og_type":"article","og_title":"Snowboard\/Freestyle - Intersport Wagrain","og_description":"[vc_row][vc_column][vc_column_text] Snowboard\/Freestyle [\/vc_column_text][\/vc_column][\/vc_row][vc_row full_width=&#8221;stretch_row&#8221; bg_type=&#8221;bg_color&#8221; el_class=&#8221;hintergrund&#8221; bg_color_value=&#8221;#eeeff3&#8243;][vc_column width=&#8221;1\/2&#8243;][vc_column_text] BURTON Snowboard Rental Partner [\/vc_column_text][vc_column_text]Intersport Wagrain er officiel Burton Snowboard Rental Partner[\/vc_column_text][\/vc_column][vc_column width=&#8221;1\/2&#8243;][vc_single_image image=&#8221;3158&#8243; img_size=&#8221;medium&#8221; add_caption=&#8221;yes&#8221; alignment=&#8221;center&#8221; style=&#8221;vc_box_shadow_border&#8221;][\/vc_column][\/vc_row][vc_row full_width=&#8221;stretch_row&#8221; bg_type=&#8221;bg_color&#8221; el_class=&#8221;hintergrund&#8221; bg_color_value=&#8221;#eeeff3&#8243;][vc_column width=&#8221;1\/2&#8243;][vc_column_text] Snowboard &#8211; den store frihed p\u00e5 br\u00e6ttet [\/vc_column_text][vc_column_text] Er du allerede en rutineret snowboarder? Har du din egen lifestyle og taler du ikke l\u00e6ngere &hellip;","og_url":"https:\/\/www.intersport-wagrain.at\/da\/skiudlejning-wagrain\/snowboard-freestyle\/","og_site_name":"Intersport Wagrain","article_modified_time":"2023-01-03T15:05:13+00:00","twitter_card":"summary_large_image","twitter_misc":{"Estimeret l\u00e6setid":"2 minutter"},"schema":{"@context":"https:\/\/schema.org","@graph":[{"@type":"WebPage","@id":"https:\/\/www.intersport-wagrain.at\/da\/skiudlejning-wagrain\/snowboard-freestyle\/","url":"https:\/\/www.intersport-wagrain.at\/da\/skiudlejning-wagrain\/snowboard-freestyle\/","name":"Snowboard\/Freestyle - Intersport Wagrain","isPartOf":{"@id":"https:\/\/www.intersport-wagrain.at\/#website"},"datePublished":"2016-09-21T16:53:57+00:00","dateModified":"2023-01-03T15:05:13+00:00","breadcrumb":{"@id":"https:\/\/www.intersport-wagrain.at\/da\/skiudlejning-wagrain\/snowboard-freestyle\/#breadcrumb"},"inLanguage":"da-DK","potentialAction":[{"@type":"ReadAction","target":["https:\/\/www.intersport-wagrain.at\/da\/skiudlejning-wagrain\/snowboard-freestyle\/"]}]},{"@type":"BreadcrumbList","@id":"https:\/\/www.intersport-wagrain.at\/da\/skiudlejning-wagrain\/snowboard-freestyle\/#breadcrumb","itemListElement":[{"@type":"ListItem","position":1,"name":"Startseite","item":"https:\/\/www.intersport-wagrain.at\/da\/"},{"@type":"ListItem","position":2,"name":"Skiudlejning","item":"https:\/\/www.intersport-wagrain.at\/da\/skiudlejning-wagrain\/"},{"@type":"ListItem","position":3,"name":"Snowboard\/Freestyle"}]},{"@type":"WebSite","@id":"https:\/\/www.intersport-wagrain.at\/#website","url":"https:\/\/www.intersport-wagrain.at\/","name":"Intersport Wagrain","description":"Skiverleih, Ski Service - Sportshop in Wagrain","potentialAction":[{"@type":"SearchAction","target":{"@type":"EntryPoint","urlTemplate":"https:\/\/www.intersport-wagrain.at\/?s={search_term_string}"},"query-input":{"@type":"PropertyValueSpecification","valueRequired":true,"valueName":"search_term_string"}}],"inLanguage":"da-DK"}]}},"_links":{"self":[{"href":"https:\/\/www.intersport-wagrain.at\/da\/wp-json\/wp\/v2\/pages\/956","targetHints":{"allow":["GET"]}}],"collection":[{"href":"https:\/\/www.intersport-wagrain.at\/da\/wp-json\/wp\/v2\/pages"}],"about":[{"href":"https:\/\/www.intersport-wagrain.at\/da\/wp-json\/wp\/v2\/types\/page"}],"author":[{"embeddable":true,"href":"https:\/\/www.intersport-wagrain.at\/da\/wp-json\/wp\/v2\/users\/2"}],"replies":[{"embeddable":true,"href":"https:\/\/www.intersport-wagrain.at\/da\/wp-json\/wp\/v2\/comments?post=956"}],"version-history":[{"count":3,"href":"https:\/\/www.intersport-wagrain.at\/da\/wp-json\/wp\/v2\/pages\/956\/revisions"}],"predecessor-version":[{"id":3228,"href":"https:\/\/www.intersport-wagrain.at\/da\/wp-json\/wp\/v2\/pages\/956\/revisions\/3228"}],"up":[{"embeddable":true,"href":"https:\/\/www.intersport-wagrain.at\/da\/wp-json\/wp\/v2\/pages\/1009"}],"wp:attachment":[{"href":"https:\/\/www.intersport-wagrain.at\/da\/wp-json\/wp\/v2\/media?parent=956"}],"curies":[{"name":"wp","href":"https:\/\/api.w.org\/{rel}","templated":true}]}}