{"id":947,"date":"2016-09-22T11:41:32","date_gmt":"2016-09-22T09:41:32","guid":{"rendered":"http:\/\/intersport-wagrain.at.w013c6ca.kasserver.com\/da\/skischuhe-leihen\/"},"modified":"2016-10-27T09:49:03","modified_gmt":"2016-10-27T07:49:03","slug":"skistoevler-laane","status":"publish","type":"page","link":"https:\/\/www.intersport-wagrain.at\/da\/skiudlejning-wagrain\/skistoevler-laane\/","title":{"rendered":"Skist\u00f8vler l\u00e5ne"},"content":{"rendered":"<div class=\"wpb-content-wrapper\"><p>[vc_row][vc_column][vc_column_text]<\/p>\n<h1 class=\" default\">Lej eller k\u00f8b skist\u00f8vler hos INTERSPORT Wagrain<\/h1>\n<p>[\/vc_column_text][\/vc_column][\/vc_row][vc_row full_width=&#8221;stretch_row&#8221; bg_type=&#8221;bg_color&#8221; el_class=&#8221;hintergrund&#8221; bg_color_value=&#8221;#eeeff3&#8243;][vc_column width=&#8221;2\/3&#8243;][vc_column_text]<\/p>\n<h3 class=\" default\">Et par perfekte skist\u00f8vler, tak!<\/h3>\n<p>[\/vc_column_text][vc_column_text]<\/p>\n<h6>Hvis skist\u00f8vlen passer, passer resten.<\/h6>\n<p>&#8220;En vellykket og dejlig skidag opn\u00e5s kun med det perfekte udstyr.<br \/>\nPr\u00e6stationen p\u00e5 ski starter der, hvor kraftoverf\u00f8ringen, skiteknikken og veltilpasheden kommer i direkte ber\u00f8ring med pisten: ved foden.&#8221;<\/p>\n<p><strong>Vil du leje skist\u00f8vler?<\/strong><br \/>\nS\u00e5 finder du helt sikkert det rigtige par i vores store udvalg af forskellige m\u00e6rker og modeller. Bem\u00e6rk, at hos INTERSPORT Wagrain har hygiejne naturligvis st\u00f8rst prioritet! Hver gang st\u00f8vlerne leveres tilbage, bliver de renset og t\u00f8rret hygiejnisk med de mest moderne apparater.<\/p>\n<p>&nbsp;<\/p>\n<p><strong>Eller vil du hellere k\u00f8be et nyt par?<\/strong><\/p>\n<p>F\u00e5 vores \u201dRentertainere\u201d til at tilpasse dine st\u00f8vler perfekt ved hj\u00e6lp af en fodanalyse! Med SKIST\u00d8VLE-FITTING er tryksteder og kolde f\u00f8dder fortid.<\/p>\n<p>I dag tvinges f\u00f8dderne ikke l\u00e6ngere ned i skist\u00f8vlerne, men det modsatte: Skist\u00f8vlerne fra Atomic, Salmon, Rossignol og co. tilpasses til f\u00f8dderne.<\/p>\n<p>Boot fitting (moderne tilpasning af skist\u00f8vler) hj\u00e6lper med at undg\u00e5 tryksteder og tr\u00e6thed i f\u00f8dderne og sikrer en god blodcirkulation.<\/p>\n<p>&nbsp;<\/p>\n<p>Alt hvad der har med professionel tilpasning af skist\u00f8vler at g\u00f8re, finder du her: Boot Fitting hos Intersport Wagrain[\/vc_column_text][\/vc_column][vc_column width=&#8221;1\/3&#8243;][vc_single_image image=&#8221;1198&#8243; img_size=&#8221;medium&#8221; add_caption=&#8221;yes&#8221; alignment=&#8221;center&#8221; style=&#8221;vc_box_shadow_border&#8221;][\/vc_column][\/vc_row][vc_row][vc_column][vc_column_text]<span class=\"button-rot\"><a href=\"https:\/\/www.intersport-wagrain.at\/da\/online-reservationer\/\">online reserve, spar 10%\u00a0<\/a><\/span>[\/vc_column_text][\/vc_column][\/vc_row]<\/p>\n<\/div>","protected":false},"excerpt":{"rendered":"<p>[vc_row][vc_column][vc_column_text] Lej eller k\u00f8b skist\u00f8vler hos INTERSPORT Wagrain [\/vc_column_text][\/vc_column][\/vc_row][vc_row full_width=&#8221;stretch_row&#8221; bg_type=&#8221;bg_color&#8221; el_class=&#8221;hintergrund&#8221; bg_color_value=&#8221;#eeeff3&#8243;][vc_column width=&#8221;2\/3&#8243;][vc_column_text] Et par perfekte skist\u00f8vler, tak! [\/vc_column_text][vc_column_text] Hvis skist\u00f8vlen passer, passer resten. &#8220;En vellykket og dejlig skidag opn\u00e5s kun med det perfekte udstyr. Pr\u00e6stationen p\u00e5 ski starter der, hvor kraftoverf\u00f8ringen, skiteknikken og veltilpasheden kommer i direkte ber\u00f8ring med pisten: ved foden.&#8221; Vil &hellip;<\/p>\n\n<p><a class=\"readmore btn btn-default btn-default btn-block\" href=\"https:\/\/www.intersport-wagrain.at\/da\/skiudlejning-wagrain\/skistoevler-laane\/\">Read More<\/a><\/p>","protected":false},"author":2,"featured_media":0,"parent":1009,"menu_order":4,"comment_status":"closed","ping_status":"closed","template":"","meta":{"footnotes":""},"class_list":["post-947","page","type-page","status-publish","hentry"],"yoast_head":"<!-- This site is optimized with the Yoast SEO plugin v26.5 - https:\/\/yoast.com\/wordpress\/plugins\/seo\/ -->\n<title>Skist\u00f8vler l\u00e5ne - Intersport Wagrain<\/title>\n<meta name=\"robots\" content=\"index, follow, max-snippet:-1, max-image-preview:large, max-video-preview:-1\" \/>\n<link rel=\"canonical\" href=\"https:\/\/www.intersport-wagrain.at\/da\/skiudlejning-wagrain\/skistoevler-laane\/\" \/>\n<meta property=\"og:locale\" content=\"da_DK\" \/>\n<meta property=\"og:type\" content=\"article\" \/>\n<meta property=\"og:title\" content=\"Skist\u00f8vler l\u00e5ne - Intersport Wagrain\" \/>\n<meta property=\"og:description\" content=\"[vc_row][vc_column][vc_column_text] Lej eller k\u00f8b skist\u00f8vler hos INTERSPORT Wagrain [\/vc_column_text][\/vc_column][\/vc_row][vc_row full_width=&#8221;stretch_row&#8221; bg_type=&#8221;bg_color&#8221; el_class=&#8221;hintergrund&#8221; bg_color_value=&#8221;#eeeff3&#8243;][vc_column width=&#8221;2\/3&#8243;][vc_column_text] Et par perfekte skist\u00f8vler, tak! [\/vc_column_text][vc_column_text] Hvis skist\u00f8vlen passer, passer resten. &#8220;En vellykket og dejlig skidag opn\u00e5s kun med det perfekte udstyr. Pr\u00e6stationen p\u00e5 ski starter der, hvor kraftoverf\u00f8ringen, skiteknikken og veltilpasheden kommer i direkte ber\u00f8ring med pisten: ved foden.&#8221; Vil &hellip;\" \/>\n<meta property=\"og:url\" content=\"https:\/\/www.intersport-wagrain.at\/da\/skiudlejning-wagrain\/skistoevler-laane\/\" \/>\n<meta property=\"og:site_name\" content=\"Intersport Wagrain\" \/>\n<meta property=\"article:modified_time\" content=\"2016-10-27T07:49:03+00:00\" \/>\n<meta name=\"twitter:card\" content=\"summary_large_image\" \/>\n<meta name=\"twitter:label1\" content=\"Estimeret l\u00e6setid\" \/>\n\t<meta name=\"twitter:data1\" content=\"2 minutter\" \/>\n<script type=\"application\/ld+json\" class=\"yoast-schema-graph\">{\"@context\":\"https:\/\/schema.org\",\"@graph\":[{\"@type\":\"WebPage\",\"@id\":\"https:\/\/www.intersport-wagrain.at\/da\/skiudlejning-wagrain\/skistoevler-laane\/\",\"url\":\"https:\/\/www.intersport-wagrain.at\/da\/skiudlejning-wagrain\/skistoevler-laane\/\",\"name\":\"Skist\u00f8vler l\u00e5ne - Intersport Wagrain\",\"isPartOf\":{\"@id\":\"https:\/\/www.intersport-wagrain.at\/#website\"},\"datePublished\":\"2016-09-22T09:41:32+00:00\",\"dateModified\":\"2016-10-27T07:49:03+00:00\",\"breadcrumb\":{\"@id\":\"https:\/\/www.intersport-wagrain.at\/da\/skiudlejning-wagrain\/skistoevler-laane\/#breadcrumb\"},\"inLanguage\":\"da-DK\",\"potentialAction\":[{\"@type\":\"ReadAction\",\"target\":[\"https:\/\/www.intersport-wagrain.at\/da\/skiudlejning-wagrain\/skistoevler-laane\/\"]}]},{\"@type\":\"BreadcrumbList\",\"@id\":\"https:\/\/www.intersport-wagrain.at\/da\/skiudlejning-wagrain\/skistoevler-laane\/#breadcrumb\",\"itemListElement\":[{\"@type\":\"ListItem\",\"position\":1,\"name\":\"Startseite\",\"item\":\"https:\/\/www.intersport-wagrain.at\/da\/\"},{\"@type\":\"ListItem\",\"position\":2,\"name\":\"Skiudlejning\",\"item\":\"https:\/\/www.intersport-wagrain.at\/da\/skiudlejning-wagrain\/\"},{\"@type\":\"ListItem\",\"position\":3,\"name\":\"Skist\u00f8vler l\u00e5ne\"}]},{\"@type\":\"WebSite\",\"@id\":\"https:\/\/www.intersport-wagrain.at\/#website\",\"url\":\"https:\/\/www.intersport-wagrain.at\/\",\"name\":\"Intersport Wagrain\",\"description\":\"Skiverleih, Ski Service - Sportshop in Wagrain\",\"potentialAction\":[{\"@type\":\"SearchAction\",\"target\":{\"@type\":\"EntryPoint\",\"urlTemplate\":\"https:\/\/www.intersport-wagrain.at\/?s={search_term_string}\"},\"query-input\":{\"@type\":\"PropertyValueSpecification\",\"valueRequired\":true,\"valueName\":\"search_term_string\"}}],\"inLanguage\":\"da-DK\"}]}<\/script>\n<!-- \/ Yoast SEO plugin. -->","yoast_head_json":{"title":"Skist\u00f8vler l\u00e5ne - Intersport Wagrain","robots":{"index":"index","follow":"follow","max-snippet":"max-snippet:-1","max-image-preview":"max-image-preview:large","max-video-preview":"max-video-preview:-1"},"canonical":"https:\/\/www.intersport-wagrain.at\/da\/skiudlejning-wagrain\/skistoevler-laane\/","og_locale":"da_DK","og_type":"article","og_title":"Skist\u00f8vler l\u00e5ne - Intersport Wagrain","og_description":"[vc_row][vc_column][vc_column_text] Lej eller k\u00f8b skist\u00f8vler hos INTERSPORT Wagrain [\/vc_column_text][\/vc_column][\/vc_row][vc_row full_width=&#8221;stretch_row&#8221; bg_type=&#8221;bg_color&#8221; el_class=&#8221;hintergrund&#8221; bg_color_value=&#8221;#eeeff3&#8243;][vc_column width=&#8221;2\/3&#8243;][vc_column_text] Et par perfekte skist\u00f8vler, tak! [\/vc_column_text][vc_column_text] Hvis skist\u00f8vlen passer, passer resten. &#8220;En vellykket og dejlig skidag opn\u00e5s kun med det perfekte udstyr. Pr\u00e6stationen p\u00e5 ski starter der, hvor kraftoverf\u00f8ringen, skiteknikken og veltilpasheden kommer i direkte ber\u00f8ring med pisten: ved foden.&#8221; Vil &hellip;","og_url":"https:\/\/www.intersport-wagrain.at\/da\/skiudlejning-wagrain\/skistoevler-laane\/","og_site_name":"Intersport Wagrain","article_modified_time":"2016-10-27T07:49:03+00:00","twitter_card":"summary_large_image","twitter_misc":{"Estimeret l\u00e6setid":"2 minutter"},"schema":{"@context":"https:\/\/schema.org","@graph":[{"@type":"WebPage","@id":"https:\/\/www.intersport-wagrain.at\/da\/skiudlejning-wagrain\/skistoevler-laane\/","url":"https:\/\/www.intersport-wagrain.at\/da\/skiudlejning-wagrain\/skistoevler-laane\/","name":"Skist\u00f8vler l\u00e5ne - Intersport Wagrain","isPartOf":{"@id":"https:\/\/www.intersport-wagrain.at\/#website"},"datePublished":"2016-09-22T09:41:32+00:00","dateModified":"2016-10-27T07:49:03+00:00","breadcrumb":{"@id":"https:\/\/www.intersport-wagrain.at\/da\/skiudlejning-wagrain\/skistoevler-laane\/#breadcrumb"},"inLanguage":"da-DK","potentialAction":[{"@type":"ReadAction","target":["https:\/\/www.intersport-wagrain.at\/da\/skiudlejning-wagrain\/skistoevler-laane\/"]}]},{"@type":"BreadcrumbList","@id":"https:\/\/www.intersport-wagrain.at\/da\/skiudlejning-wagrain\/skistoevler-laane\/#breadcrumb","itemListElement":[{"@type":"ListItem","position":1,"name":"Startseite","item":"https:\/\/www.intersport-wagrain.at\/da\/"},{"@type":"ListItem","position":2,"name":"Skiudlejning","item":"https:\/\/www.intersport-wagrain.at\/da\/skiudlejning-wagrain\/"},{"@type":"ListItem","position":3,"name":"Skist\u00f8vler l\u00e5ne"}]},{"@type":"WebSite","@id":"https:\/\/www.intersport-wagrain.at\/#website","url":"https:\/\/www.intersport-wagrain.at\/","name":"Intersport Wagrain","description":"Skiverleih, Ski Service - Sportshop in Wagrain","potentialAction":[{"@type":"SearchAction","target":{"@type":"EntryPoint","urlTemplate":"https:\/\/www.intersport-wagrain.at\/?s={search_term_string}"},"query-input":{"@type":"PropertyValueSpecification","valueRequired":true,"valueName":"search_term_string"}}],"inLanguage":"da-DK"}]}},"_links":{"self":[{"href":"https:\/\/www.intersport-wagrain.at\/da\/wp-json\/wp\/v2\/pages\/947","targetHints":{"allow":["GET"]}}],"collection":[{"href":"https:\/\/www.intersport-wagrain.at\/da\/wp-json\/wp\/v2\/pages"}],"about":[{"href":"https:\/\/www.intersport-wagrain.at\/da\/wp-json\/wp\/v2\/types\/page"}],"author":[{"embeddable":true,"href":"https:\/\/www.intersport-wagrain.at\/da\/wp-json\/wp\/v2\/users\/2"}],"replies":[{"embeddable":true,"href":"https:\/\/www.intersport-wagrain.at\/da\/wp-json\/wp\/v2\/comments?post=947"}],"version-history":[{"count":0,"href":"https:\/\/www.intersport-wagrain.at\/da\/wp-json\/wp\/v2\/pages\/947\/revisions"}],"up":[{"embeddable":true,"href":"https:\/\/www.intersport-wagrain.at\/da\/wp-json\/wp\/v2\/pages\/1009"}],"wp:attachment":[{"href":"https:\/\/www.intersport-wagrain.at\/da\/wp-json\/wp\/v2\/media?parent=947"}],"curies":[{"name":"wp","href":"https:\/\/api.w.org\/{rel}","templated":true}]}}