{"id":475,"date":"2016-01-22T10:01:03","date_gmt":"2016-01-22T09:01:03","guid":{"rendered":"http:\/\/intersport-wagrain.at.w013c6ca.kasserver.com\/da\/online-reservieren\/"},"modified":"2018-07-16T09:26:47","modified_gmt":"2018-07-16T07:26:47","slug":"online-reservationer","status":"publish","type":"page","link":"https:\/\/www.intersport-wagrain.at\/da\/online-reservationer\/","title":{"rendered":"Online reservationer"},"content":{"rendered":"<div class=\"wpb-content-wrapper\"><p>[vc_row][vc_column][vc_column_text]<\/p>\n<h1>Online Reservationen (10% Early Bird\u00a0Rabat)<\/h1>\n<p>[\/vc_column_text][vc_column_text]<\/p>\n<p style=\"text-align: center;\"><strong><br \/>\nEARLY BIRD RABAT:<\/strong><\/p>\n<p style=\"text-align: center;\">10 % rabat til kunder, der bestiller deres udstyr inden 3 dage f\u00f8r ankomsten<br \/>\nog betaling med <strong>MASTERCARD, VISA, AMEX eller Sofort\u00fcberweisung (KLARNA).<\/strong><br \/>\nHvis du er blevet forhindret i at komme p\u00e5 ferie, er der intet afbestillingsgebyr! En kort besked til os er nok.<\/p>\n<p>[\/vc_column_text][\/vc_column][\/vc_row][vc_row][vc_column][vc_btn title=&#8221;Start Reservation&#8221; align=&#8221;center&#8221; css_animation=&#8221;appear&#8221; link=&#8221;url:https%3A%2F%2Fwww.intersportrent.at%2Fen%2Fshop%2Fshop%2Findex%3Fselect_shop%3D12818|title:Start%20Reservation|target:%20_blank|&#8221; button_block=&#8221;true&#8221;][\/vc_column][\/vc_row]<\/p>\n<\/div>","protected":false},"excerpt":{"rendered":"<p>[vc_row][vc_column][vc_column_text] Online Reservationen (10% Early Bird\u00a0Rabat) [\/vc_column_text][vc_column_text] EARLY BIRD RABAT: 10 % rabat til kunder, der bestiller deres udstyr inden 3 dage f\u00f8r ankomsten og betaling med MASTERCARD, VISA, AMEX eller Sofort\u00fcberweisung (KLARNA). Hvis du er blevet forhindret i at komme p\u00e5 ferie, er der intet afbestillingsgebyr! En kort besked til os er nok. [\/vc_column_text][\/vc_column][\/vc_row][vc_row][vc_column][vc_btn &hellip;<\/p>\n\n<p><a class=\"readmore btn btn-default btn-default btn-block\" href=\"https:\/\/www.intersport-wagrain.at\/da\/online-reservationer\/\">Read More<\/a><\/p>","protected":false},"author":2,"featured_media":533,"parent":0,"menu_order":2,"comment_status":"closed","ping_status":"closed","template":"","meta":{"footnotes":""},"class_list":["post-475","page","type-page","status-publish","has-post-thumbnail","hentry"],"yoast_head":"<!-- This site is optimized with the Yoast SEO plugin v26.5 - https:\/\/yoast.com\/wordpress\/plugins\/seo\/ -->\n<title>Online reservationer - Intersport Wagrain<\/title>\n<meta name=\"robots\" content=\"index, follow, max-snippet:-1, max-image-preview:large, max-video-preview:-1\" \/>\n<link rel=\"canonical\" href=\"https:\/\/www.intersport-wagrain.at\/da\/online-reservationer\/\" \/>\n<meta property=\"og:locale\" content=\"da_DK\" \/>\n<meta property=\"og:type\" content=\"article\" \/>\n<meta property=\"og:title\" content=\"Online reservationer - Intersport Wagrain\" \/>\n<meta property=\"og:description\" content=\"[vc_row][vc_column][vc_column_text] Online Reservationen (10% Early Bird\u00a0Rabat) [\/vc_column_text][vc_column_text] EARLY BIRD RABAT: 10 % rabat til kunder, der bestiller deres udstyr inden 3 dage f\u00f8r ankomsten og betaling med MASTERCARD, VISA, AMEX eller Sofort\u00fcberweisung (KLARNA). Hvis du er blevet forhindret i at komme p\u00e5 ferie, er der intet afbestillingsgebyr! En kort besked til os er nok. [\/vc_column_text][\/vc_column][\/vc_row][vc_row][vc_column][vc_btn &hellip;\" \/>\n<meta property=\"og:url\" content=\"https:\/\/www.intersport-wagrain.at\/da\/online-reservationer\/\" \/>\n<meta property=\"og:site_name\" content=\"Intersport Wagrain\" \/>\n<meta property=\"article:modified_time\" content=\"2018-07-16T07:26:47+00:00\" \/>\n<meta property=\"og:image\" content=\"https:\/\/www.intersport-wagrain.at\/wp-content\/uploads\/Skifahrer1_500.jpg\" \/>\n\t<meta property=\"og:image:width\" content=\"500\" \/>\n\t<meta property=\"og:image:height\" content=\"333\" \/>\n\t<meta property=\"og:image:type\" content=\"image\/jpeg\" \/>\n<meta name=\"twitter:card\" content=\"summary_large_image\" \/>\n<meta name=\"twitter:label1\" content=\"Estimeret l\u00e6setid\" \/>\n\t<meta name=\"twitter:data1\" content=\"1 minut\" \/>\n<script type=\"application\/ld+json\" class=\"yoast-schema-graph\">{\"@context\":\"https:\/\/schema.org\",\"@graph\":[{\"@type\":\"WebPage\",\"@id\":\"https:\/\/www.intersport-wagrain.at\/da\/online-reservationer\/\",\"url\":\"https:\/\/www.intersport-wagrain.at\/da\/online-reservationer\/\",\"name\":\"Online reservationer - Intersport Wagrain\",\"isPartOf\":{\"@id\":\"https:\/\/www.intersport-wagrain.at\/#website\"},\"primaryImageOfPage\":{\"@id\":\"https:\/\/www.intersport-wagrain.at\/da\/online-reservationer\/#primaryimage\"},\"image\":{\"@id\":\"https:\/\/www.intersport-wagrain.at\/da\/online-reservationer\/#primaryimage\"},\"thumbnailUrl\":\"https:\/\/www.intersport-wagrain.at\/wp-content\/uploads\/Skifahrer1_500.jpg\",\"datePublished\":\"2016-01-22T09:01:03+00:00\",\"dateModified\":\"2018-07-16T07:26:47+00:00\",\"breadcrumb\":{\"@id\":\"https:\/\/www.intersport-wagrain.at\/da\/online-reservationer\/#breadcrumb\"},\"inLanguage\":\"da-DK\",\"potentialAction\":[{\"@type\":\"ReadAction\",\"target\":[\"https:\/\/www.intersport-wagrain.at\/da\/online-reservationer\/\"]}]},{\"@type\":\"ImageObject\",\"inLanguage\":\"da-DK\",\"@id\":\"https:\/\/www.intersport-wagrain.at\/da\/online-reservationer\/#primaryimage\",\"url\":\"https:\/\/www.intersport-wagrain.at\/wp-content\/uploads\/Skifahrer1_500.jpg\",\"contentUrl\":\"https:\/\/www.intersport-wagrain.at\/wp-content\/uploads\/Skifahrer1_500.jpg\",\"width\":500,\"height\":333},{\"@type\":\"BreadcrumbList\",\"@id\":\"https:\/\/www.intersport-wagrain.at\/da\/online-reservationer\/#breadcrumb\",\"itemListElement\":[{\"@type\":\"ListItem\",\"position\":1,\"name\":\"Startseite\",\"item\":\"https:\/\/www.intersport-wagrain.at\/da\/\"},{\"@type\":\"ListItem\",\"position\":2,\"name\":\"Online reservationer\"}]},{\"@type\":\"WebSite\",\"@id\":\"https:\/\/www.intersport-wagrain.at\/#website\",\"url\":\"https:\/\/www.intersport-wagrain.at\/\",\"name\":\"Intersport Wagrain\",\"description\":\"Skiverleih, Ski Service - Sportshop in Wagrain\",\"potentialAction\":[{\"@type\":\"SearchAction\",\"target\":{\"@type\":\"EntryPoint\",\"urlTemplate\":\"https:\/\/www.intersport-wagrain.at\/?s={search_term_string}\"},\"query-input\":{\"@type\":\"PropertyValueSpecification\",\"valueRequired\":true,\"valueName\":\"search_term_string\"}}],\"inLanguage\":\"da-DK\"}]}<\/script>\n<!-- \/ Yoast SEO plugin. -->","yoast_head_json":{"title":"Online reservationer - Intersport Wagrain","robots":{"index":"index","follow":"follow","max-snippet":"max-snippet:-1","max-image-preview":"max-image-preview:large","max-video-preview":"max-video-preview:-1"},"canonical":"https:\/\/www.intersport-wagrain.at\/da\/online-reservationer\/","og_locale":"da_DK","og_type":"article","og_title":"Online reservationer - Intersport Wagrain","og_description":"[vc_row][vc_column][vc_column_text] Online Reservationen (10% Early Bird\u00a0Rabat) [\/vc_column_text][vc_column_text] EARLY BIRD RABAT: 10 % rabat til kunder, der bestiller deres udstyr inden 3 dage f\u00f8r ankomsten og betaling med MASTERCARD, VISA, AMEX eller Sofort\u00fcberweisung (KLARNA). Hvis du er blevet forhindret i at komme p\u00e5 ferie, er der intet afbestillingsgebyr! En kort besked til os er nok. [\/vc_column_text][\/vc_column][\/vc_row][vc_row][vc_column][vc_btn &hellip;","og_url":"https:\/\/www.intersport-wagrain.at\/da\/online-reservationer\/","og_site_name":"Intersport Wagrain","article_modified_time":"2018-07-16T07:26:47+00:00","og_image":[{"width":500,"height":333,"url":"https:\/\/www.intersport-wagrain.at\/wp-content\/uploads\/Skifahrer1_500.jpg","type":"image\/jpeg"}],"twitter_card":"summary_large_image","twitter_misc":{"Estimeret l\u00e6setid":"1 minut"},"schema":{"@context":"https:\/\/schema.org","@graph":[{"@type":"WebPage","@id":"https:\/\/www.intersport-wagrain.at\/da\/online-reservationer\/","url":"https:\/\/www.intersport-wagrain.at\/da\/online-reservationer\/","name":"Online reservationer - Intersport Wagrain","isPartOf":{"@id":"https:\/\/www.intersport-wagrain.at\/#website"},"primaryImageOfPage":{"@id":"https:\/\/www.intersport-wagrain.at\/da\/online-reservationer\/#primaryimage"},"image":{"@id":"https:\/\/www.intersport-wagrain.at\/da\/online-reservationer\/#primaryimage"},"thumbnailUrl":"https:\/\/www.intersport-wagrain.at\/wp-content\/uploads\/Skifahrer1_500.jpg","datePublished":"2016-01-22T09:01:03+00:00","dateModified":"2018-07-16T07:26:47+00:00","breadcrumb":{"@id":"https:\/\/www.intersport-wagrain.at\/da\/online-reservationer\/#breadcrumb"},"inLanguage":"da-DK","potentialAction":[{"@type":"ReadAction","target":["https:\/\/www.intersport-wagrain.at\/da\/online-reservationer\/"]}]},{"@type":"ImageObject","inLanguage":"da-DK","@id":"https:\/\/www.intersport-wagrain.at\/da\/online-reservationer\/#primaryimage","url":"https:\/\/www.intersport-wagrain.at\/wp-content\/uploads\/Skifahrer1_500.jpg","contentUrl":"https:\/\/www.intersport-wagrain.at\/wp-content\/uploads\/Skifahrer1_500.jpg","width":500,"height":333},{"@type":"BreadcrumbList","@id":"https:\/\/www.intersport-wagrain.at\/da\/online-reservationer\/#breadcrumb","itemListElement":[{"@type":"ListItem","position":1,"name":"Startseite","item":"https:\/\/www.intersport-wagrain.at\/da\/"},{"@type":"ListItem","position":2,"name":"Online reservationer"}]},{"@type":"WebSite","@id":"https:\/\/www.intersport-wagrain.at\/#website","url":"https:\/\/www.intersport-wagrain.at\/","name":"Intersport Wagrain","description":"Skiverleih, Ski Service - Sportshop in Wagrain","potentialAction":[{"@type":"SearchAction","target":{"@type":"EntryPoint","urlTemplate":"https:\/\/www.intersport-wagrain.at\/?s={search_term_string}"},"query-input":{"@type":"PropertyValueSpecification","valueRequired":true,"valueName":"search_term_string"}}],"inLanguage":"da-DK"}]}},"_links":{"self":[{"href":"https:\/\/www.intersport-wagrain.at\/da\/wp-json\/wp\/v2\/pages\/475","targetHints":{"allow":["GET"]}}],"collection":[{"href":"https:\/\/www.intersport-wagrain.at\/da\/wp-json\/wp\/v2\/pages"}],"about":[{"href":"https:\/\/www.intersport-wagrain.at\/da\/wp-json\/wp\/v2\/types\/page"}],"author":[{"embeddable":true,"href":"https:\/\/www.intersport-wagrain.at\/da\/wp-json\/wp\/v2\/users\/2"}],"replies":[{"embeddable":true,"href":"https:\/\/www.intersport-wagrain.at\/da\/wp-json\/wp\/v2\/comments?post=475"}],"version-history":[{"count":4,"href":"https:\/\/www.intersport-wagrain.at\/da\/wp-json\/wp\/v2\/pages\/475\/revisions"}],"predecessor-version":[{"id":1987,"href":"https:\/\/www.intersport-wagrain.at\/da\/wp-json\/wp\/v2\/pages\/475\/revisions\/1987"}],"wp:featuredmedia":[{"embeddable":true,"href":"https:\/\/www.intersport-wagrain.at\/da\/wp-json\/wp\/v2\/media\/533"}],"wp:attachment":[{"href":"https:\/\/www.intersport-wagrain.at\/da\/wp-json\/wp\/v2\/media?parent=475"}],"curies":[{"name":"wp","href":"https:\/\/api.w.org\/{rel}","templated":true}]}}