{"id":463,"date":"2015-10-27T10:46:49","date_gmt":"2015-10-27T10:46:49","guid":{"rendered":"http:\/\/intersport-wagrain.at.w013c6ca.kasserver.com\/da\/sample-page\/"},"modified":"2022-11-28T12:48:12","modified_gmt":"2022-11-28T11:48:12","slug":"sample-page","status":"publish","type":"page","link":"https:\/\/www.intersport-wagrain.at\/da\/","title":{"rendered":"Home"},"content":{"rendered":"<div class=\"wpb-content-wrapper\"><p>[vc_row full_width=&#8221;stretch_row&#8221; bg_type=&#8221;bg_color&#8221; bg_override=&#8221;full&#8221; el_class=&#8221;hintergrund&#8221; bg_color_value=&#8221;#eeeff3&#8243;][vc_column][vc_column_text]<\/p>\n<h1>Skiudlejning, Ski Service &#8211; Sport Shop i Wagrain Intersport &#8211; direkte ved dalstationen af &#8220;Rote 8er&#8221;<\/h1>\n<p>[\/vc_column_text][vc_basic_grid post_type=&#8221;ids&#8221; style=&#8221;pagination&#8221; items_per_page=&#8221;3&#8243; item=&#8221;1297&#8243; grid_id=&#8221;vc_gid:1669636028303-205db644-1e7d-8&#8243; include=&#8221;475, 998, 1012&#8243;][\/vc_column][\/vc_row][vc_row][vc_column][vc_column_text]<\/p>\n<h3>Din sportsbutik med den bedste beliggenhed i Wagrain<\/h3>\n<p>[\/vc_column_text][\/vc_column][\/vc_row][vc_row][vc_column width=&#8221;1\/2&#8243;][vc_column_text]Intersport Wagrain har en perfekt beliggenhed direkte i \u201dRote 8er\u201d-liftstationen i Wagrain i det store skiomr\u00e5de Ski Amad\u00e9. Vores sportsbutik byder p\u00e5 en samlet pakke til en vellykket skidag midt i skiomr\u00e5det Salzburger Sportwelt med skiudlejning, skiservice, internetcaf\u00e9 med gratis WiFi samt et minimarked. Book det \u00f8nskede skiudstyr online med 10 % rabat eller v\u00e6lg dine top-ski i butikken.[\/vc_column_text][\/vc_column][vc_column width=&#8221;1\/2&#8243;][vc_column_text]Vores pris-ydelses-forhold er helt i top ved k\u00f8b eller leje af de nyeste ski og snowboards, kvalitets skist\u00f8vler og fun-udstyr. Vi tilbyder kompetent r\u00e5dgivning og et omfangsrigt sortiment af tour- og langrendsski, snowbikes, moderne ski- og solbriller, hjelme, t\u00f8j, accessoires og souvenirer.[\/vc_column_text][\/vc_column][\/vc_row][vc_row][vc_column][vc_column_text]<\/p>\n<h2>Fordele ved skiudlejning, Test &amp; Buy, tilpasning af skist\u00f8vler<\/h2>\n<p>[\/vc_column_text][\/vc_column][\/vc_row][vc_row][vc_column width=&#8221;1\/2&#8243;][vc_column_text]Der er mange fordele ved at leje skiudstyr. Du k\u00f8rer altid med de nyeste og mest vedligeholdte modeller, du kan f\u00e5 opbevaret dit lejede udstyr og de lejede st\u00f8vler t\u00f8rres og desinficeres hygiejnisk hver dag. Du kan altid udskifte skiene til en anden model i samme prisklasse hos os uden omkostninger. B\u00f8rn lejer gratis og der er specielle ungdomspriser.[\/vc_column_text][\/vc_column][vc_column width=&#8221;1\/2&#8243;][vc_column_text]Hos Intersport-Rent Wagrain tilbyder vi en s\u00e6rlig service &#8211; test inden k\u00f8b! Vi fratr\u00e6kker udlejningsprisen op til 2 dage fra nyprisen. Pr\u00f8v vores skist\u00f8vle-fitting, der er direkte tilpasset dig. Det forebygger tryksteder, br\u00e6ndende fornemmelse i fods\u00e5ler samt kolde f\u00f8dder i skist\u00f8vlerne.[\/vc_column_text][\/vc_column][\/vc_row]<\/p>\n<\/div>","protected":false},"excerpt":{"rendered":"<p>[vc_row full_width=&#8221;stretch_row&#8221; bg_type=&#8221;bg_color&#8221; bg_override=&#8221;full&#8221; el_class=&#8221;hintergrund&#8221; bg_color_value=&#8221;#eeeff3&#8243;][vc_column][vc_column_text] Skiudlejning, Ski Service &#8211; Sport Shop i Wagrain Intersport &#8211; direkte ved dalstationen af &#8220;Rote 8er&#8221; [\/vc_column_text][vc_basic_grid post_type=&#8221;ids&#8221; style=&#8221;pagination&#8221; items_per_page=&#8221;3&#8243; item=&#8221;1297&#8243; grid_id=&#8221;vc_gid:1669636028303-205db644-1e7d-8&#8243; include=&#8221;475, 998, 1012&#8243;][\/vc_column][\/vc_row][vc_row][vc_column][vc_column_text] Din sportsbutik med den bedste beliggenhed i Wagrain [\/vc_column_text][\/vc_column][\/vc_row][vc_row][vc_column width=&#8221;1\/2&#8243;][vc_column_text]Intersport Wagrain har en perfekt beliggenhed direkte i \u201dRote 8er\u201d-liftstationen i Wagrain i det store &hellip;<\/p>\n\n<p><a class=\"readmore btn btn-default btn-default btn-block\" href=\"https:\/\/www.intersport-wagrain.at\/da\/\">Read More<\/a><\/p>","protected":false},"author":1,"featured_media":0,"parent":0,"menu_order":7,"comment_status":"closed","ping_status":"closed","template":"page-startseite.php","meta":{"footnotes":""},"class_list":["post-463","page","type-page","status-publish","hentry"],"yoast_head":"<!-- This site is optimized with the Yoast SEO plugin v26.5 - https:\/\/yoast.com\/wordpress\/plugins\/seo\/ -->\n<title>Home - Intersport Wagrain<\/title>\n<meta name=\"robots\" content=\"index, follow, max-snippet:-1, max-image-preview:large, max-video-preview:-1\" \/>\n<link rel=\"canonical\" href=\"https:\/\/www.intersport-wagrain.at\/da\/\" \/>\n<meta property=\"og:locale\" content=\"da_DK\" \/>\n<meta property=\"og:type\" content=\"article\" \/>\n<meta property=\"og:title\" content=\"Home - Intersport Wagrain\" \/>\n<meta property=\"og:description\" content=\"[vc_row full_width=&#8221;stretch_row&#8221; bg_type=&#8221;bg_color&#8221; bg_override=&#8221;full&#8221; el_class=&#8221;hintergrund&#8221; bg_color_value=&#8221;#eeeff3&#8243;][vc_column][vc_column_text] Skiudlejning, Ski Service &#8211; Sport Shop i Wagrain Intersport &#8211; direkte ved dalstationen af &#8220;Rote 8er&#8221; [\/vc_column_text][vc_basic_grid post_type=&#8221;ids&#8221; style=&#8221;pagination&#8221; items_per_page=&#8221;3&#8243; item=&#8221;1297&#8243; grid_id=&#8221;vc_gid:1669636028303-205db644-1e7d-8&#8243; include=&#8221;475, 998, 1012&#8243;][\/vc_column][\/vc_row][vc_row][vc_column][vc_column_text] Din sportsbutik med den bedste beliggenhed i Wagrain [\/vc_column_text][\/vc_column][\/vc_row][vc_row][vc_column width=&#8221;1\/2&#8243;][vc_column_text]Intersport Wagrain har en perfekt beliggenhed direkte i \u201dRote 8er\u201d-liftstationen i Wagrain i det store &hellip;\" \/>\n<meta property=\"og:url\" content=\"https:\/\/www.intersport-wagrain.at\/da\/\" \/>\n<meta property=\"og:site_name\" content=\"Intersport Wagrain\" \/>\n<meta property=\"article:modified_time\" content=\"2022-11-28T11:48:12+00:00\" \/>\n<meta name=\"twitter:card\" content=\"summary_large_image\" \/>\n<meta name=\"twitter:label1\" content=\"Estimeret l\u00e6setid\" \/>\n\t<meta name=\"twitter:data1\" content=\"2 minutter\" \/>\n<script type=\"application\/ld+json\" class=\"yoast-schema-graph\">{\"@context\":\"https:\/\/schema.org\",\"@graph\":[{\"@type\":\"WebPage\",\"@id\":\"https:\/\/www.intersport-wagrain.at\/da\/\",\"url\":\"https:\/\/www.intersport-wagrain.at\/da\/\",\"name\":\"Home - Intersport Wagrain\",\"isPartOf\":{\"@id\":\"https:\/\/www.intersport-wagrain.at\/#website\"},\"datePublished\":\"2015-10-27T10:46:49+00:00\",\"dateModified\":\"2022-11-28T11:48:12+00:00\",\"breadcrumb\":{\"@id\":\"https:\/\/www.intersport-wagrain.at\/da\/#breadcrumb\"},\"inLanguage\":\"da-DK\",\"potentialAction\":[{\"@type\":\"ReadAction\",\"target\":[\"https:\/\/www.intersport-wagrain.at\/da\/\"]}]},{\"@type\":\"BreadcrumbList\",\"@id\":\"https:\/\/www.intersport-wagrain.at\/da\/#breadcrumb\",\"itemListElement\":[{\"@type\":\"ListItem\",\"position\":1,\"name\":\"Startseite\",\"item\":\"https:\/\/www.intersport-wagrain.at\/da\/\"},{\"@type\":\"ListItem\",\"position\":2,\"name\":\"Home\"}]},{\"@type\":\"WebSite\",\"@id\":\"https:\/\/www.intersport-wagrain.at\/#website\",\"url\":\"https:\/\/www.intersport-wagrain.at\/\",\"name\":\"Intersport Wagrain\",\"description\":\"Skiverleih, Ski Service - Sportshop in Wagrain\",\"potentialAction\":[{\"@type\":\"SearchAction\",\"target\":{\"@type\":\"EntryPoint\",\"urlTemplate\":\"https:\/\/www.intersport-wagrain.at\/?s={search_term_string}\"},\"query-input\":{\"@type\":\"PropertyValueSpecification\",\"valueRequired\":true,\"valueName\":\"search_term_string\"}}],\"inLanguage\":\"da-DK\"}]}<\/script>\n<!-- \/ Yoast SEO plugin. -->","yoast_head_json":{"title":"Home - Intersport Wagrain","robots":{"index":"index","follow":"follow","max-snippet":"max-snippet:-1","max-image-preview":"max-image-preview:large","max-video-preview":"max-video-preview:-1"},"canonical":"https:\/\/www.intersport-wagrain.at\/da\/","og_locale":"da_DK","og_type":"article","og_title":"Home - Intersport Wagrain","og_description":"[vc_row full_width=&#8221;stretch_row&#8221; bg_type=&#8221;bg_color&#8221; bg_override=&#8221;full&#8221; el_class=&#8221;hintergrund&#8221; bg_color_value=&#8221;#eeeff3&#8243;][vc_column][vc_column_text] Skiudlejning, Ski Service &#8211; Sport Shop i Wagrain Intersport &#8211; direkte ved dalstationen af &#8220;Rote 8er&#8221; [\/vc_column_text][vc_basic_grid post_type=&#8221;ids&#8221; style=&#8221;pagination&#8221; items_per_page=&#8221;3&#8243; item=&#8221;1297&#8243; grid_id=&#8221;vc_gid:1669636028303-205db644-1e7d-8&#8243; include=&#8221;475, 998, 1012&#8243;][\/vc_column][\/vc_row][vc_row][vc_column][vc_column_text] Din sportsbutik med den bedste beliggenhed i Wagrain [\/vc_column_text][\/vc_column][\/vc_row][vc_row][vc_column width=&#8221;1\/2&#8243;][vc_column_text]Intersport Wagrain har en perfekt beliggenhed direkte i \u201dRote 8er\u201d-liftstationen i Wagrain i det store &hellip;","og_url":"https:\/\/www.intersport-wagrain.at\/da\/","og_site_name":"Intersport Wagrain","article_modified_time":"2022-11-28T11:48:12+00:00","twitter_card":"summary_large_image","twitter_misc":{"Estimeret l\u00e6setid":"2 minutter"},"schema":{"@context":"https:\/\/schema.org","@graph":[{"@type":"WebPage","@id":"https:\/\/www.intersport-wagrain.at\/da\/","url":"https:\/\/www.intersport-wagrain.at\/da\/","name":"Home - Intersport Wagrain","isPartOf":{"@id":"https:\/\/www.intersport-wagrain.at\/#website"},"datePublished":"2015-10-27T10:46:49+00:00","dateModified":"2022-11-28T11:48:12+00:00","breadcrumb":{"@id":"https:\/\/www.intersport-wagrain.at\/da\/#breadcrumb"},"inLanguage":"da-DK","potentialAction":[{"@type":"ReadAction","target":["https:\/\/www.intersport-wagrain.at\/da\/"]}]},{"@type":"BreadcrumbList","@id":"https:\/\/www.intersport-wagrain.at\/da\/#breadcrumb","itemListElement":[{"@type":"ListItem","position":1,"name":"Startseite","item":"https:\/\/www.intersport-wagrain.at\/da\/"},{"@type":"ListItem","position":2,"name":"Home"}]},{"@type":"WebSite","@id":"https:\/\/www.intersport-wagrain.at\/#website","url":"https:\/\/www.intersport-wagrain.at\/","name":"Intersport Wagrain","description":"Skiverleih, Ski Service - Sportshop in Wagrain","potentialAction":[{"@type":"SearchAction","target":{"@type":"EntryPoint","urlTemplate":"https:\/\/www.intersport-wagrain.at\/?s={search_term_string}"},"query-input":{"@type":"PropertyValueSpecification","valueRequired":true,"valueName":"search_term_string"}}],"inLanguage":"da-DK"}]}},"_links":{"self":[{"href":"https:\/\/www.intersport-wagrain.at\/da\/wp-json\/wp\/v2\/pages\/463","targetHints":{"allow":["GET"]}}],"collection":[{"href":"https:\/\/www.intersport-wagrain.at\/da\/wp-json\/wp\/v2\/pages"}],"about":[{"href":"https:\/\/www.intersport-wagrain.at\/da\/wp-json\/wp\/v2\/types\/page"}],"author":[{"embeddable":true,"href":"https:\/\/www.intersport-wagrain.at\/da\/wp-json\/wp\/v2\/users\/1"}],"replies":[{"embeddable":true,"href":"https:\/\/www.intersport-wagrain.at\/da\/wp-json\/wp\/v2\/comments?post=463"}],"version-history":[{"count":3,"href":"https:\/\/www.intersport-wagrain.at\/da\/wp-json\/wp\/v2\/pages\/463\/revisions"}],"predecessor-version":[{"id":3175,"href":"https:\/\/www.intersport-wagrain.at\/da\/wp-json\/wp\/v2\/pages\/463\/revisions\/3175"}],"wp:attachment":[{"href":"https:\/\/www.intersport-wagrain.at\/da\/wp-json\/wp\/v2\/media?parent=463"}],"curies":[{"name":"wp","href":"https:\/\/api.w.org\/{rel}","templated":true}]}}