{"id":1581,"date":"2016-11-09T13:50:24","date_gmt":"2016-11-09T12:50:24","guid":{"rendered":"http:\/\/www.intersport-wagrain.at\/da\/?page_id=1581"},"modified":"2016-11-10T14:58:01","modified_gmt":"2016-11-10T13:58:01","slug":"ski-og-snowboardservice","status":"publish","type":"page","link":"https:\/\/www.intersport-wagrain.at\/da\/skiudlejning-wagrain\/ski-og-snowboardservice\/","title":{"rendered":"Ski &#8211; og Snowboardservice"},"content":{"rendered":"<div class=\"wpb-content-wrapper\"><p>[vc_row][vc_column][vc_column_text]<\/p>\n<h1>Ski &#8211; og Snowboardservice<\/h1>\n<p>[\/vc_column_text][vc_column_text]<\/p>\n<h2>Nyeste servicemaskiner<\/h2>\n<p>Med de nyeste servicemaskiner og et professionelt personale kan vi opfylde alle kundens \u00f8nsker.<br \/>\nSki- und snowboardservice udf\u00f8res hele dagen.[\/vc_column_text][\/vc_column][\/vc_row][vc_row full_width=&#8221;stretch_row&#8221; bg_type=&#8221;bg_color&#8221; el_class=&#8221;hintergrund&#8221; bg_color_value=&#8221;#eeeff3&#8243;][vc_column width=&#8221;1\/3&#8243;][vc_single_image image=&#8221;725&#8243; img_size=&#8221;small&#8221; alignment=&#8221;center&#8221; style=&#8221;vc_box_shadow_border&#8221;][\/vc_column][vc_column width=&#8221;1\/3&#8243;][vc_column_text]<\/p>\n<h5>2 timers gratis test:<\/h5>\n<p>Pr\u00f8v vores TOP-carvers eller snowboards i 2 timer gratis, mens dine ski eller dit snowboard er til service.<\/p>\n<p><em>Dette tilbud g\u00e6lder for det store ski- eller snowboardservice<\/em>[\/vc_column_text][\/vc_column][vc_column width=&#8221;1\/3&#8243;][vc_single_image image=&#8221;1624&#8243; img_size=&#8221;small&#8221; alignment=&#8221;center&#8221; style=&#8221;vc_box_shadow_border&#8221;][\/vc_column][\/vc_row][vc_row full_width=&#8221;stretch_row&#8221; bg_type=&#8221;bg_color&#8221; el_class=&#8221;hintergrund&#8221; bg_color_value=&#8221;#eeeff3&#8243;][vc_column width=&#8221;2\/3&#8243;]<div class=\"ult_pricing_table_wrap ult_info_table ult_design_2  ult-cs-gray \">\n\t\t\t\t\t<div class=\"ult_pricing_table \" style=\" \"><div id=\"Info-table-wrap-9195\" class=\"ult_pricing_heading\" style=\"\">\n\t\t\t\t\t\t\t<h3 class=\"ult-responsive\"  data-ultimate-target='#Info-table-wrap-9195 h3'  data-responsive-json-new='{\"font-size\":\"\",\"line-height\":\"\"}'  style=\"font-weight:normal;\">Servicetips<\/h3><\/div><!--ult_pricing_heading--><div id=\"info_table_features_wrap-8895\"  data-ultimate-target='#info_table_features_wrap-8895.ult_price_features'  data-responsive-json-new='{\"font-size\":\"\",\"line-height\":\"\"}'  class=\"ult-responsive ult_price_features\" style=\"font-weight:normal;\">\n\t\t\t\t\t\t\t<ul>\n<li>Regelm\u00e6ssig tuning og l\u00f8bende vedligeholdelse, som du selv kan foretage, holder dine ski\/dit board i top stand!<\/li>\n<li>Reng\u00f8r og t\u00f8r bel\u00e6gning og kanter efter hver skidag<\/li>\n<li>Anvend ofte varm skivoks for at beskytte bel\u00e6gningen<\/li>\n<li>Reparer eventuelle skader med det samme<\/li>\n<li>Opbevar dine ski\/dit board p\u00e5 et koldt, t\u00f8rt sted<\/li>\n<li>En tuning og et tykt lag voks i slutningen af s\u00e6sonen holder dit ski-\/snowboardudstyr i god stand indtil n\u00e6ste skis\u00e6son<\/li>\n<\/ul>\n\n\t\t\t\t\t\t<\/div><!--ult_price_features--><div class=\"ult_clr\"><\/div>\n\t\t\t<\/div><!--pricing_table-->\n\t\t<\/div><!--pricing_table_wrap-->[\/vc_column][vc_column width=&#8221;1\/3&#8243;][vc_single_image image=&#8221;1244&#8243; img_size=&#8221;small&#8221; alignment=&#8221;center&#8221; style=&#8221;vc_box_shadow_border&#8221;][\/vc_column][\/vc_row]<\/p>\n<\/div>","protected":false},"excerpt":{"rendered":"<p>[vc_row][vc_column][vc_column_text] Ski &#8211; og Snowboardservice [\/vc_column_text][vc_column_text] Nyeste servicemaskiner Med de nyeste servicemaskiner og et professionelt personale kan vi opfylde alle kundens \u00f8nsker. Ski- und snowboardservice udf\u00f8res hele dagen.[\/vc_column_text][\/vc_column][\/vc_row][vc_row full_width=&#8221;stretch_row&#8221; bg_type=&#8221;bg_color&#8221; el_class=&#8221;hintergrund&#8221; bg_color_value=&#8221;#eeeff3&#8243;][vc_column width=&#8221;1\/3&#8243;][vc_single_image image=&#8221;725&#8243; img_size=&#8221;small&#8221; alignment=&#8221;center&#8221; style=&#8221;vc_box_shadow_border&#8221;][\/vc_column][vc_column width=&#8221;1\/3&#8243;][vc_column_text] 2 timers gratis test: Pr\u00f8v vores TOP-carvers eller snowboards i 2 timer gratis, mens dine ski eller &hellip;<\/p>\n\n<p><a class=\"readmore btn btn-default btn-default btn-block\" href=\"https:\/\/www.intersport-wagrain.at\/da\/skiudlejning-wagrain\/ski-og-snowboardservice\/\">Read More<\/a><\/p>","protected":false},"author":2,"featured_media":0,"parent":1009,"menu_order":17,"comment_status":"closed","ping_status":"closed","template":"","meta":{"footnotes":""},"class_list":["post-1581","page","type-page","status-publish","hentry"],"yoast_head":"<!-- This site is optimized with the Yoast SEO plugin v26.5 - https:\/\/yoast.com\/wordpress\/plugins\/seo\/ -->\n<title>Ski - og Snowboardservice - Intersport Wagrain<\/title>\n<meta name=\"robots\" content=\"index, follow, max-snippet:-1, max-image-preview:large, max-video-preview:-1\" \/>\n<link rel=\"canonical\" href=\"https:\/\/www.intersport-wagrain.at\/da\/skiudlejning-wagrain\/ski-og-snowboardservice\/\" \/>\n<meta property=\"og:locale\" content=\"da_DK\" \/>\n<meta property=\"og:type\" content=\"article\" \/>\n<meta property=\"og:title\" content=\"Ski - og Snowboardservice - Intersport Wagrain\" \/>\n<meta property=\"og:description\" content=\"[vc_row][vc_column][vc_column_text] Ski &#8211; og Snowboardservice [\/vc_column_text][vc_column_text] Nyeste servicemaskiner Med de nyeste servicemaskiner og et professionelt personale kan vi opfylde alle kundens \u00f8nsker. Ski- und snowboardservice udf\u00f8res hele dagen.[\/vc_column_text][\/vc_column][\/vc_row][vc_row full_width=&#8221;stretch_row&#8221; bg_type=&#8221;bg_color&#8221; el_class=&#8221;hintergrund&#8221; bg_color_value=&#8221;#eeeff3&#8243;][vc_column width=&#8221;1\/3&#8243;][vc_single_image image=&#8221;725&#8243; img_size=&#8221;small&#8221; alignment=&#8221;center&#8221; style=&#8221;vc_box_shadow_border&#8221;][\/vc_column][vc_column width=&#8221;1\/3&#8243;][vc_column_text] 2 timers gratis test: Pr\u00f8v vores TOP-carvers eller snowboards i 2 timer gratis, mens dine ski eller &hellip;\" \/>\n<meta property=\"og:url\" content=\"https:\/\/www.intersport-wagrain.at\/da\/skiudlejning-wagrain\/ski-og-snowboardservice\/\" \/>\n<meta property=\"og:site_name\" content=\"Intersport Wagrain\" \/>\n<meta property=\"article:modified_time\" content=\"2016-11-10T13:58:01+00:00\" \/>\n<meta name=\"twitter:card\" content=\"summary_large_image\" \/>\n<meta name=\"twitter:label1\" content=\"Estimeret l\u00e6setid\" \/>\n\t<meta name=\"twitter:data1\" content=\"1 minut\" \/>\n<script type=\"application\/ld+json\" class=\"yoast-schema-graph\">{\"@context\":\"https:\/\/schema.org\",\"@graph\":[{\"@type\":\"WebPage\",\"@id\":\"https:\/\/www.intersport-wagrain.at\/da\/skiudlejning-wagrain\/ski-og-snowboardservice\/\",\"url\":\"https:\/\/www.intersport-wagrain.at\/da\/skiudlejning-wagrain\/ski-og-snowboardservice\/\",\"name\":\"Ski - og Snowboardservice - Intersport Wagrain\",\"isPartOf\":{\"@id\":\"https:\/\/www.intersport-wagrain.at\/#website\"},\"datePublished\":\"2016-11-09T12:50:24+00:00\",\"dateModified\":\"2016-11-10T13:58:01+00:00\",\"breadcrumb\":{\"@id\":\"https:\/\/www.intersport-wagrain.at\/da\/skiudlejning-wagrain\/ski-og-snowboardservice\/#breadcrumb\"},\"inLanguage\":\"da-DK\",\"potentialAction\":[{\"@type\":\"ReadAction\",\"target\":[\"https:\/\/www.intersport-wagrain.at\/da\/skiudlejning-wagrain\/ski-og-snowboardservice\/\"]}]},{\"@type\":\"BreadcrumbList\",\"@id\":\"https:\/\/www.intersport-wagrain.at\/da\/skiudlejning-wagrain\/ski-og-snowboardservice\/#breadcrumb\",\"itemListElement\":[{\"@type\":\"ListItem\",\"position\":1,\"name\":\"Startseite\",\"item\":\"https:\/\/www.intersport-wagrain.at\/da\/\"},{\"@type\":\"ListItem\",\"position\":2,\"name\":\"Skiudlejning\",\"item\":\"https:\/\/www.intersport-wagrain.at\/da\/skiudlejning-wagrain\/\"},{\"@type\":\"ListItem\",\"position\":3,\"name\":\"Ski &#8211; og Snowboardservice\"}]},{\"@type\":\"WebSite\",\"@id\":\"https:\/\/www.intersport-wagrain.at\/#website\",\"url\":\"https:\/\/www.intersport-wagrain.at\/\",\"name\":\"Intersport Wagrain\",\"description\":\"Skiverleih, Ski Service - Sportshop in Wagrain\",\"potentialAction\":[{\"@type\":\"SearchAction\",\"target\":{\"@type\":\"EntryPoint\",\"urlTemplate\":\"https:\/\/www.intersport-wagrain.at\/?s={search_term_string}\"},\"query-input\":{\"@type\":\"PropertyValueSpecification\",\"valueRequired\":true,\"valueName\":\"search_term_string\"}}],\"inLanguage\":\"da-DK\"}]}<\/script>\n<!-- \/ Yoast SEO plugin. -->","yoast_head_json":{"title":"Ski - og Snowboardservice - Intersport Wagrain","robots":{"index":"index","follow":"follow","max-snippet":"max-snippet:-1","max-image-preview":"max-image-preview:large","max-video-preview":"max-video-preview:-1"},"canonical":"https:\/\/www.intersport-wagrain.at\/da\/skiudlejning-wagrain\/ski-og-snowboardservice\/","og_locale":"da_DK","og_type":"article","og_title":"Ski - og Snowboardservice - Intersport Wagrain","og_description":"[vc_row][vc_column][vc_column_text] Ski &#8211; og Snowboardservice [\/vc_column_text][vc_column_text] Nyeste servicemaskiner Med de nyeste servicemaskiner og et professionelt personale kan vi opfylde alle kundens \u00f8nsker. Ski- und snowboardservice udf\u00f8res hele dagen.[\/vc_column_text][\/vc_column][\/vc_row][vc_row full_width=&#8221;stretch_row&#8221; bg_type=&#8221;bg_color&#8221; el_class=&#8221;hintergrund&#8221; bg_color_value=&#8221;#eeeff3&#8243;][vc_column width=&#8221;1\/3&#8243;][vc_single_image image=&#8221;725&#8243; img_size=&#8221;small&#8221; alignment=&#8221;center&#8221; style=&#8221;vc_box_shadow_border&#8221;][\/vc_column][vc_column width=&#8221;1\/3&#8243;][vc_column_text] 2 timers gratis test: Pr\u00f8v vores TOP-carvers eller snowboards i 2 timer gratis, mens dine ski eller &hellip;","og_url":"https:\/\/www.intersport-wagrain.at\/da\/skiudlejning-wagrain\/ski-og-snowboardservice\/","og_site_name":"Intersport Wagrain","article_modified_time":"2016-11-10T13:58:01+00:00","twitter_card":"summary_large_image","twitter_misc":{"Estimeret l\u00e6setid":"1 minut"},"schema":{"@context":"https:\/\/schema.org","@graph":[{"@type":"WebPage","@id":"https:\/\/www.intersport-wagrain.at\/da\/skiudlejning-wagrain\/ski-og-snowboardservice\/","url":"https:\/\/www.intersport-wagrain.at\/da\/skiudlejning-wagrain\/ski-og-snowboardservice\/","name":"Ski - og Snowboardservice - Intersport Wagrain","isPartOf":{"@id":"https:\/\/www.intersport-wagrain.at\/#website"},"datePublished":"2016-11-09T12:50:24+00:00","dateModified":"2016-11-10T13:58:01+00:00","breadcrumb":{"@id":"https:\/\/www.intersport-wagrain.at\/da\/skiudlejning-wagrain\/ski-og-snowboardservice\/#breadcrumb"},"inLanguage":"da-DK","potentialAction":[{"@type":"ReadAction","target":["https:\/\/www.intersport-wagrain.at\/da\/skiudlejning-wagrain\/ski-og-snowboardservice\/"]}]},{"@type":"BreadcrumbList","@id":"https:\/\/www.intersport-wagrain.at\/da\/skiudlejning-wagrain\/ski-og-snowboardservice\/#breadcrumb","itemListElement":[{"@type":"ListItem","position":1,"name":"Startseite","item":"https:\/\/www.intersport-wagrain.at\/da\/"},{"@type":"ListItem","position":2,"name":"Skiudlejning","item":"https:\/\/www.intersport-wagrain.at\/da\/skiudlejning-wagrain\/"},{"@type":"ListItem","position":3,"name":"Ski &#8211; og Snowboardservice"}]},{"@type":"WebSite","@id":"https:\/\/www.intersport-wagrain.at\/#website","url":"https:\/\/www.intersport-wagrain.at\/","name":"Intersport Wagrain","description":"Skiverleih, Ski Service - Sportshop in Wagrain","potentialAction":[{"@type":"SearchAction","target":{"@type":"EntryPoint","urlTemplate":"https:\/\/www.intersport-wagrain.at\/?s={search_term_string}"},"query-input":{"@type":"PropertyValueSpecification","valueRequired":true,"valueName":"search_term_string"}}],"inLanguage":"da-DK"}]}},"_links":{"self":[{"href":"https:\/\/www.intersport-wagrain.at\/da\/wp-json\/wp\/v2\/pages\/1581","targetHints":{"allow":["GET"]}}],"collection":[{"href":"https:\/\/www.intersport-wagrain.at\/da\/wp-json\/wp\/v2\/pages"}],"about":[{"href":"https:\/\/www.intersport-wagrain.at\/da\/wp-json\/wp\/v2\/types\/page"}],"author":[{"embeddable":true,"href":"https:\/\/www.intersport-wagrain.at\/da\/wp-json\/wp\/v2\/users\/2"}],"replies":[{"embeddable":true,"href":"https:\/\/www.intersport-wagrain.at\/da\/wp-json\/wp\/v2\/comments?post=1581"}],"version-history":[{"count":7,"href":"https:\/\/www.intersport-wagrain.at\/da\/wp-json\/wp\/v2\/pages\/1581\/revisions"}],"predecessor-version":[{"id":1625,"href":"https:\/\/www.intersport-wagrain.at\/da\/wp-json\/wp\/v2\/pages\/1581\/revisions\/1625"}],"up":[{"embeddable":true,"href":"https:\/\/www.intersport-wagrain.at\/da\/wp-json\/wp\/v2\/pages\/1009"}],"wp:attachment":[{"href":"https:\/\/www.intersport-wagrain.at\/da\/wp-json\/wp\/v2\/media?parent=1581"}],"curies":[{"name":"wp","href":"https:\/\/api.w.org\/{rel}","templated":true}]}}